{"id":46,"date":"2021-06-07T11:16:15","date_gmt":"2021-06-07T09:16:15","guid":{"rendered":"http:\/\/www.behardoo.ba\/?page_id=46"},"modified":"2026-03-30T08:48:04","modified_gmt":"2026-03-30T06:48:04","slug":"kontakt","status":"publish","type":"page","link":"https:\/\/www.behardoo.ba\/index.php\/kontakt\/","title":{"rendered":"Kontakt"},"content":{"rendered":"\n<p><strong>Tel:<\/strong> <a href=\"tel:+387 61 221 470\">+387 61 221 470<\/a> <br><strong>Fax:<\/strong> <a href=\"tel:+387 33 671 523\" data-type=\"tel\" data-id=\"tel:+387 33 671 523\">+387 33 671 523<\/a><br><strong>Email:<\/strong> <a href=\"mailto:behar.doo1991@gmail.com\">behar.doo1991@gmail.com<\/a><br><strong>Adresa: <\/strong>Vi\u0161egradska 22, 71000 Sarajevo<br><a href=\"https:\/\/maps.app.goo.gl\/gYg1nyEuaW7S7Ncq8\" target=\"_blank\" rel=\"noreferrer noopener\">Google Maps<\/a><br><\/p>\n\n\n\n<p><strong>Posjetite nas na: <a href=\"http:\/\/fb.com\/behar.sarajevo\" data-type=\"URL\" data-id=\"fb.com\/behar.sarajevo\" target=\"_blank\" rel=\"noreferrer noopener\">Facebook<\/a><\/strong> i <a href=\"https:\/\/www.instagram.com\/behar.doo\/\" data-type=\"URL\" data-id=\"https:\/\/www.instagram.com\/behar.doo\/\" target=\"_blank\" rel=\"noreferrer noopener\"><strong>Instagram<\/strong><\/a><\/p>\n\n\n\n<p>BEHAR d.o.o.: Globalne inovacije sa lokalnom ekspertizom<\/p>\n\n\n\n<p>Osnovan 1991. godine, BEHAR d.o.o. predstavlja klju\u010dni subjekt u integraciji doma\u0107eg tr\u017ei\u0161ta sa proizvodima svjetske klase renomiranih proizvo\u0111a\u010da. Nastanak na\u0161e kompanije bio je vo\u0111en jedinstvenim ciljem: ponuditi neusporediv asortiman proizvoda za za\u0161titu bilja, organsku proizvodnju, kontrolu \u0161teto\u010dina i dezinfekciju. Tokom godina, pa\u017eljivo smo pro\u0161irili na\u0161 paletu proizvoda, osiguravaju\u0107i da zadovoljimo rastu\u0107e potrebe na\u0161ih klijenata.<\/p>\n\n\n\n<p>U BEHAR-u, na\u0161a snaga le\u017ei u partnerstvu sa svjetski priznatim proizvo\u0111a\u010dima, \u0161to nam omogu\u0107ava da donesemo najbolje od me\u0111unarodnih inovacija na na\u0161e lokalno tr\u017ei\u0161te. Na\u0161i cijenjeni partneri su industrijski giganti kao \u0161to su Detia Degesch GmbH, EMRO Japan, Chromos Agro d.d., Adama Ltd., BASF, Bayer, Sygenta i brojni drugi. Ova bogata mre\u017ea saradnje osigurava da smo uvijek na \u010delu tehnolo\u0161kog i proizvodnog napretka.<\/p>\n\n\n\n<p>Pored na\u0161e posve\u0107enosti snabdijevanjem proizvodima; mi dajemo prioritet na\u0161im kupcima iznad svega. U BEHAR-u, svaka interakcija s klijentom je podr\u017eana kontinuiranoj kvalitetnoj usluzi. Razumijemo da se potrebe na\u0161ih klijenata stalno mijenjaju i posve\u0107eni smo prilago\u0111avanju i rastu uporedo s tim potrebama.<\/p>\n\n\n\n<p>BEHAR d.o.o. je vi\u0161e od samo dobavlja\u010da; mi smo partner od povjerenja u razvoju, posve\u0107eni da Vam najbolje od globalnog napretka u poljoprivredi i suzbijanju \u0161teto\u010dina dovedemo na ku\u0107ni prag. Uz na\u0161u \u0161iroku paletu proizvoda i profesionalnom pristupu, mi smo Va\u0161 izvor inovativnih rje\u0161enja u za\u0161titi bilja i \u0161ire.<\/p>\n\n\n\n<p><\/p>\n","protected":false},"excerpt":{"rendered":"<p>Tel: +387 61 221 470 Fax: +387 33 671 523Email: behar.doo1991@gmail.comAdresa: Vi\u0161egradska 22, 71000 SarajevoGoogle Maps Posjetite nas na: Facebook i Instagram BEHAR d.o.o.: Globalne inovacije sa lokalnom ekspertizom Osnovan 1991. godine, BEHAR d.o.o. predstavlja klju\u010dni subjekt u integraciji doma\u0107eg tr\u017ei\u0161ta sa proizvodima svjetske klase renomiranih proizvo\u0111a\u010da. Nastanak na\u0161e kompanije bio je vo\u0111en jedinstvenim ciljem:<\/p>\n<a href=\"https:\/\/www.behardoo.ba\/index.php\/kontakt\/\" class=\"btn frontech-btn\"><span><\/span>Detalji<\/a>","protected":false},"author":1,"featured_media":468,"parent":0,"menu_order":0,"comment_status":"closed","ping_status":"closed","template":"","meta":{"footnotes":""},"class_list":["post-46","page","type-page","status-publish","has-post-thumbnail","hentry"],"jetpack_sharing_enabled":true,"_links":{"self":[{"href":"https:\/\/www.behardoo.ba\/index.php\/wp-json\/wp\/v2\/pages\/46","targetHints":{"allow":["GET"]}}],"collection":[{"href":"https:\/\/www.behardoo.ba\/index.php\/wp-json\/wp\/v2\/pages"}],"about":[{"href":"https:\/\/www.behardoo.ba\/index.php\/wp-json\/wp\/v2\/types\/page"}],"author":[{"embeddable":true,"href":"https:\/\/www.behardoo.ba\/index.php\/wp-json\/wp\/v2\/users\/1"}],"replies":[{"embeddable":true,"href":"https:\/\/www.behardoo.ba\/index.php\/wp-json\/wp\/v2\/comments?post=46"}],"version-history":[{"count":10,"href":"https:\/\/www.behardoo.ba\/index.php\/wp-json\/wp\/v2\/pages\/46\/revisions"}],"predecessor-version":[{"id":654,"href":"https:\/\/www.behardoo.ba\/index.php\/wp-json\/wp\/v2\/pages\/46\/revisions\/654"}],"wp:featuredmedia":[{"embeddable":true,"href":"https:\/\/www.behardoo.ba\/index.php\/wp-json\/wp\/v2\/media\/468"}],"wp:attachment":[{"href":"https:\/\/www.behardoo.ba\/index.php\/wp-json\/wp\/v2\/media?parent=46"}],"curies":[{"name":"wp","href":"https:\/\/api.w.org\/{rel}","templated":true}]}}