{"id":100,"date":"2021-06-10T11:39:07","date_gmt":"2021-06-10T09:39:07","guid":{"rendered":"http:\/\/www.behardoo.ba\/?post_type=product&#038;p=100"},"modified":"2025-08-25T19:03:05","modified_gmt":"2025-08-25T17:03:05","slug":"phostoxin-pellete-1kg-fostoksin","status":"publish","type":"product","link":"https:\/\/www.behardoo.ba\/index.php\/product\/phostoxin-pellete-1kg-fostoksin\/","title":{"rendered":"Phostoxin Pellete 1kg (Fostoksin)"},"content":{"rendered":"<p><span style=\"color: #ff0000;\"><strong>Phostoxin Pellete 1kg (Fostoksin)<\/strong><\/span><\/p>\n<p>Formulacija na bazi aluminijevog fosfida (AlP) se koristi za suzbijanje \u0161teto\u010dina u skladi\u0161tima, kao i za glodare i ostale nametnike na otvorenom.<\/p>\n<p>Aluminijum fosfid nastaje fuzijom aluminijuma i crvenog ili \u017eutog fosfora. U dodiru sa okolnim vazduhom i vlagom razvija se i osloba\u0111a vrlo efikasan gas.<\/p>\n<p><strong>Sredstvom smiju rukovati samo osobe koje imaju zakonom predvi\u0111enu edukaciju i iskustvo.<\/strong><\/p>\n","protected":false},"excerpt":{"rendered":"<p><span style=\"color: #ff0000;\"><strong>Phostoxin Pellete 1kg (Fostoksin)<\/strong><\/span><\/p>\n<p>Formulacija na bazi aluminijevog fosfida (AlP) se koristi za suzbijanje \u0161teto\u010dina u skladi\u0161tima, kao i za glodare i ostale nametnike na otvorenom.<\/p>\n<p>Aluminijum fosfid nastaje fuzijom aluminijuma i crvenog ili \u017eutog fosfora. U dodiru sa okolnim vazduhom i vlagom razvija se i osloba\u0111a vrlo efikasan gas.<\/p>\n<p><strong>Sredstvom smiju rukovati samo osobe koje imaju zakonom predvi\u0111enu edukaciju i iskustvo.<\/strong><\/p>\n<a href=\"https:\/\/www.behardoo.ba\/index.php\/product\/phostoxin-pellete-1kg-fostoksin\/\" class=\"btn frontech-btn\"><span><\/span>Detalji<\/a>","protected":false},"featured_media":102,"template":"","meta":[],"product_brand":[],"product_cat":[57,50,58],"product_tag":[60,59,115,116,66,67,68,61,114,113,119,118,117],"class_list":{"0":"post-100","1":"product","2":"type-product","3":"status-publish","4":"has-post-thumbnail","6":"product_cat-detia-program","7":"product_cat-insekticidi","8":"product_cat-rodenticidi","9":"product_tag-degesch","10":"product_tag-detia","11":"product_tag-fostoksin","12":"product_tag-fumigacija","13":"product_tag-mis","14":"product_tag-misevi","15":"product_tag-pacovi","16":"product_tag-parafinski","17":"product_tag-pellete","18":"product_tag-phostoxin","19":"product_tag-psenica","20":"product_tag-silos","21":"product_tag-zizak","23":"first","24":"instock","25":"shipping-taxable","26":"product-type-external"},"jetpack_sharing_enabled":true,"_links":{"self":[{"href":"https:\/\/www.behardoo.ba\/index.php\/wp-json\/wp\/v2\/product\/100","targetHints":{"allow":["GET"]}}],"collection":[{"href":"https:\/\/www.behardoo.ba\/index.php\/wp-json\/wp\/v2\/product"}],"about":[{"href":"https:\/\/www.behardoo.ba\/index.php\/wp-json\/wp\/v2\/types\/product"}],"wp:featuredmedia":[{"embeddable":true,"href":"https:\/\/www.behardoo.ba\/index.php\/wp-json\/wp\/v2\/media\/102"}],"wp:attachment":[{"href":"https:\/\/www.behardoo.ba\/index.php\/wp-json\/wp\/v2\/media?parent=100"}],"wp:term":[{"taxonomy":"product_brand","embeddable":true,"href":"https:\/\/www.behardoo.ba\/index.php\/wp-json\/wp\/v2\/product_brand?post=100"},{"taxonomy":"product_cat","embeddable":true,"href":"https:\/\/www.behardoo.ba\/index.php\/wp-json\/wp\/v2\/product_cat?post=100"},{"taxonomy":"product_tag","embeddable":true,"href":"https:\/\/www.behardoo.ba\/index.php\/wp-json\/wp\/v2\/product_tag?post=100"}],"curies":[{"name":"wp","href":"https:\/\/api.w.org\/{rel}","templated":true}]}}