{"id":103,"date":"2021-06-10T12:22:59","date_gmt":"2021-06-10T10:22:59","guid":{"rendered":"http:\/\/www.behardoo.ba\/?post_type=product&#038;p=103"},"modified":"2024-10-25T11:35:33","modified_gmt":"2024-10-25T09:35:33","slug":"kalemarski-vosak-125g-njemacki","status":"publish","type":"product","link":"https:\/\/www.behardoo.ba\/index.php\/product\/kalemarski-vosak-125g-njemacki\/","title":{"rendered":"Kalemarski Vosak 125g (Njema\u010dki)"},"content":{"rendered":"<p><span style=\"color: #339966;\"><strong>Kalemarski Vosak 125g<\/strong><\/span><\/p>\n<ul>\n<li>Na bazi pa\u017eljivo odabranih prirodnih smola<\/li>\n<li>Upotrebljava se pri kalemljenju i za premazivanje o\u0161te\u0107enja na vo\u0107kama i vinovoj lozi<\/li>\n<\/ul>\n","protected":false},"excerpt":{"rendered":"<p><span style=\"color: #339966;\"><strong>Kalemarski Vosak 125g<\/strong><\/span><\/p>\n<ul>\n<li>Na bazi pa\u017eljivo odabranih prirodnih smola<\/li>\n<li>Upotrebljava se pri kalemljenju i za premazivanje o\u0161te\u0107enja na vo\u0107kama i vinovoj lozi<\/li>\n<\/ul>\n<a href=\"https:\/\/www.behardoo.ba\/index.php\/product\/kalemarski-vosak-125g-njemacki\/\" class=\"btn frontech-btn\"><span><\/span>Detalji<\/a>","protected":false},"featured_media":104,"template":"","meta":[],"product_brand":[],"product_cat":[120],"product_tag":[124,60,59,121,72,28,54,49,123,122],"class_list":{"0":"post-103","1":"product","2":"type-product","3":"status-publish","4":"has-post-thumbnail","6":"product_cat-ostali-proizvodi","7":"product_tag-125g","8":"product_tag-degesch","9":"product_tag-detia","10":"product_tag-kalemarski","11":"product_tag-njemacki","12":"product_tag-organsko","13":"product_tag-poljoprivreda","14":"product_tag-prirodno","15":"product_tag-voce","16":"product_tag-vosak","18":"first","19":"instock","20":"shipping-taxable","21":"product-type-external"},"jetpack_sharing_enabled":true,"_links":{"self":[{"href":"https:\/\/www.behardoo.ba\/index.php\/wp-json\/wp\/v2\/product\/103","targetHints":{"allow":["GET"]}}],"collection":[{"href":"https:\/\/www.behardoo.ba\/index.php\/wp-json\/wp\/v2\/product"}],"about":[{"href":"https:\/\/www.behardoo.ba\/index.php\/wp-json\/wp\/v2\/types\/product"}],"wp:featuredmedia":[{"embeddable":true,"href":"https:\/\/www.behardoo.ba\/index.php\/wp-json\/wp\/v2\/media\/104"}],"wp:attachment":[{"href":"https:\/\/www.behardoo.ba\/index.php\/wp-json\/wp\/v2\/media?parent=103"}],"wp:term":[{"taxonomy":"product_brand","embeddable":true,"href":"https:\/\/www.behardoo.ba\/index.php\/wp-json\/wp\/v2\/product_brand?post=103"},{"taxonomy":"product_cat","embeddable":true,"href":"https:\/\/www.behardoo.ba\/index.php\/wp-json\/wp\/v2\/product_cat?post=103"},{"taxonomy":"product_tag","embeddable":true,"href":"https:\/\/www.behardoo.ba\/index.php\/wp-json\/wp\/v2\/product_tag?post=103"}],"curies":[{"name":"wp","href":"https:\/\/api.w.org\/{rel}","templated":true}]}}