{"id":105,"date":"2021-06-10T12:46:58","date_gmt":"2021-06-10T10:46:58","guid":{"rendered":"http:\/\/www.behardoo.ba\/?post_type=product&#038;p=105"},"modified":"2025-07-01T18:07:17","modified_gmt":"2025-07-01T16:07:17","slug":"agita-10-wg-100g","status":"publish","type":"product","link":"https:\/\/www.behardoo.ba\/index.php\/product\/agita-10-wg-100g\/","title":{"rendered":"Agita 10 WG 100g"},"content":{"rendered":"<p><span style=\"color: #3366ff;\"><strong>Agita 10 WG 100g<\/strong><\/span><\/p>\n<p>Agita 10 WG je sredstvo za suzbijanje muha u doma\u0107instvu, javnim objektima, industrijskim objektima i objektima na farmama. Agita 10 WG \u0107e vam kona\u010dno dati odgovor na pitanje &#8220;kako se rije\u0161iti muha&#8221; na jednostavan, prakti\u010dan i naravno bezbjedan na\u010din!<\/p>\n<p><strong>Aktivna tvar:<\/strong><\/p>\n<p>&#8211; 10,0 % tiametoksam (CAS br. 153719-23-4)<\/p>\n<p><strong>Primjena:<\/strong><\/p>\n<p>Za premazivanje: 100g preparata rastvoriti u 80ml mlake vode, ili 400g preparata rastvoriti u 320ml mlake vode. Prvo razrje\u0111enje je dovoljno za povr\u0161inu objekta od 40m<sup>2<\/sup> ili povr\u0161inu zidova\/plafona od 80-120m<sup>2<\/sup>; drugo razrje\u0111enje je dovoljno za povr\u0161inu objekta od 160m<sup>2<\/sup> ili povr\u0161inu zidova\/plafona od 320-480m<sup>2<\/sup>. Na svakih 100m<sup>2<\/sup> povr\u0161ine prema\u017ee se minimum 20 \u201espotova\u201c povr\u0161ine 10cmx30cm na mjestima gdje se muve skupljaju (topla i osun\u010dana mjesta, ramovi od prozora, okviri od vrata&#8230; itd).<\/p>\n<p>Za prskanje: 100g preparata rastvoriti sa 0,8l mlake vode, ili 400g preparata rastvoriti u 3,2l mlake vode. Prvo razrje\u0111enje je dovoljno za povr\u0161inu objekta od 20m<sup>2<\/sup> ili povr\u0161inu zidova\/plafona od 40-60m<sup>2<\/sup>; drugo razrje\u0111enje je dovoljno za povr\u0161inu objekta od 80m<sup>2<\/sup> ili povr\u0161inu zidova\/plafona od 160-240m<sup>2<\/sup>. Oko 30% povr\u0161ine treba tretirati direktno na mjestima gdje se muhe skupljaju (topla i osun\u010dana mjesta, ramovi od prozora, okviri od vrata&#8230; itd).<\/p>\n<p>Za pripremu radnog rastvora prvo napuniti posudu\/prskalicu mlakom vodom, a zatim postepeno dodavati AGITU \u00a010WG. Mje\u0161ati rastvor sve dok se ne napravi suspenzija. Ukoliko se prskanje prekine na vi\u0161e od 30 minuta, obavezno ponoviti mu\u0107kanje posude\/prskalice sa radnim rastvorom. Za najbolje rezultate preporu\u010duje se upotreba radnog rastvora odmah nakon pripreme.<\/p>\n<p>Za\u0161tita nestaje nakon 6 nedelja (42 dana) i potrebno je ponovo naneti proizvod na slede\u0107i na\u010din.<\/p>\n","protected":false},"excerpt":{"rendered":"<p><span style=\"color: #3366ff;\"><strong>Agita 10 WG 100g<\/strong><\/span><\/p>\n<p>Agita 10 WG je sredstvo za suzbijanje muha u doma\u0107instvu, javnim objektima, industrijskim objektima i objektima na farmama. Agita 10 WG \u0107e vam kona\u010dno dati odgovor na pitanje &#8220;kako se rije\u0161iti muha&#8221; na jednostavan, prakti\u010dan i naravno bezbjedan na\u010din!<\/p>\n<a href=\"https:\/\/www.behardoo.ba\/index.php\/product\/agita-10-wg-100g\/\" class=\"btn frontech-btn\"><span><\/span>Detalji<\/a>","protected":false},"featured_media":106,"template":"","meta":[],"product_brand":[],"product_cat":[351,50],"product_tag":[127,126,186,27,679,226,462,343,286,285,396,388,310,425,235,158,319,441,132,200,98,251,224,359,135,47,890,891,230,393,395,889,129,41,835,399,887,401,54,678,400,888,215,272,426,130,394,128,94],"class_list":{"0":"post-105","1":"product","2":"type-product","3":"status-publish","4":"has-post-thumbnail","6":"product_cat-deratizacija","7":"product_cat-insekticidi","8":"product_tag-127","9":"product_tag-agita","10":"product_tag-agrar","11":"product_tag-agro","12":"product_tag-apoteka","13":"product_tag-behar","14":"product_tag-behardoo","15":"product_tag-bih","16":"product_tag-bosna","17":"product_tag-bosnia","18":"product_tag-chem","19":"product_tag-chemical","20":"product_tag-d-o-o","21":"product_tag-ddd","22":"product_tag-deratizacija","23":"product_tag-dezinfekcija","24":"product_tag-doo","25":"product_tag-dostava","26":"product_tag-elanco","27":"product_tag-farm","28":"product_tag-farma","29":"product_tag-farmer","30":"product_tag-hemija","31":"product_tag-hercegovina","32":"product_tag-insekti","33":"product_tag-insekticid","34":"product_tag-kist","35":"product_tag-kistom","36":"product_tag-koncentrat","37":"product_tag-kupi","38":"product_tag-maloprodaja","39":"product_tag-mazanje","40":"product_tag-muha","41":"product_tag-muhe","42":"product_tag-muhu","43":"product_tag-naruci","44":"product_tag-novarcis","45":"product_tag-online","46":"product_tag-poljoprivreda","47":"product_tag-poljoprivredna","48":"product_tag-poruci","49":"product_tag-premaz","50":"product_tag-prskanje","51":"product_tag-sarajevo","52":"product_tag-shop","53":"product_tag-stala","54":"product_tag-veleprodaja","55":"product_tag-wg","56":"product_tag-zastita","58":"first","59":"instock","60":"shipping-taxable","61":"product-type-external"},"jetpack_sharing_enabled":true,"_links":{"self":[{"href":"https:\/\/www.behardoo.ba\/index.php\/wp-json\/wp\/v2\/product\/105","targetHints":{"allow":["GET"]}}],"collection":[{"href":"https:\/\/www.behardoo.ba\/index.php\/wp-json\/wp\/v2\/product"}],"about":[{"href":"https:\/\/www.behardoo.ba\/index.php\/wp-json\/wp\/v2\/types\/product"}],"wp:featuredmedia":[{"embeddable":true,"href":"https:\/\/www.behardoo.ba\/index.php\/wp-json\/wp\/v2\/media\/106"}],"wp:attachment":[{"href":"https:\/\/www.behardoo.ba\/index.php\/wp-json\/wp\/v2\/media?parent=105"}],"wp:term":[{"taxonomy":"product_brand","embeddable":true,"href":"https:\/\/www.behardoo.ba\/index.php\/wp-json\/wp\/v2\/product_brand?post=105"},{"taxonomy":"product_cat","embeddable":true,"href":"https:\/\/www.behardoo.ba\/index.php\/wp-json\/wp\/v2\/product_cat?post=105"},{"taxonomy":"product_tag","embeddable":true,"href":"https:\/\/www.behardoo.ba\/index.php\/wp-json\/wp\/v2\/product_tag?post=105"}],"curies":[{"name":"wp","href":"https:\/\/api.w.org\/{rel}","templated":true}]}}