{"id":110,"date":"2021-06-10T18:27:19","date_gmt":"2021-06-10T16:27:19","guid":{"rendered":"http:\/\/www.behardoo.ba\/?post_type=product&#038;p=110"},"modified":"2021-06-10T18:27:20","modified_gmt":"2021-06-10T16:27:20","slug":"kalif-za-pse-i-macke","status":"publish","type":"product","link":"https:\/\/www.behardoo.ba\/index.php\/product\/kalif-za-pse-i-macke\/","title":{"rendered":"Kalif za pse i ma\u010dke"},"content":{"rendered":"<p><strong>Kalif za pse i ma\u010dke<\/strong><\/p>\n<div><span style=\"color: #ff0000; font-size: medium;\"><span style=\"color: #000000;\"><span style=\"font-size: medium;\">Udaljava u kratkom vremenu pse, ma\u010dke, mi\u0161eve, ptice i druge \u017eivotinje iz ku\u0107a, vrtova i skladi\u0161ta<\/span><\/span><\/span><span style=\"color: #ff0000; font-size: medium;\"><span style=\"color: #000000;\">. <span style=\"font-size: medium;\">Spreman za kori\u0161tenje.<\/span><\/span><\/span><\/div>\n<div><span style=\"font-size: medium;\"><span style=\"color: #ff0000;\"><span style=\"color: #000000;\">Nemastan, bez mrlja i bezopasan je jer djeluje uglavnom na osjetila \u017eivotinja.<\/span><\/span><\/span><\/div>\n<div><\/div>\n<div>\n<div><span style=\"color: #ff0000; font-size: medium;\"><span style=\"color: #000000;\"><strong><span style=\"font-size: medium;\">Upotreba:<\/span><\/strong><br \/>\n<\/span><\/span><\/div>\n<div><span style=\"font-size: medium;\"><span style=\"color: #ff0000;\"><span style=\"color: #000000;\">Protresite prije upotrebe i prskajte na povr\u0161inu koju \u017eelite za\u0161tititi. Za one povr\u0161ine koje su posebno izlo\u017eene dolasku \u017eivotinja, ponavljajte tretman dok se ne zaustave lo\u0161e navike ljubimaca.<\/span><\/span><\/span><\/div>\n<div><span style=\"font-size: medium;\"><span style=\"color: #ff0000;\"><span style=\"color: #000000;\">Ovo sredstvo nudi izvrsne rezultate u kratkom vremenu.<br \/>\n<\/span><\/span><\/span><\/div>\n<p><span style=\"color: #ff0000; font-size: medium;\"><span style=\"color: #000000;\"><span style=\"font-size: medium;\">Proizvod je temeljen na biljnoj supstanci.<\/span><\/span><\/span><\/p>\n<\/div>\n","protected":false},"excerpt":{"rendered":"<p><strong>Kalif za pse i ma\u010dke<\/strong><\/p>\n<div><span style=\"color: #ff0000; font-size: medium;\"><span style=\"color: #000000;\"><span style=\"font-size: medium;\">Udaljava u kratkom vremenu pse, ma\u010dke, mi\u0161eve, ptice i druge \u017eivotinje iz ku\u0107a, vrtova i skladi\u0161ta<\/span><\/span><\/span><span style=\"color: #ff0000; font-size: medium;\"><span style=\"color: #000000;\">. <span style=\"font-size: medium;\">Spreman za kori\u0161tenje.<\/span><\/span><\/span><\/div>\n<div><span style=\"font-size: medium;\"><span style=\"color: #ff0000;\"><span style=\"color: #000000;\">Nemastan, bez mrlja i bezopasan je jer djeluje uglavnom na osjetila \u017eivotinja.<\/span><\/span><\/span><\/div>\n<a href=\"https:\/\/www.behardoo.ba\/index.php\/product\/kalif-za-pse-i-macke\/\" class=\"btn frontech-btn\"><span><\/span>Detalji<\/a>","protected":false},"featured_media":111,"template":"","meta":[],"product_brand":[],"product_cat":[120],"product_tag":[145,98,143,140,146,144,142,48,141],"class_list":{"0":"post-110","1":"product","2":"type-product","3":"status-publish","4":"has-post-thumbnail","6":"product_cat-ostali-proizvodi","7":"product_tag-adama","8":"product_tag-farma","9":"product_tag-i","10":"product_tag-kalif","11":"product_tag-kollant","12":"product_tag-macke","13":"product_tag-pse","14":"product_tag-repelent","15":"product_tag-za","17":"first","18":"instock","19":"shipping-taxable","20":"product-type-external"},"jetpack_sharing_enabled":true,"_links":{"self":[{"href":"https:\/\/www.behardoo.ba\/index.php\/wp-json\/wp\/v2\/product\/110","targetHints":{"allow":["GET"]}}],"collection":[{"href":"https:\/\/www.behardoo.ba\/index.php\/wp-json\/wp\/v2\/product"}],"about":[{"href":"https:\/\/www.behardoo.ba\/index.php\/wp-json\/wp\/v2\/types\/product"}],"wp:featuredmedia":[{"embeddable":true,"href":"https:\/\/www.behardoo.ba\/index.php\/wp-json\/wp\/v2\/media\/111"}],"wp:attachment":[{"href":"https:\/\/www.behardoo.ba\/index.php\/wp-json\/wp\/v2\/media?parent=110"}],"wp:term":[{"taxonomy":"product_brand","embeddable":true,"href":"https:\/\/www.behardoo.ba\/index.php\/wp-json\/wp\/v2\/product_brand?post=110"},{"taxonomy":"product_cat","embeddable":true,"href":"https:\/\/www.behardoo.ba\/index.php\/wp-json\/wp\/v2\/product_cat?post=110"},{"taxonomy":"product_tag","embeddable":true,"href":"https:\/\/www.behardoo.ba\/index.php\/wp-json\/wp\/v2\/product_tag?post=110"}],"curies":[{"name":"wp","href":"https:\/\/api.w.org\/{rel}","templated":true}]}}