{"id":112,"date":"2021-06-10T18:37:56","date_gmt":"2021-06-10T16:37:56","guid":{"rendered":"http:\/\/www.behardoo.ba\/?post_type=product&#038;p=112"},"modified":"2022-07-30T12:09:55","modified_gmt":"2022-07-30T10:09:55","slug":"effect-faracid-za-mrave-500ml","status":"publish","type":"product","link":"https:\/\/www.behardoo.ba\/index.php\/product\/effect-faracid-za-mrave-500ml\/","title":{"rendered":"Effect Faracid za mrave 500ml"},"content":{"rendered":"<p><span style=\"color: #ff6600;\"><strong>Effect Faracid za mrave 500ml<\/strong><\/span><\/p>\n<p>Effect Faracid je specijalni insekticid za suzbijanje svih vrsta mrava, kao i \u017eohara, sa kontaktnim djelovanjem i produ\u017eenim djelovanjem do 3 mjeseca.<\/p>\n<p>Postojan je na svjetlosti, ne isparava i ne ostavlja mrlje. Proizvod je pogodan za upotrebu i u zatvorenom prostoru i na otvorenom.<\/p>\n<p><strong>Primjena:<\/strong><\/p>\n<p>Prije upotrebe bocu promu\u0107kati. Koli\u010dina od 30ml je dovoljna za prskanje povr\u0161ine od 1m2 (16 pritisaka raspr\u0161iva\u010dem). Poprskane povr\u0161ine ne brisati.<\/p>\n","protected":false},"excerpt":{"rendered":"<p><span style=\"color: #ff6600;\"><strong>Effect Faracid za mrave 500ml<\/strong><\/span><\/p>\n<p>Effect Faracid je specijalni insekticid za suzbijanje svih vrsta mrava, kao i \u017eohara, sa kontaktnim djelovanjem i produ\u017eenim djelovanjem do 3 mjeseca.<\/p>\n<a href=\"https:\/\/www.behardoo.ba\/index.php\/product\/effect-faracid-za-mrave-500ml\/\" class=\"btn frontech-btn\"><span><\/span>Detalji<\/a>","protected":false},"featured_media":113,"template":"","meta":[],"product_brand":[],"product_cat":[50],"product_tag":[147,148,98,47,44,151,149,54,141,150,83],"class_list":{"0":"post-112","1":"product","2":"type-product","3":"status-publish","4":"has-post-thumbnail","6":"product_cat-insekticidi","7":"product_tag-effect","8":"product_tag-faracid","9":"product_tag-farma","10":"product_tag-insekticid","11":"product_tag-kanalizacija","12":"product_tag-mrav","13":"product_tag-mrave","14":"product_tag-poljoprivreda","15":"product_tag-za","16":"product_tag-zohare","17":"product_tag-zohari","19":"first","20":"instock","21":"shipping-taxable","22":"product-type-external"},"jetpack_sharing_enabled":true,"_links":{"self":[{"href":"https:\/\/www.behardoo.ba\/index.php\/wp-json\/wp\/v2\/product\/112","targetHints":{"allow":["GET"]}}],"collection":[{"href":"https:\/\/www.behardoo.ba\/index.php\/wp-json\/wp\/v2\/product"}],"about":[{"href":"https:\/\/www.behardoo.ba\/index.php\/wp-json\/wp\/v2\/types\/product"}],"wp:featuredmedia":[{"embeddable":true,"href":"https:\/\/www.behardoo.ba\/index.php\/wp-json\/wp\/v2\/media\/113"}],"wp:attachment":[{"href":"https:\/\/www.behardoo.ba\/index.php\/wp-json\/wp\/v2\/media?parent=112"}],"wp:term":[{"taxonomy":"product_brand","embeddable":true,"href":"https:\/\/www.behardoo.ba\/index.php\/wp-json\/wp\/v2\/product_brand?post=112"},{"taxonomy":"product_cat","embeddable":true,"href":"https:\/\/www.behardoo.ba\/index.php\/wp-json\/wp\/v2\/product_cat?post=112"},{"taxonomy":"product_tag","embeddable":true,"href":"https:\/\/www.behardoo.ba\/index.php\/wp-json\/wp\/v2\/product_tag?post=112"}],"curies":[{"name":"wp","href":"https:\/\/api.w.org\/{rel}","templated":true}]}}