{"id":115,"date":"2021-06-11T10:22:04","date_gmt":"2021-06-11T08:22:04","guid":{"rendered":"http:\/\/www.behardoo.ba\/?post_type=product&#038;p=115"},"modified":"2026-03-22T19:16:45","modified_gmt":"2026-03-22T18:16:45","slug":"hygienic-hand-sanitizer-500ml","status":"publish","type":"product","link":"https:\/\/www.behardoo.ba\/index.php\/product\/hygienic-hand-sanitizer-500ml\/","title":{"rendered":"HYGIENIC Hand Sanitizer 500ml"},"content":{"rendered":"<p><span style=\"color: #ff00ff;\"><strong>HYGIENIC Hand Sanitizer 500ml<\/strong><\/span><\/p>\n<p><span style=\"color: #000000;\">Sredstvo za dezinfekciju ruku, efekt koji traje 24 sata i ubija 99,9% bakterija i virusa<\/span><\/p>\n<p><b><u>Ne \u0161teti ko\u017ei kao mnoga druga sredstva!<\/u><br \/>\n<\/b><\/p>\n<p><b>Osobine:<\/b><br \/>\n<strong><span style=\"color: #ff00ff;\">HYGIENIC Asepsik Pro Hand Sanitizer<\/span><\/strong> je namijenjen za svakodnevnu dezinfekciju ruku. Ubija 99,99% mikroba u trajanju do 24 sata. Formira dugotrajni antibakterijski sloj koji se ve\u017ee za ko\u017eu i \u0161titi protiv velikog broja patogena uklju\u010duju\u0107i H1N1, Norovirus, E coli, mrsu, COVID-19 \/ SARS-CoV-2, salmonela i druge vrste virusa i bakterija.<\/p>\n<p><b>Uputstvo za upotrebu:<\/b><br \/>\nNanijeti na ruke i utrljati dok se ne su\u0161i. HYGIENIC Aseptic Pro Hand Sanitizer \u0107e ostati aktivan na rukama do 24 sata i nakon normalne aktivnosti i pranja ruku.<\/p>\n<p><b>Sadr\u017ei:<\/b><br \/>\nBenzalkonium Chloride<br \/>\nKvatetni amonijev spoj CAS broj: 68391-01-5<\/p>\n<p><b>NAPOMENA:<\/b><br \/>\nZbog dosta upita klijenata i op\u0107eg skepticizma, koji je potpuno razumljiv u sada\u0161njem vremenu, dodali smo me\u0111u slike i spisak aktivnih tvari koje uspje\u0161no uni\u0161tavaju Corona Virus (Covid-19)<\/p>\n<p>Informacije mo\u017eete dobiti na linku <a href=\"https:\/\/translate.googleusercontent.com\/translate_c?depth=1&amp;nv=1&amp;pto=aue&amp;rurl=translate.google.com&amp;sl=auto&amp;sp=nmt4&amp;tl=bs&amp;u=https:\/\/www.nea.gov.sg\/our-services\/public-cleanliness\/environmental-cleaning-guidelines\/guidelines\/interim-list-of-household-products-and-active-ingredients-for-disinfection-of-covid-19&amp;usg=ALkJrhiqJhwx8hRSQmzB9_VR9RmD2e2WeQ\"><span style=\"text-decoration: underline;\"><strong>OVDJE<\/strong><\/span><\/a><\/p>\n","protected":false},"excerpt":{"rendered":"<p><span style=\"color: #ff00ff;\"><strong>HYGIENIC Hand Sanitizer 500ml<\/strong><\/span><\/p>\n<p><span style=\"color: #000000;\">Sredstvo za dezinfekciju ruku, efekt koji traje 24 sata i ubija 99,9% bakterija i virusa<\/span><\/p>\n<p><b><u>Ne \u0161teti ko\u017ei kao mnoga druga sredstva!<\/u><\/b><\/p>\n<p><b>NAPOMENA:<\/b><br \/>\nZbog dosta upita klijenata i op\u0107eg skepticizma, koji je potpuno razumljiv u sada\u0161njem vremenu, dodali smo me\u0111u slike i spisak aktivnih tvari koje uspje\u0161no uni\u0161tavaju Corona Virus (Covid-19)<\/p>\n<p>Informacije mo\u017eete dobiti na linku <a href=\"https:\/\/translate.googleusercontent.com\/translate_c?depth=1&amp;nv=1&amp;pto=aue&amp;rurl=translate.google.com&amp;sl=auto&amp;sp=nmt4&amp;tl=bs&amp;u=https:\/\/www.nea.gov.sg\/our-services\/public-cleanliness\/environmental-cleaning-guidelines\/guidelines\/interim-list-of-household-products-and-active-ingredients-for-disinfection-of-covid-19&amp;usg=ALkJrhiqJhwx8hRSQmzB9_VR9RmD2e2WeQ\"><span style=\"text-decoration: underline;\"><strong>OVDJE<\/strong><\/span><\/a><\/p>\n<a href=\"https:\/\/www.behardoo.ba\/index.php\/product\/hygienic-hand-sanitizer-500ml\/\" class=\"btn frontech-btn\"><span><\/span>Detalji<\/a>","protected":false},"featured_media":116,"template":"","meta":[],"product_brand":[1165],"product_cat":[152,120],"product_tag":[154,161,163,162,158,156,153,155,159,160,157],"class_list":{"0":"post-115","1":"product","2":"type-product","3":"status-publish","4":"has-post-thumbnail","6":"product_brand-hygienic","7":"product_cat-dezinfekcija","8":"product_cat-ostali-proizvodi","9":"product_tag-asepsik","10":"product_tag-corona","11":"product_tag-covid","12":"product_tag-covid-19","13":"product_tag-dezinfekcija","14":"product_tag-hand","15":"product_tag-hygienic","16":"product_tag-pro","17":"product_tag-ruke","18":"product_tag-ruku","19":"product_tag-sanitizer","21":"first","22":"instock","23":"shipping-taxable","24":"product-type-external"},"jetpack_sharing_enabled":true,"_links":{"self":[{"href":"https:\/\/www.behardoo.ba\/index.php\/wp-json\/wp\/v2\/product\/115","targetHints":{"allow":["GET"]}}],"collection":[{"href":"https:\/\/www.behardoo.ba\/index.php\/wp-json\/wp\/v2\/product"}],"about":[{"href":"https:\/\/www.behardoo.ba\/index.php\/wp-json\/wp\/v2\/types\/product"}],"wp:featuredmedia":[{"embeddable":true,"href":"https:\/\/www.behardoo.ba\/index.php\/wp-json\/wp\/v2\/media\/116"}],"wp:attachment":[{"href":"https:\/\/www.behardoo.ba\/index.php\/wp-json\/wp\/v2\/media?parent=115"}],"wp:term":[{"taxonomy":"product_brand","embeddable":true,"href":"https:\/\/www.behardoo.ba\/index.php\/wp-json\/wp\/v2\/product_brand?post=115"},{"taxonomy":"product_cat","embeddable":true,"href":"https:\/\/www.behardoo.ba\/index.php\/wp-json\/wp\/v2\/product_cat?post=115"},{"taxonomy":"product_tag","embeddable":true,"href":"https:\/\/www.behardoo.ba\/index.php\/wp-json\/wp\/v2\/product_tag?post=115"}],"curies":[{"name":"wp","href":"https:\/\/api.w.org\/{rel}","templated":true}]}}