{"id":122,"date":"2021-06-11T10:45:13","date_gmt":"2021-06-11T08:45:13","guid":{"rendered":"http:\/\/www.behardoo.ba\/?post_type=product&#038;p=122"},"modified":"2026-03-22T19:16:31","modified_gmt":"2026-03-22T18:16:31","slug":"hygienic-asepsik-pro-dezi-extra-1l","status":"publish","type":"product","link":"https:\/\/www.behardoo.ba\/index.php\/product\/hygienic-asepsik-pro-dezi-extra-1l\/","title":{"rendered":"Hygienic Asepsik Pro Dezi Extra 1L"},"content":{"rendered":"<p><span style=\"color: #ff00ff;\"><strong>Hygienic Asepsik Pro Dezi Extra 1L<\/strong><\/span><\/p>\n<p><span style=\"color: #000000;\">Gotov rastvor koji ubija do 99,9% bakterija i virusa u trajanju do 24 sata.<br \/>\nNamjenjen za dezinfekciju i pranje u doma\u0107instvima,<br \/>\nbolnicama i domovima zdravlja, vet. ustanovama, pred\u0161kolskim i \u0161kolskim<br \/>\nustanovama, ugostiteljstvu , frizerskim salonima, teretanama,<br \/>\nsredstvima javnog prijevoza i transporta itd.<br \/>\nProdu\u017eeni efekat dejstva, biorazgradivost i mala potro\u0161nja sa velikim efektom<br \/>\n\u010dine ga jednim od naj\u010de\u0161\u0107e kori\u0161tenih sredstava za dezinfekciju i pranje,<br \/>\nnaro\u010dito prostorija i predmeta koji zahtijevaju vi\u0161i nivo higijene.<\/span><\/p>\n<p><b>Sadr\u017ei:<\/b><br \/>\nBenzalkonium Chloride<br \/>\nKvatetni amonijev spoj CAS broj: 68391-01-5<\/p>\n<p><b>NAPOMENA:<\/b><br \/>\nZbog dosta upita klijenata i op\u0107eg skepticizma, koji je potpuno razumljiv u sada\u0161njem vremenu, dodali smo me\u0111u slike i spisak aktivnih tvari koje uspje\u0161no uni\u0161tavaju Corona Virus (Covid-19)<\/p>\n<p>Informacije mo\u017eete dobiti na linku <a href=\"https:\/\/translate.googleusercontent.com\/translate_c?depth=1&amp;nv=1&amp;pto=aue&amp;rurl=translate.google.com&amp;sl=auto&amp;sp=nmt4&amp;tl=bs&amp;u=https:\/\/www.nea.gov.sg\/our-services\/public-cleanliness\/environmental-cleaning-guidelines\/guidelines\/interim-list-of-household-products-and-active-ingredients-for-disinfection-of-covid-19&amp;usg=ALkJrhiqJhwx8hRSQmzB9_VR9RmD2e2WeQ\"><span style=\"text-decoration: underline;\"><strong>OVDJE<\/strong><\/span><\/a><\/p>\n","protected":false},"excerpt":{"rendered":"<p><span style=\"color: #ff00ff;\"><strong>Hygienic Asepsik Pro Dezi Extra 1L<\/strong><\/span><\/p>\n<p><span style=\"color: #000000;\">Gotov rastvor koji ubija do 99,9% bakterija i virusa u trajanju do 24 sata.<br \/>\nNamjenjen za dezinfekciju i pranje u doma\u0107instvima,<br \/>\nbolnicama i domovima zdravlja, vet. ustanovama, pred\u0161kolskim i \u0161kolskim<br \/>\nustanovama, ugostiteljstvu , frizerskim salonima, teretanama,<br \/>\nsredstvima javnog prijevoza i transporta itd.<br \/>\nProdu\u017eeni efekat dejstva, biorazgradivost i mala potro\u0161nja sa velikim efektom<br \/>\n\u010dine ga jednim od naj\u010de\u0161\u0107e kori\u0161tenih sredstava za dezinfekciju i pranje,<br \/>\nnaro\u010dito prostorija i predmeta koji zahtijevaju vi\u0161i nivo higijene.<\/span><\/p>\n<p><b>NAPOMENA:<\/b><br \/>\nZbog dosta upita klijenata i op\u0107eg skepticizma, koji je potpuno razumljiv u sada\u0161njem vremenu, dodali smo me\u0111u slike i spisak aktivnih tvari koje uspje\u0161no uni\u0161tavaju Corona Virus (Covid-19)<\/p>\n<p>Informacije mo\u017eete dobiti na linku <a href=\"https:\/\/translate.googleusercontent.com\/translate_c?depth=1&amp;nv=1&amp;pto=aue&amp;rurl=translate.google.com&amp;sl=auto&amp;sp=nmt4&amp;tl=bs&amp;u=https:\/\/www.nea.gov.sg\/our-services\/public-cleanliness\/environmental-cleaning-guidelines\/guidelines\/interim-list-of-household-products-and-active-ingredients-for-disinfection-of-covid-19&amp;usg=ALkJrhiqJhwx8hRSQmzB9_VR9RmD2e2WeQ\"><span style=\"text-decoration: underline;\"><strong>OVDJE<\/strong><\/span><\/a><\/p>\n<a href=\"https:\/\/www.behardoo.ba\/index.php\/product\/hygienic-asepsik-pro-dezi-extra-1l\/\" class=\"btn frontech-btn\"><span><\/span>Detalji<\/a>","protected":false},"featured_media":123,"template":"","meta":[],"product_brand":[1165],"product_cat":[152],"product_tag":[175,154,169,176,177,163,162,173,158,178,174,172,153,155,167,168],"class_list":{"0":"post-122","1":"product","2":"type-product","3":"status-publish","4":"has-post-thumbnail","6":"product_brand-hygienic","7":"product_cat-dezinfekcija","8":"product_tag-1l","9":"product_tag-asepsik","10":"product_tag-bakterije","11":"product_tag-bolnica","12":"product_tag-bolnice","13":"product_tag-covid","14":"product_tag-covid-19","15":"product_tag-dezi","16":"product_tag-dezinfekcija","17":"product_tag-dezinfekciju","18":"product_tag-extra","19":"product_tag-foreks","20":"product_tag-hygienic","21":"product_tag-pro","22":"product_tag-virus","23":"product_tag-virusi","25":"first","26":"instock","27":"shipping-taxable","28":"product-type-external"},"jetpack_sharing_enabled":true,"_links":{"self":[{"href":"https:\/\/www.behardoo.ba\/index.php\/wp-json\/wp\/v2\/product\/122","targetHints":{"allow":["GET"]}}],"collection":[{"href":"https:\/\/www.behardoo.ba\/index.php\/wp-json\/wp\/v2\/product"}],"about":[{"href":"https:\/\/www.behardoo.ba\/index.php\/wp-json\/wp\/v2\/types\/product"}],"wp:featuredmedia":[{"embeddable":true,"href":"https:\/\/www.behardoo.ba\/index.php\/wp-json\/wp\/v2\/media\/123"}],"wp:attachment":[{"href":"https:\/\/www.behardoo.ba\/index.php\/wp-json\/wp\/v2\/media?parent=122"}],"wp:term":[{"taxonomy":"product_brand","embeddable":true,"href":"https:\/\/www.behardoo.ba\/index.php\/wp-json\/wp\/v2\/product_brand?post=122"},{"taxonomy":"product_cat","embeddable":true,"href":"https:\/\/www.behardoo.ba\/index.php\/wp-json\/wp\/v2\/product_cat?post=122"},{"taxonomy":"product_tag","embeddable":true,"href":"https:\/\/www.behardoo.ba\/index.php\/wp-json\/wp\/v2\/product_tag?post=122"}],"curies":[{"name":"wp","href":"https:\/\/api.w.org\/{rel}","templated":true}]}}