{"id":125,"date":"2021-06-11T15:09:28","date_gmt":"2021-06-11T13:09:28","guid":{"rendered":"http:\/\/www.behardoo.ba\/?post_type=product&#038;p=125"},"modified":"2024-06-27T09:47:51","modified_gmt":"2024-06-27T07:47:51","slug":"mospilan-20-sg-25g","status":"publish","type":"product","link":"https:\/\/www.behardoo.ba\/index.php\/product\/mospilan-20-sg-25g\/","title":{"rendered":"Mospilan 20 SG 2,5g"},"content":{"rendered":"<p><span style=\"color: #993366;\"><strong>Mospilan 20 SG 2,5g<\/strong><\/span><\/p>\n<p>Mospilan 20 SG je sistemi\u010dni insekticid koji se upotrebljava za suzbijanje sljede\u0107ih \u0161tetnika: krompirove zlatica, repinog buha\u010da, repine pipe te duhanovog tripsa i lisnih u\u0161iju na duhanu.<\/p>\n<p><strong>Sastav:<\/strong><br \/>\n100 g granula sadr\u017ei 20 g acetamiprida<\/p>\n<div><strong>Djelovanje:<\/strong><br \/>\n<span style=\"text-decoration: underline;\">MOSPILAN 20 SG<\/span> novi je insekticid za folijarnu primjenu iz skupine neonikotinoida. Aktivna tvar u sredstvu ometa prijenos podra\u017eaja u \u017eiv\u010danom sustavu \u0161tetnih organizama na na\u010din koji se razlikuje od insekticida iz skupine organofosfornih spojeva, karbamata i piretroida. Zbog toga MOSPILAN 20 SG djeluje i na one \u0161tetnike koji su postali djelomi\u010dno ili potpuno otporni na insekticide iz spomenutih skupina. MOSPILAN 20 SG pokazuje izrazito sistemi\u010dno i translaminarno djelovanje pa se ravnomjerno raspore\u0111uje u biljci te u malim koli\u010dinama pru\u017ea dugotrajnu za\u0161titu.<\/div>\n<p><strong>Upotreba:<br \/>\n<\/strong>Sadr\u017eaj kesice od 2,5g pomije\u0161ati sa 15L vode.<strong><br \/>\n<\/strong>Insekticid i lokalni sistemik MOSPILAN 20 SG se upotrebljava za suzbijanje sljede\u0107ih \u0161tetnika:<\/p>\n<p><strong>na krompiru<\/strong>\u00a0krumpirove zlatice (Leptinotarsa decemlineata) kada je ve\u0107ina li\u010dinki u stadiju L1 i L2 u koli\u010dini od 80 ili 120 g sredstva\/ha (8-12 g sredstva na 1000 m2) uz najvi\u0161e 2 tretiranja u vegetaciji<\/p>\n<p><strong>na \u0161e\u0107ernoj repi<\/strong>\u00a0repinog buha\u010da (Chaetocnema tibialis), repine pipe (Bothynoderes punctiventris), u koli\u010dini od 125 g\/ha (12,5 g na 1000 m\u02db ) uz samo jedno tretiranje u vegetaciji<\/p>\n<p><strong>na duhanu<\/strong>\u00a0lisnih u\u0161i (Aphididae) u koli\u010dini od 125 g\/ha (12,5 g sredstva na 1000 m2) i duhanovog tripsa (Thrips tabaci) u koli\u010dini od 300 g\/ha (30 g sredstva na 1000 m2) uz najvi\u0161e 2 tretiranja u vegetaciji;<\/p>\n<p><strong>Mije\u0161anje:<\/strong><br \/>\nMOSPILAN 20 SG se ne smije mije\u0161ati sa sredstvima na osnovi bakra i sredstvima na osnovi aktivne tvari dodin.<\/p>\n<p><strong>Fitotoksi\u010dnost:<\/strong><br \/>\nMOSPILAN 20 SG upotrebljen u preporu\u010denim koli\u010dinama i na opisani na\u010din nije toksi\u010dan za biljke.<\/p>\n<p><strong>Karenca i radna karenca:<\/strong><br \/>\n7 dana za krumpir, 35 dana za duhan i \u0161e\u0107ernu repu. Radna karenca 24 sata. Doma\u0107e \u017eivotinje ne pu\u0161tati na ispa\u0161u 14 dana.<\/p>\n<p><strong>Ograni\u010denja:<\/strong><br \/>\nPrimjena iz zrakoplova nije dopu\u0161tena. Ne tretirati u cvatnji i za vrijeme leta p\u010dela. Izbjegavati da p\u010dele do\u0111u na neosu\u0161eno \u0161kropivo. Tretirati isklju\u010divo nakon leta p\u010dela.<\/p>\n<p><strong>Utjecaj sredstva na organizme:<\/strong><br \/>\nSredstvo nije opasno u primjeni za gujavice i ne o\u0161te\u0107uje mikrobiolo\u0161ku aktivnost tla.<\/p>\n","protected":false},"excerpt":{"rendered":"<p><span style=\"color: #993366;\"><strong>Mospilan 20 SG 2,5g<\/strong><\/span><\/p>\n<p>Mospilan 20 SG je sistemi\u010dni insekticid koji se upotrebljava za suzbijanje sljede\u0107ih \u0161tetnika: krompirove zlatica, repinog buha\u010da, repine pipe te duhanovog tripsa i lisnih u\u0161iju na duhanu.<\/p>\n<p><strong>Sastav:<\/strong><br \/>\n100 g granula sadr\u017ei 20 g acetamiprida<\/p>\n<a href=\"https:\/\/www.behardoo.ba\/index.php\/product\/mospilan-20-sg-25g\/\" class=\"btn frontech-btn\"><span><\/span>Detalji<\/a>","protected":false},"featured_media":126,"template":"","meta":[],"product_brand":[],"product_cat":[402,352],"product_tag":[180,186,27,194,185,193,200,98,188,47,187,183,184,197,198,179,189,191,196,54,195,181,190,192,199,182],"class_list":{"0":"post-125","1":"product","2":"type-product","3":"status-publish","4":"has-post-thumbnail","6":"product_cat-insekticidi-zastita_bilja","7":"product_cat-zastita_bilja","8":"product_tag-180","9":"product_tag-agrar","10":"product_tag-agro","11":"product_tag-buhac","12":"product_tag-delta","13":"product_tag-duhan","14":"product_tag-farm","15":"product_tag-farma","16":"product_tag-genera","17":"product_tag-insekticid","18":"product_tag-japan","19":"product_tag-krompir","20":"product_tag-krompirova","21":"product_tag-lisne-usi","22":"product_tag-lisnih","23":"product_tag-mospilan","24":"product_tag-nippon","25":"product_tag-nisso","26":"product_tag-pipe","27":"product_tag-poljoprivreda","28":"product_tag-repa","29":"product_tag-sg","30":"product_tag-soda","31":"product_tag-tripsa","32":"product_tag-usiju","33":"product_tag-zlatica","35":"first","36":"instock","37":"shipping-taxable","38":"product-type-external"},"jetpack_sharing_enabled":true,"_links":{"self":[{"href":"https:\/\/www.behardoo.ba\/index.php\/wp-json\/wp\/v2\/product\/125","targetHints":{"allow":["GET"]}}],"collection":[{"href":"https:\/\/www.behardoo.ba\/index.php\/wp-json\/wp\/v2\/product"}],"about":[{"href":"https:\/\/www.behardoo.ba\/index.php\/wp-json\/wp\/v2\/types\/product"}],"wp:featuredmedia":[{"embeddable":true,"href":"https:\/\/www.behardoo.ba\/index.php\/wp-json\/wp\/v2\/media\/126"}],"wp:attachment":[{"href":"https:\/\/www.behardoo.ba\/index.php\/wp-json\/wp\/v2\/media?parent=125"}],"wp:term":[{"taxonomy":"product_brand","embeddable":true,"href":"https:\/\/www.behardoo.ba\/index.php\/wp-json\/wp\/v2\/product_brand?post=125"},{"taxonomy":"product_cat","embeddable":true,"href":"https:\/\/www.behardoo.ba\/index.php\/wp-json\/wp\/v2\/product_cat?post=125"},{"taxonomy":"product_tag","embeddable":true,"href":"https:\/\/www.behardoo.ba\/index.php\/wp-json\/wp\/v2\/product_tag?post=125"}],"curies":[{"name":"wp","href":"https:\/\/api.w.org\/{rel}","templated":true}]}}