{"id":127,"date":"2021-06-11T15:22:23","date_gmt":"2021-06-11T13:22:23","guid":{"rendered":"http:\/\/www.behardoo.ba\/?post_type=product&#038;p=127"},"modified":"2021-06-11T15:22:24","modified_gmt":"2021-06-11T13:22:24","slug":"cuprabalu-z-1kg","status":"publish","type":"product","link":"https:\/\/www.behardoo.ba\/index.php\/product\/cuprabalu-z-1kg\/","title":{"rendered":"Cuprabalu Z 1kg"},"content":{"rendered":"<p><span style=\"color: #0000ff;\"><strong>Cuprabalu Z 1kg<\/strong><\/span><\/p>\n<p>Cuprablau-Z je preventivni fungicid za suzbijanje biljnih bolesti u vinogradarstvu, vo\u0107arstvu, ratarstvu i povr\u0107arstvu<\/p>\n<p><strong>Aktivna materija:<\/strong><br \/>\n350 g\/kg bakarnih jona iz dvojne soli bakar -hidroksida i kalcijum hlorida + 20 g\/kg cinksulfida (sinergist)<br \/>\n<strong>Formulacija:<\/strong><br \/>\nWP &#8211; kva\u0161jivi pra\u0161ak<br \/>\n<strong>Karenca:<\/strong><br \/>\n28 dana &#8211; vinova loza<br \/>\n<strong>MBT:<\/strong><br \/>\n4 u zasadu vinove loze<\/p>\n<p><strong>PRIMJENA:<\/strong><\/p>\n<p><strong>Vinova loza<\/strong><\/p>\n<p><em>\u2013 plamenja\u010da (Plasmopara viticola)<\/em><br \/>\nPrimjena: Od kretanja vegetacije do cvatnje i nakon cvatnje.<br \/>\nMaksimalni broj tretiranja u sezoni: 3<br \/>\nDodatne informacije: 300 g u 100 l vode, tj. 30 g u 10 l vode.<br \/>\n<em>\u2013 crvena pale\u017e (Pseudopeziza tracheiphila)<\/em><br \/>\nPrimjena: Od kretanja vegetacije do cvatnje i nakon cvatnje.<br \/>\nMaksimalni broj tretiranja u sezoni: 3<br \/>\nDodatne informacije: 300 g u 100 l vode, tj. 30 g u 10 l vode.<br \/>\n<em>\u2013 crna trule\u017e (Guignardia bidwellii)<\/em><br \/>\nPrimjena: Od kretanja vegetacije do cvatnje i nakon cvatnje.<br \/>\nMaksimalni broj tretiranja u sezoni: 3<br \/>\nDodatne informacije: 300 g u 100 l vode, tj. 30 g u 10 l vode.<br \/>\n<em>\u2013 crna pjegavost rozgve (Phomopsis viticola)<\/em><br \/>\nPrimjena: Pred kretanje vegetacije u koncentraciji od 1 % i u koncentraciji 0,30-0,35% u kretanju vegetacije.<br \/>\nMaksimalni broj tretiranja u sezoni: 3<\/p>\n<p><strong>Jabuka<\/strong><\/p>\n<p><em>\u2013 krastavost (Venturia inaequalis)<\/em><br \/>\nPrimjena: U vrijeme mirovanja vegetacije u koncentraciji od 0,8%, od kretanja vegetacije do fenofaze \u201cmi\u0161je u\u0161i\u201d u koncentraciji od 0,5% i od fenofaze \u201cmi\u0161je u\u0161i\u201d do fenofaze \u201cru\u017ei\u010dasti pup\u201d u koncentraciji od 0,3%.<br \/>\nMaksimalni broj tretiranja u sezoni: 3<br \/>\nDodatne informacije: 800 g u 100 l vode, 500 g u 100 l vode, 300 g u 100 l vode.<br \/>\n<em>\u2013 bakterijska pale\u017e (Erwinia amylovora (Burr.) Winsl. et al.)<\/em><br \/>\nPrimjena: U po\u010detku cvatnje do precvjetavanja jabuke u razmacima po 7 dana (0,6%) ili u tank miksu s ALIETTE-om(0,03%).<br \/>\nMaksimalni broj tretiranja u sezoni: 3<br \/>\nDodatne informacije: 60 g u 100 l vode, 30 g u 100 l vode.<\/p>\n<p><strong>Kru\u0161ka<\/strong><\/p>\n<p><em>\u2013 krastavost (Venturia pyrina)<\/em><br \/>\nPrimjena: U vrijeme mirovanja vegetacije u koncentraciji od 0,8%, od kretanja vegetacije do fenofaze \u201cmi\u0161je u\u0161i\u201d u koncentraciji od 0,5% i od fenofaze \u201cmi\u0161je u\u0161i\u201d do fenofaze \u201cru\u017ei\u010dasti pup\u201d u koncentraciji od 0,3%.<br \/>\nMaksimalni broj tretiranja u sezoni: 3<br \/>\nDodatne informacije: 800 g u 100 l vode, 500 g u 100 l vode, 300 g u 100 l vode.<\/p>\n<p><strong>Breskva<\/strong><\/p>\n<p><em>\u2013 kovr\u010davost (Taphrina deformans)<\/em><br \/>\nPrimjena: Samo u vrijeme mirovanja vegetacije.<br \/>\nMaksimalni broj tretiranja u sezoni: 3<br \/>\nDodatne informacije: 800 g u 100 l vode.<\/p>\n<p><strong>Ko\u0161ti\u010davo vo\u0107e<\/strong><\/p>\n<p><em>\u2013 \u0161upljikavost (Stigmina carpophila)<\/em><br \/>\nPrimjena: Samo u vrijeme mirovanja vegetacije.<br \/>\nMaksimalni broj tretiranja u sezoni: 3<br \/>\nDodatne informacije: 800 g u 100 l vode.<\/p>\n<p><strong>Maslina<\/strong><\/p>\n<p><em>\u2013 paunovo oko (Spilocea oleagina)<\/em><br \/>\nPrimjena: Rano u prolje\u0107e prije pojave ki\u0161a, a prije cvatnje masline.<br \/>\nMaksimalni broj tretiranja u sezoni: 3<br \/>\nDodatne informacije: 300 g u 100 l vode.<\/p>\n<p><strong>Hmelj<\/strong><\/p>\n<p><em>\u2013 plamenja\u010da (Pseudoperonospora humuli)<\/em><br \/>\nMaksimalni broj tretiranja u sezoni: 3<br \/>\nDodatne informacije: 300 g u 100 l vode.<\/p>\n<p><strong>Krompir<\/strong><\/p>\n<p><em>\u2013 plamenja\u010da (Phytophthora infestans)<\/em><br \/>\nMaksimalni broj tretiranja u sezoni: 2<br \/>\nDodatne informacije: 300-400 g u 100 l vode na 1000 m2.<\/p>\n<p><strong>Paradajz<\/strong> (ne za izrazito sitnoplodne sorte)<\/p>\n<p><em>\u2013 plamenja\u010da (Phytophthora infestans)<\/em><br \/>\nMaksimalni broj tretiranja u sezoni: 2<br \/>\nDodatne informacije: 300-400 g u 100 l vode na 1000 m2.<\/p>\n","protected":false},"excerpt":{"rendered":"<p><span style=\"color: #0000ff;\"><strong>Cuprabalu Z 1kg<\/strong><\/span><\/p>\n<p>Cuprablau-Z je preventivni fungicid za suzbijanje biljnih bolesti u vinogradarstvu, vo\u0107arstvu, ratarstvu i povr\u0107arstvu<\/p>\n<a href=\"https:\/\/www.behardoo.ba\/index.php\/product\/cuprabalu-z-1kg\/\" class=\"btn frontech-btn\"><span><\/span>Detalji<\/a>","protected":false},"featured_media":128,"template":"","meta":[],"product_brand":[],"product_cat":[201],"product_tag":[27,212,207,208,214,213,202,205,206,211,209,54,215,210,204,203],"class_list":{"0":"post-127","1":"product","2":"type-product","3":"status-publish","4":"has-post-thumbnail","6":"product_cat-fungicidi","7":"product_tag-agro","8":"product_tag-agronomija","9":"product_tag-baktericid","10":"product_tag-baktericidi","11":"product_tag-celje","12":"product_tag-cinkarna","13":"product_tag-cuprablau","14":"product_tag-fungicid","15":"product_tag-fungicidi","16":"product_tag-palez","17":"product_tag-plemenjaca","18":"product_tag-poljoprivreda","19":"product_tag-prskanje","20":"product_tag-trulez","21":"product_tag-wp","22":"product_tag-z","24":"first","25":"instock","26":"shipping-taxable","27":"product-type-external"},"jetpack_sharing_enabled":true,"_links":{"self":[{"href":"https:\/\/www.behardoo.ba\/index.php\/wp-json\/wp\/v2\/product\/127","targetHints":{"allow":["GET"]}}],"collection":[{"href":"https:\/\/www.behardoo.ba\/index.php\/wp-json\/wp\/v2\/product"}],"about":[{"href":"https:\/\/www.behardoo.ba\/index.php\/wp-json\/wp\/v2\/types\/product"}],"wp:featuredmedia":[{"embeddable":true,"href":"https:\/\/www.behardoo.ba\/index.php\/wp-json\/wp\/v2\/media\/128"}],"wp:attachment":[{"href":"https:\/\/www.behardoo.ba\/index.php\/wp-json\/wp\/v2\/media?parent=127"}],"wp:term":[{"taxonomy":"product_brand","embeddable":true,"href":"https:\/\/www.behardoo.ba\/index.php\/wp-json\/wp\/v2\/product_brand?post=127"},{"taxonomy":"product_cat","embeddable":true,"href":"https:\/\/www.behardoo.ba\/index.php\/wp-json\/wp\/v2\/product_cat?post=127"},{"taxonomy":"product_tag","embeddable":true,"href":"https:\/\/www.behardoo.ba\/index.php\/wp-json\/wp\/v2\/product_tag?post=127"}],"curies":[{"name":"wp","href":"https:\/\/api.w.org\/{rel}","templated":true}]}}