{"id":132,"date":"2021-06-16T11:43:45","date_gmt":"2021-06-16T09:43:45","guid":{"rendered":"http:\/\/www.behardoo.ba\/?post_type=product&#038;p=132"},"modified":"2025-04-02T22:35:30","modified_gmt":"2025-04-02T20:35:30","slug":"k-obiol-ec-25-1l","status":"publish","type":"product","link":"https:\/\/www.behardoo.ba\/index.php\/product\/k-obiol-ec-25-1l\/","title":{"rendered":"K-Obiol EC 25 1L"},"content":{"rendered":"<h3><span style=\"color: #3366ff;\">K-Obiol EC 25 1L<\/span><\/h3>\n<p>K-Obiol EC 25 je profesionalni insekticid na bazi piretrina za upotrebu u skladi\u0161tima hrane kako bi ih za\u0161titio. Proizvod djeluje kontaktom i gutanjem, bore\u0107i se protiv naj\u010de\u0161\u0107ih \u0161teto\u010dina u poljoprivrednom i skladi\u0161nom sektoru.<\/p>\n<p><strong>Prednosti K-Obiol EC 25:<\/strong><br \/>\n&#8211; efikasan protiv insekata koji napadaju uskladi\u0161tene proizvode od \u017eitarica i povr\u0107a;<br \/>\n&#8211; dugotrajna za\u0161tita;<br \/>\n&#8211; sigurno za upotrebu direktno na prehrambenim proizvodima;<br \/>\n&#8211; Mo\u017ee se prskati po zidovima, vre\u0107ama, kutijama.<\/p>\n<p><strong>Na\u010din djelovanja K-Obiol EC:<\/strong><br \/>\n&#8211; Brzo paralizira \u017eiv\u010dani sistem insekata pru\u017eaju\u0107i brzi knock-down efekt;<br \/>\n&#8211; Smrt insekata pojavljuje se zbog nepovratnog o\u0161te\u0107enja nervnog sistema koje se javlja nekoliko sati nakon kontakta sa aktivnom supstancom.<br \/>\n&#8211; Odobrava za\u0161titu izme\u0111u 6 i 10 mjeseci od moljaca, smradova, buba itd.<\/p>\n<p><strong>Na\u010dini primjene:<\/strong><br \/>\n&#8211; Mo\u017ee se nanositi na povr\u0161inu jedinice za skladi\u0161tenje i direktno na proizvode ili vre\u0107e i kutije kako bi se osigurala dugoro\u010dna za\u0161tita.<br \/>\n&#8211; Prskajte prskalicom pod niskim pritiskom ili koristite ULV ma\u0161inu za zamagljivanje.<br \/>\n&#8211; Obrada vre\u0107a za skladi\u0161tenje: 10 ml u 5 litara vode tretira 100 do 150 m2.<br \/>\n&#8211; Obrada povr\u0161ine u silosima ili skladi\u0161tima: 50 do 100 ml u 5 litara vode za obradu praznih skladi\u0161nih prostora &#8211; 100 do 150 m2.<br \/>\n&#8211; Termalna magla za suzbijanje moljaca: 1 dio proizvoda na 9 dijelova naftnog destilata, nafte ili kerozina (1 l K-Obiol + 9 l razrje\u0111iva\u010da).<br \/>\n&#8211; Termalna magla za suzbijanje ostalih insekata: 1 dio proizvoda na 1 dio destiliranog ulja, nafte ili kerozina (1 l K-Obiol + 1 l razrje\u0111iva\u010da).<br \/>\n&#8211; Doza za toplotnu maglu: 250 ml za 1000 m3.<br \/>\n&#8211; 1000 ml u 99 litara vode za tretiranje \u017eitarica direktnom primjenom za 100 tona \u017eitarica.<br \/>\n&#8211; Ponovite postupak u svakom ciklusu pra\u017enjenja ili punjenja prostora za skladi\u0161tenje.<\/p>\n<p><strong>Kompatibilnost:<\/strong><br \/>\nMo\u017ee se mije\u0161ati s fungicidima, herbicidima, insekticidima, teku\u0107im gnojivima i regulatorima rasta, slijede\u0107i preporuke na etiketi proizvoda.<br \/>\nObratite se oznakama kompatibilnosti i provedite mali test kada kombinirate biljne proizvode.<\/p>\n<p><strong>Preporuke i savjeti za prvu pomo\u0107:<\/strong><br \/>\n&#8211; Da biste izbjegli razvoj otpora, koristite K-Obiol kao integrirani alat za programe upravljanja \u0161teto\u010dinama.<br \/>\nKontakt sa ko\u017eom: Uklonite kontaminiranu odje\u0107u i obu\u0107u. Oprati ko\u017eu s puno sapuna i vode. Odmah potra\u017eite medicinsku pomo\u0107.<br \/>\nDodir sa o\u010dima: Odmah ispirati hladnom vodom najmanje 15 minuta. Odmah potra\u017eite medicinsku pomo\u0107.<br \/>\nU slu\u010daju gutanja: Isprati usta vodom. Ne izazivati \u200b\u200bpovra\u0107anje. Ne dajte ni\u0161ta za jelo ili pi\u0107e. Osigurajte da je di\u0161ni put slobodan. Odmah potra\u017eite medicinsku pomo\u0107.<br \/>\nU slu\u010daju udisanja: Nakon vi\u0161e od slu\u010dajnog udisanja, pacijente izvadite na svje\u017e zrak, odmarajte ih i ugrijte. Odmah potra\u017eite medicinsku pomo\u0107.<br \/>\nMedicinski tretman: Ne postoji specifi\u010dni protuotrov za deltametrin i piperonil butoksid ili proizvod kako je formuliran. Indikovana je simptomatska i suportivna terapija.<\/p>\n","protected":false},"excerpt":{"rendered":"<h3><span style=\"color: #3366ff;\">K-Obiol EC 25 1L<\/span><\/h3>\n<p>K-Obiol EC 25 je profesionalni insekticid na bazi piretrina za upotrebu u skladi\u0161tima hrane kako bi ih za\u0161titio. Proizvod djeluje kontaktom i gutanjem, bore\u0107i se protiv naj\u010de\u0161\u0107ih \u0161teto\u010dina u poljoprivrednom i skladi\u0161nom sektoru.<\/p>\n<p><strong>Prednosti K-Obiol EC 25:<\/strong><br \/>\n&#8211; efikasan protiv insekata koji napadaju uskladi\u0161tene proizvode od \u017eitarica i povr\u0107a;<br \/>\n&#8211; dugotrajna za\u0161tita;<br \/>\n&#8211; sigurno za upotrebu direktno na prehrambenim proizvodima;<br \/>\n&#8211; Mo\u017ee se prskati po zidovima, vre\u0107ama, kutijama.<\/p>\n<a href=\"https:\/\/www.behardoo.ba\/index.php\/product\/k-obiol-ec-25-1l\/\" class=\"btn frontech-btn\"><span><\/span>Detalji<\/a>","protected":false},"featured_media":134,"template":"","meta":[],"product_brand":[],"product_cat":[351,402,50,352],"product_tag":[175,232,186,27,679,237,226,462,343,286,285,229,396,388,310,425,235,236,319,441,231,200,98,251,224,359,135,47,227,230,393,395,314,647,645,646,399,228,401,570,772,54,678,400,215,272,426,234,233,394,94,117,923,84,255,83],"class_list":{"0":"post-132","1":"product","2":"type-product","3":"status-publish","4":"has-post-thumbnail","6":"product_cat-deratizacija","7":"product_cat-insekticidi-zastita_bilja","8":"product_cat-insekticidi","9":"product_cat-zastita_bilja","10":"product_tag-1l","11":"product_tag-232","12":"product_tag-agrar","13":"product_tag-agro","14":"product_tag-apoteka","15":"product_tag-bayer","16":"product_tag-behar","17":"product_tag-behardoo","18":"product_tag-bih","19":"product_tag-bosna","20":"product_tag-bosnia","21":"product_tag-bube","22":"product_tag-chem","23":"product_tag-chemical","24":"product_tag-d-o-o","25":"product_tag-ddd","26":"product_tag-deratizacija","27":"product_tag-dezinsekcija","28":"product_tag-doo","29":"product_tag-dostava","30":"product_tag-ec","31":"product_tag-farm","32":"product_tag-farma","33":"product_tag-farmer","34":"product_tag-hemija","35":"product_tag-hercegovina","36":"product_tag-insekti","37":"product_tag-insekticid","38":"product_tag-k","39":"product_tag-koncentrat","40":"product_tag-kupi","41":"product_tag-maloprodaja","42":"product_tag-ml","43":"product_tag-moljac","44":"product_tag-moljaca","45":"product_tag-moljci","46":"product_tag-naruci","47":"product_tag-obiol","48":"product_tag-online","49":"product_tag-poljo","50":"product_tag-poljoapoteka","51":"product_tag-poljoprivreda","52":"product_tag-poljoprivredna","53":"product_tag-poruci","54":"product_tag-prskanje","55":"product_tag-sarajevo","56":"product_tag-shop","57":"product_tag-skladista","58":"product_tag-skladiste","59":"product_tag-veleprodaja","60":"product_tag-zastita","61":"product_tag-zizak","62":"product_tag-zizka","63":"product_tag-zohar","64":"product_tag-zohara","65":"product_tag-zohari","67":"first","68":"instock","69":"shipping-taxable","70":"product-type-external"},"jetpack_sharing_enabled":true,"_links":{"self":[{"href":"https:\/\/www.behardoo.ba\/index.php\/wp-json\/wp\/v2\/product\/132","targetHints":{"allow":["GET"]}}],"collection":[{"href":"https:\/\/www.behardoo.ba\/index.php\/wp-json\/wp\/v2\/product"}],"about":[{"href":"https:\/\/www.behardoo.ba\/index.php\/wp-json\/wp\/v2\/types\/product"}],"wp:featuredmedia":[{"embeddable":true,"href":"https:\/\/www.behardoo.ba\/index.php\/wp-json\/wp\/v2\/media\/134"}],"wp:attachment":[{"href":"https:\/\/www.behardoo.ba\/index.php\/wp-json\/wp\/v2\/media?parent=132"}],"wp:term":[{"taxonomy":"product_brand","embeddable":true,"href":"https:\/\/www.behardoo.ba\/index.php\/wp-json\/wp\/v2\/product_brand?post=132"},{"taxonomy":"product_cat","embeddable":true,"href":"https:\/\/www.behardoo.ba\/index.php\/wp-json\/wp\/v2\/product_cat?post=132"},{"taxonomy":"product_tag","embeddable":true,"href":"https:\/\/www.behardoo.ba\/index.php\/wp-json\/wp\/v2\/product_tag?post=132"}],"curies":[{"name":"wp","href":"https:\/\/api.w.org\/{rel}","templated":true}]}}