{"id":137,"date":"2021-06-16T12:05:16","date_gmt":"2021-06-16T10:05:16","guid":{"rendered":"http:\/\/www.behardoo.ba\/?post_type=product&#038;p=137"},"modified":"2023-07-26T13:42:41","modified_gmt":"2023-07-26T11:42:41","slug":"cymina-ultra-1l","status":"publish","type":"product","link":"https:\/\/www.behardoo.ba\/index.php\/product\/cymina-ultra-1l\/","title":{"rendered":"Cymina Ultra 1L"},"content":{"rendered":"<h3><span style=\"color: #ff0000;\"><strong>Cymina Ultra 1L<\/strong><\/span><\/h3>\n<p>Cymina Ultra, 1 litra je profesionalni insekticid \u0161irokog spektra koji djeluje protiv \u0161irokog spektra insekata koji pu\u017eu i lete poput buba, buha, komaraca i pauka.<\/p>\n<p>Prednosti:<br \/>\n&#8211; brzo djelovanje, obara ve\u0107ine lete\u0107ih i puze\u0107ih insekata;<br \/>\n&#8211; Djeluje kontaktom i gutanjem;<br \/>\n&#8211; Nudi dugotrajnu rezidualnu za\u0161titu;<br \/>\n&#8211; Ne ostavlja mrlje na obojenim zidovima.<\/p>\n<p>Re\u017eim djelovanja Cymina Ultra:<br \/>\n&#8211; poma\u017ee u za\u0161titi od puze\u0107ih i lete\u0107ih insekata;<br \/>\n&#8211; tri aktivne supstance zajedno rade na stvaranju mo\u0107nog i pouzdanog rje\u0161enja za kontrolu buba;<br \/>\n&#8211; brzo uklanjanje \u0161tetnika insekata pri kontaktu i gutanju;<br \/>\n&#8211; blokira nervnu aktivnost ciljanog insekta, \u0161to dovodi do paralize i smrti;<br \/>\n&#8211; isklju\u010duje prirodni odbrambeni sistem insekata.<\/p>\n<p>Cymina Ultra koristi tri aktivne supstance za efikasno uklanjanje ve\u0107ine vrsta ne\u017eeljenih insekata i njihovih li\u010dinki. Prva supstanca, Cypermethrin, ima sna\u017eno kontaktno djelovanje protiv \u017eiv\u010danog sustava insekata, dok druga supstanca, Tetrametrin, ima najbr\u017ei knock-down u\u010dinak od svih poznatih piretroida i dobro djeluje \u010dak i u prisustvu svjetlosti i topline. Tre\u0107a supstanca, piperonil butoksid, sinergizira se sa druga dva elementa, pove\u0107avaju\u0107i njihovu efikasnost inhibiraju\u0107i oksidacionu aktivnost specifi\u010dnu za enzime koji se osloba\u0111aju u tijelu insekata, i uni\u0161tavaju\u0107i prirodni obrambeni sistem ciljanih insekata.<\/p>\n<p>Na\u010dini primjene:<br \/>\n&#8211; Nanesite prskalicom pod niskim pritiskom.<br \/>\n&#8211; Ne upotrebljavajte ga u jako alkalnim okru\u017eenjima.<br \/>\n&#8211; Pome\u0161ati sa 2% do 4% razbla\u017eenom vodom.<\/p>\n<p><strong>Obavezno pro\u010ditajte i slijedite sve upute, izjavu o odricanju odgovornosti i upute za upotrebu. Koristite odgovaraju\u0107u za\u0161titnu opremu.<\/strong><\/p>\n","protected":false},"excerpt":{"rendered":"<h3><span style=\"color: #ff0000;\"><strong>Cymina Ultra 1L<\/strong><\/span><\/h3>\n<p>Cymina Ultra, 1 litra je profesionalni insekticid \u0161irokog spektra koji djeluje protiv \u0161irokog spektra insekata koji pu\u017eu i lete poput buba, buha, komaraca i pauka.<\/p>\n<p>Prednosti:<br \/>\n&#8211; brzo djelovanje, obara ve\u0107ine lete\u0107ih i puze\u0107ih insekata;<br \/>\n&#8211; Djeluje kontaktom i gutanjem;<br \/>\n&#8211; Nudi dugotrajnu rezidualnu za\u0161titu;<br \/>\n&#8211; Ne ostavlja mrlje na obojenim zidovima.<\/p>\n<a href=\"https:\/\/www.behardoo.ba\/index.php\/product\/cymina-ultra-1l\/\" class=\"btn frontech-btn\"><span><\/span>Detalji<\/a>","protected":false},"featured_media":138,"template":"","meta":[],"product_brand":[],"product_cat":[50],"product_tag":[175,240,229,238,235,236,135,47,242,241,230,215,239,83],"class_list":{"0":"post-137","1":"product","2":"type-product","3":"status-publish","4":"has-post-thumbnail","6":"product_cat-insekticidi","7":"product_tag-1l","8":"product_tag-baje","9":"product_tag-bube","10":"product_tag-cymina","11":"product_tag-deratizacija","12":"product_tag-dezinsekcija","13":"product_tag-insekti","14":"product_tag-insekticid","15":"product_tag-it","16":"product_tag-kolkim","17":"product_tag-koncentrat","18":"product_tag-prskanje","19":"product_tag-ultra","20":"product_tag-zohari","22":"first","23":"instock","24":"shipping-taxable","25":"product-type-external"},"jetpack_sharing_enabled":true,"_links":{"self":[{"href":"https:\/\/www.behardoo.ba\/index.php\/wp-json\/wp\/v2\/product\/137","targetHints":{"allow":["GET"]}}],"collection":[{"href":"https:\/\/www.behardoo.ba\/index.php\/wp-json\/wp\/v2\/product"}],"about":[{"href":"https:\/\/www.behardoo.ba\/index.php\/wp-json\/wp\/v2\/types\/product"}],"wp:featuredmedia":[{"embeddable":true,"href":"https:\/\/www.behardoo.ba\/index.php\/wp-json\/wp\/v2\/media\/138"}],"wp:attachment":[{"href":"https:\/\/www.behardoo.ba\/index.php\/wp-json\/wp\/v2\/media?parent=137"}],"wp:term":[{"taxonomy":"product_brand","embeddable":true,"href":"https:\/\/www.behardoo.ba\/index.php\/wp-json\/wp\/v2\/product_brand?post=137"},{"taxonomy":"product_cat","embeddable":true,"href":"https:\/\/www.behardoo.ba\/index.php\/wp-json\/wp\/v2\/product_cat?post=137"},{"taxonomy":"product_tag","embeddable":true,"href":"https:\/\/www.behardoo.ba\/index.php\/wp-json\/wp\/v2\/product_tag?post=137"}],"curies":[{"name":"wp","href":"https:\/\/api.w.org\/{rel}","templated":true}]}}