{"id":139,"date":"2021-06-16T12:15:04","date_gmt":"2021-06-16T10:15:04","guid":{"rendered":"http:\/\/www.behardoo.ba\/?post_type=product&#038;p=139"},"modified":"2025-03-17T10:45:26","modified_gmt":"2025-03-17T09:45:26","slug":"lumax-1l","status":"publish","type":"product","link":"https:\/\/www.behardoo.ba\/index.php\/product\/lumax-1l\/","title":{"rendered":"Lumax 1L"},"content":{"rendered":"<h2><span style=\"color: #ff00ff;\"><strong>Lumax 1L<\/strong><\/span><\/h2>\n<h3><strong><span style=\"color: #ff0000;\"><span style=\"text-decoration: underline;\">NEMA NA STANJU<\/span><\/span><\/strong><\/h3>\n<p>Lumax je za kukuruz uvjerljivo najsigurniji herbicid. Odli\u010dno suzbija tvrdokorne korove kao \u0161to su abutilon, ambrozija, loboda, dikica i druge jednogodi\u0161nje korove. Lumax \u0107e djelovati na korove preko lista i preko tla te izra\u017eenim produljenim djelovanjem sprije\u010diti naknadni ponik korova.<\/p>\n<p>Lumax je trojna kombinacija herbicidnih djelatnih tvari i predstavlja najcjelovitije rje\u0161enje za suzbijanje\u00a0naj\u0161irega spektra jednogodi\u0161njih uskolisnih i \u0161irokolisnih korova u kukuruzu.<\/p>\n<p>Lumax je najbolji izbor za rano suzbijanje korova u kukuruzu jer:<\/p>\n<ul>\n<li><strong>Ima<\/strong> <strong>najizra\u017eajnije djelovanje na korove<\/strong>: najizra\u017eenije djeluje na tvrdokorne korove kao \u0161to su europski mra\u010dnjak (abutilon), ambrozija, loboda, dikica, ambrozija i ostale jednogodi\u0161nje uskolisne i \u0161irokolisne korove.<\/li>\n<li><strong>Ima<\/strong> <strong>naj\u0161ire vrijeme primjene<\/strong>:\u00a0od sjetve do tre\u0107eg lista kukuruza \u010dime korisniku pru\u017ea fleksibilnost u primjeni.<\/li>\n<li><strong>Sprje\u010dava naknadni ponik korova<\/strong>: Lumax ima posebno izra\u017eeno dugotrajno (rezidualno) djelovanje zbog \u010dega sprje\u010dava naknadni ponik korova.<\/li>\n<li><strong>Je<\/strong> <strong>siguran za usjev kukuruza<\/strong>: Lumax je najsigurniji (selektivan) za usjev kukuruza u odnosu na druge herbicide koji se tako\u0111er primijenjuju u ranom post-em tretmanu.<\/li>\n<\/ul>\n<p><strong>Primjena: <\/strong>Nakon sjetve kukuruza do stadija 3 lista za suzbijanje jednogodi\u0161njih uskolisnih i \u0161irokolisnih korova.<\/p>\n<p><strong>Doza:<\/strong> Prije nicanja kukuruza: 3,5 &#8211; 4 l\/ha. Nakon nicanja do 3 lista kukuruza u dozi 3,5 l\/ha uz dodatak okva\u0161iva\u010da Etalfix Pro (0,1 l\/100 l vode).<\/p>\n","protected":false},"excerpt":{"rendered":"<h2><span style=\"color: #ff00ff;\"><strong>Lumax 1L<\/strong><\/span><\/h2>\n<h3><span style=\"text-decoration: underline;\"><span style=\"color: #ff0000;\"><strong>NEMA NA STANJU<\/strong><\/span><\/span><\/h3>\n<p>Lumax je za kukuruz uvjerljivo najsigurniji herbicid. Odli\u010dno suzbija tvrdokorne korove kao \u0161to su abutilon, ambrozija, loboda, dikica i druge jednogodi\u0161nje korove. Lumax \u0107e djelovati na korove preko lista i preko tla te izra\u017eenim produljenim djelovanjem sprije\u010diti naknadni ponik korova.<\/p>\n<p>Lumax je trojna kombinacija herbicidnih djelatnih tvari i predstavlja najcjelovitije rje\u0161enje za suzbijanje\u00a0naj\u0161irega spektra jednogodi\u0161njih uskolisnih i \u0161irokolisnih korova u kukuruzu.<\/p>\n<a href=\"https:\/\/www.behardoo.ba\/index.php\/product\/lumax-1l\/\" class=\"btn frontech-btn\"><span><\/span>Detalji<\/a>","protected":false},"featured_media":140,"template":"","meta":[],"product_brand":[],"product_cat":[216],"product_tag":[27,252,98,251,218,219,222,249,248,245,243,250,54,215,246,244,247],"class_list":{"0":"post-139","1":"product","2":"type-product","3":"status-publish","4":"has-post-thumbnail","6":"product_cat-herbicidi","7":"product_tag-agro","8":"product_tag-ambrozija","9":"product_tag-farma","10":"product_tag-farmer","11":"product_tag-herbicid","12":"product_tag-herbicidi","13":"product_tag-korov","14":"product_tag-korova","15":"product_tag-korovi","16":"product_tag-kukuruz","17":"product_tag-lumax","18":"product_tag-polje","19":"product_tag-poljoprivreda","20":"product_tag-prskanje","21":"product_tag-sirokolisni","22":"product_tag-sygenta","23":"product_tag-uskolisni","25":"first","26":"instock","27":"shipping-taxable","28":"product-type-external"},"jetpack_sharing_enabled":true,"_links":{"self":[{"href":"https:\/\/www.behardoo.ba\/index.php\/wp-json\/wp\/v2\/product\/139","targetHints":{"allow":["GET"]}}],"collection":[{"href":"https:\/\/www.behardoo.ba\/index.php\/wp-json\/wp\/v2\/product"}],"about":[{"href":"https:\/\/www.behardoo.ba\/index.php\/wp-json\/wp\/v2\/types\/product"}],"wp:featuredmedia":[{"embeddable":true,"href":"https:\/\/www.behardoo.ba\/index.php\/wp-json\/wp\/v2\/media\/140"}],"wp:attachment":[{"href":"https:\/\/www.behardoo.ba\/index.php\/wp-json\/wp\/v2\/media?parent=139"}],"wp:term":[{"taxonomy":"product_brand","embeddable":true,"href":"https:\/\/www.behardoo.ba\/index.php\/wp-json\/wp\/v2\/product_brand?post=139"},{"taxonomy":"product_cat","embeddable":true,"href":"https:\/\/www.behardoo.ba\/index.php\/wp-json\/wp\/v2\/product_cat?post=139"},{"taxonomy":"product_tag","embeddable":true,"href":"https:\/\/www.behardoo.ba\/index.php\/wp-json\/wp\/v2\/product_tag?post=139"}],"curies":[{"name":"wp","href":"https:\/\/api.w.org\/{rel}","templated":true}]}}