{"id":141,"date":"2021-06-16T12:27:00","date_gmt":"2021-06-16T10:27:00","guid":{"rendered":"http:\/\/www.behardoo.ba\/?post_type=product&#038;p=141"},"modified":"2024-01-17T10:01:41","modified_gmt":"2024-01-17T09:01:41","slug":"ficam-w-15g","status":"publish","type":"product","link":"https:\/\/www.behardoo.ba\/index.php\/product\/ficam-w-15g\/","title":{"rendered":"Ficam W 15g"},"content":{"rendered":"<h2><span style=\"color: #3366ff;\"><strong>Ficam W 15g<\/strong><\/span><\/h2>\n<h3><span style=\"text-decoration: underline;\"><strong><span style=\"color: #ff0000; text-decoration: underline;\">NEMA NA STANJU<\/span><\/strong><\/span><\/h3>\n<p>Insekticid namenjen uni\u0161tavanju \u0161tetnih insekata u javnoj i komunalnoj higijeni. Preparat se primenjuje rastvoren u vodi prskanjem, kori\u0161\u0107enjem ru\u010dnih prskalica niskog pritiska.<\/p>\n<p><strong>Primjena:<br \/>\n<\/strong>Prilikom prskanja obavezno koristiti za\u0161titnu opremu.<\/p>\n<p><strong>Doza:<\/strong><br \/>\nNormalna doza (niska gusto\u0107a populacije) 15gr. preparata na 5 lit.vode, za 100m\u00b2(0,3%) specijalna doza (visoka gusto\u0107a populacije) 30 gr.preparata rastvorenih u 5 lit.vode za 100m\u00b2 (0,6%) i za kontrolu muva 15 gr. reparata + 50 gr.\u0161e\u0107era rastvorenih u 5 lit.vode za 125m\u00b2.prostora<strong><br \/>\n<\/strong><\/p>\n<p>&nbsp;<\/p>\n","protected":false},"excerpt":{"rendered":"<h2><span style=\"color: #3366ff;\"><strong>Ficam W 15g<\/strong><\/span><\/h2>\n<h3><span style=\"text-decoration: underline;\"><strong><span style=\"color: #ff0000; text-decoration: underline;\">NEMA NA STANJU<\/span><\/strong><\/span><\/h3>\n<p>Insekticid namenjen uni\u0161tavanju \u0161tetnih insekata u javnoj i komunalnoj higijeni. Preparat se primenjuje rastvoren u vodi prskanjem, kori\u0161\u0107enjem ru\u010dnih prskalica niskog pritiska.<\/p>\n<a href=\"https:\/\/www.behardoo.ba\/index.php\/product\/ficam-w-15g\/\" class=\"btn frontech-btn\"><span><\/span>Detalji<\/a>","protected":false},"featured_media":142,"template":"","meta":[],"product_brand":[],"product_cat":[50],"product_tag":[240,237,235,236,253,47,41,215,234,233,254,255,83],"class_list":{"0":"post-141","1":"product","2":"type-product","3":"status-publish","4":"has-post-thumbnail","6":"product_cat-insekticidi","7":"product_tag-baje","8":"product_tag-bayer","9":"product_tag-deratizacija","10":"product_tag-dezinsekcija","11":"product_tag-ficam","12":"product_tag-insekticid","13":"product_tag-muhe","14":"product_tag-prskanje","15":"product_tag-skladista","16":"product_tag-skladiste","17":"product_tag-w","18":"product_tag-zohara","19":"product_tag-zohari","21":"first","22":"instock","23":"shipping-taxable","24":"product-type-external"},"jetpack_sharing_enabled":true,"_links":{"self":[{"href":"https:\/\/www.behardoo.ba\/index.php\/wp-json\/wp\/v2\/product\/141","targetHints":{"allow":["GET"]}}],"collection":[{"href":"https:\/\/www.behardoo.ba\/index.php\/wp-json\/wp\/v2\/product"}],"about":[{"href":"https:\/\/www.behardoo.ba\/index.php\/wp-json\/wp\/v2\/types\/product"}],"wp:featuredmedia":[{"embeddable":true,"href":"https:\/\/www.behardoo.ba\/index.php\/wp-json\/wp\/v2\/media\/142"}],"wp:attachment":[{"href":"https:\/\/www.behardoo.ba\/index.php\/wp-json\/wp\/v2\/media?parent=141"}],"wp:term":[{"taxonomy":"product_brand","embeddable":true,"href":"https:\/\/www.behardoo.ba\/index.php\/wp-json\/wp\/v2\/product_brand?post=141"},{"taxonomy":"product_cat","embeddable":true,"href":"https:\/\/www.behardoo.ba\/index.php\/wp-json\/wp\/v2\/product_cat?post=141"},{"taxonomy":"product_tag","embeddable":true,"href":"https:\/\/www.behardoo.ba\/index.php\/wp-json\/wp\/v2\/product_tag?post=141"}],"curies":[{"name":"wp","href":"https:\/\/api.w.org\/{rel}","templated":true}]}}