{"id":147,"date":"2021-10-13T11:52:25","date_gmt":"2021-10-13T09:52:25","guid":{"rendered":"http:\/\/www.behardoo.ba\/?post_type=product&#038;p=147"},"modified":"2024-08-13T11:10:33","modified_gmt":"2024-08-13T09:10:33","slug":"bordoska-juha-20-wp-bordovska-corba","status":"publish","type":"product","link":"https:\/\/www.behardoo.ba\/index.php\/product\/bordoska-juha-20-wp-bordovska-corba\/","title":{"rendered":"BORDOTAN Bordo\u0161ka Juha 20 WP (Bordovska \u010dorba) 1kg"},"content":{"rendered":"<h3><strong><span style=\"color: #0000ff;\">BORDO<span style=\"color: #baba23;\">TAN<\/span> Bordo\u0161ka Juha 20 WP (Bordovska \u010dorba) 1kg<\/span><\/strong><\/h3>\n<p>BORDOTAN je kontaktni preventivni fungicid za suzbijanje biljnih bolesti<\/p>\n<p><strong>PRIMJENA:<\/strong><\/p>\n<p><strong>Vinova loza<\/strong><br \/>\n(Vitis vinifera)<\/p>\n<p>\u2013 <em>plamenja\u010da (Plasmopara viticola)<\/em><br \/>\nPrimjena: 100-150 g sredstva u 10 l vode poslije cvatnje vinove loze, a od kretanja vegetacije do cvatnje u koncentraciji od 0,75% (750 g u 100 l vode).<br \/>\nMaksimalni broj tretiranja u sezoni: 3<br \/>\n\u2013 <em>crna trule\u017e (Guignardia bidwellii)<\/em><br \/>\nPrimjena: 100-150 g sredstva u 10 l vode poslije cvatnje vinove loze, a od kretanja vegetacije do cvatnje u koncentraciji od 0,75% (750 g u 100 l vode).<br \/>\nMaksimalni broj tretiranja u sezoni: 3<br \/>\n\u2013 <em>crvena pale\u017e (Pseudopeziza tracheiphila)<\/em><br \/>\nPrimjena: 100-150 g sredstva u 10 l vode poslije cvatnje vinove loze, a od kretanja vegetacije do cvatnje u koncentraciji od 0,75% (750 g u 100 l vode).<br \/>\nMaksimalni broj tretiranja u sezoni: 3<\/p>\n<p><strong>Jabuka<\/strong><\/p>\n<p>\u2013 <em>krastavost (Venturia inaequalis)<\/em><br \/>\nPrimjena: U vrijeme mirovanja vegetacije, u koncentraciji 1,5% (150 g sredstva u 10 l vode) i najkasnije do faze bubrenja pupova (\u201cmi\u0161je u\u0161i\u201d), prije cvatnje, u koncentraciji 1,0 % (100 g sredstva u 10 l vode) a od fenofaze \u201cmi\u0161je u\u0161i\u201d do fenofaze \u201cru\u017ei\u010dasti pup\u201d u koncentraciji od 0,5% (50 g u 10 l vode)<br \/>\nMaksimalni broj tretiranja u sezoni: 2<\/p>\n<p><strong>Kru\u0161ka<\/strong><\/p>\n<p>\u2013 <em>krastavost (Venturia pyrina)<\/em><br \/>\nPrimjena: U vrijeme mirovanja vegetacije, u koncentraciji 1,5% (150 g sredstva u 10 l vode) i najkasnije do faze bubrenja pupova (\u201cmi\u0161je u\u0161i\u201d), prije cvatnje, u koncentraciji 1,0 % (100 g sredstva u 10 l vode) a od fenofaze \u201cmi\u0161je u\u0161i\u201d do fenofaze \u201cru\u017ei\u010dasti pup\u201d u koncentraciji od 0,5% (50 g u 10 l vode)<br \/>\nMaksimalni broj tretiranja u sezoni: 2<\/p>\n<p><strong>Breskva<\/strong><\/p>\n<p>\u2013 <em>kovr\u010davost (Taphrina deformans)<\/em><br \/>\nPrimjena: Samo u vrijeme mirovanja vo\u0107aka.<br \/>\nMaksimalni broj tretiranja u sezoni: 2<br \/>\nDodatne informacije: 150 g sredstva u 10 l vode.<br \/>\n\u2013 <em>\u0161upljikavost (Stigmina carpophila)<\/em><br \/>\nPrimjena: Samo u vrijeme mirovanja vo\u0107aka.<br \/>\nMaksimalni broj tretiranja u sezoni: 2<br \/>\nDodatne informacije: 150 g sredstva u 10 l vode.<\/p>\n<p><strong>Hmelj<\/strong><\/p>\n<p>\u2013 <em>plamenja\u010da (Pseudoperonospora humuli)<\/em><br \/>\nMaksimalni broj tretiranja u sezoni: 2<br \/>\nDodatne informacije: 100-150 g sredstva u 10 l vode. Za zadnje tretiranje koristi se 1%-tna koncentracija (1000-1500 g u 100 l vode)<\/p>\n<p><strong>Krompir<\/strong><\/p>\n<p>\u2013 <em>plamenja\u010da (Phytophthora infestans)<\/em><br \/>\nMaksimalni broj tretiranja u sezoni: 3<br \/>\nDodatne informacije: 100-150 g sredstva u 10 l vode.<\/p>\n<p><strong>Paradajz<\/strong><\/p>\n<p><em>\u00a0\u2013 plamenja\u010da (Phytophthora infestans)<\/em><br \/>\nMaksimalni broj tretiranja u sezoni: 2<br \/>\nDodatne informacije: 100-150 g sredstva u 10 l vode. Ne smije se primjenjivati na sortama paradajza izrazito sitna ploda i mladom luku za salatu zbog previsokih ostataka sredstva.<br \/>\n<em> \u2013 siva pjegavost (Septoria lycopersici)<\/em><br \/>\nMaksimalni broj tretiranja u sezoni: 2<br \/>\nDodatne informacije: 100-150 g sredstva u 10 l vode. Ne smije se primjenjivati na sortama paradaj izrazito sitna ploda i mladom luku za salatu zbog previsokih ostataka sredstva.<\/p>\n<p><strong>Luk (osim mladi luk)<\/strong><\/p>\n<p>\u2013 <em>plamenja\u010da (Peronospora destructor)<\/em><br \/>\nMaksimalni broj tretiranja u sezoni: 2<br \/>\nDodatne informacije: 100-150 g sredstva u 10 l vode<\/p>\n<p><strong>Kupus<\/strong><\/p>\n<p><em>\u2013 plamenja\u010da (Peronospora parasitica)<\/em><br \/>\nMaksimalni broj tretiranja u sezoni: 2<br \/>\nDodatne informacije: 150 g sredstva u 10 l vode.<\/p>\n<p><strong>Vo\u0107ke<\/strong><\/p>\n<p><em>\u2013 upala kore (Botryosphaeria spp.)<\/em><br \/>\nMaksimalni broj tretiranja u sezoni: 2<br \/>\nDodatne informacije: Za dezinfekciju rana vo\u0107aka.<\/p>\n<p><strong>Ko\u0161ti\u010davo vo\u0107e<\/strong><\/p>\n<p><em>\u00a0\u2013 \u0161upljikavost (Stigmina carpophila)<\/em><br \/>\nPrimjena: Samo u vrijeme mirovanja vo\u0107aka.<br \/>\nMaksimalni broj tretiranja u sezoni: 2<br \/>\nDodatne informacije: 150 g sredstva u 10 l vode<br \/>\nPro\u0161irenja uporabe na male kulture i\/ili male namjene:<\/p>\n<p><strong>Mandarina<\/strong><\/p>\n<p><em>\u00a0\u2013 bakterije<\/em><br \/>\nPrimjena: Primjenjuje se protiv Bakterioza (Pseudomonas spp., Xanthomonas spp.). Folijarna primjena.<br \/>\nDodatne informacije: Postoji mogu\u0107nost fitotoksi\u010dnog djelovanja u razdobljima hladnog vremena ili povi\u0161ene vla\u017enosti zraka.<br \/>\n<em>\u00a0 \u2013 melanoza (Phomopsis citri)<\/em><br \/>\nPrimjena: Folijarna primjena.<br \/>\nDodatne informacije: Postoji mogu\u0107nost fitotoksi\u010dnog djelovanja u razdobljima hladnog vremena ili povi\u0161ene vla\u017enosti zraka.<\/p>\n<p><strong>Orah<\/strong><\/p>\n<p><em>\u2013 bakterijska pjegavost (Xanthomonas campestris )<\/em><br \/>\nPrimjena: Tretiranja se provode do pojave resa te jedno tretiranje tijekom razvoja plodova. a) Folijarna primjena. b) Izbjegavati primjenu u vrijeme cvatnje. Utro\u0161ak vode 1000-2000 l\/ha. A) Ne primjenjivati u razdobljima hladnog vremena ili povi\u0161ene vla\u017enosti zraka. B) Ne smije se mje\u0161ati s korekktorima pH, okva\u0161iva\u010dima i folijarnim gnojivima.<br \/>\nMaksimalni broj tretiranja u sezoni: 2<\/p>\n<p><strong>Lijeska<\/strong><\/p>\n<p><em>\u2013 bakterioze (Pseudomonas spp.)<\/em><br \/>\nPrimjena: Protiv bakterioza tretira se u mirovanju vegetacije (jesen i kasna zima), a protiv sme\u0111e trule\u017ei u svibnju i lipnju. a) Folijarna primjena. b) Izbjegavati primjenu u vrijeme cvatnje. A) Ne primjenjivati u razdobljima hladnog vremena ili povi\u0161ene vla\u017enosti zraka. B) Ne smije se mje\u0161ati s korektorima pH, okva\u0161iva\u010dima i folijarnim gnojivima. Utro\u0161ak vode iznosi 1000 l\/ha.<br \/>\nMaksimalni broj tretiranja u sezoni: 2<br \/>\n<em>\u00a0 \u2013 bakterioze (Xanthomonas spp.)<\/em><br \/>\nPrimjena: Protiv bakterioza tretira se u mirovanju vegetacije (jesen i kasna zima), a protiv sme\u0111e trule\u017ei u svibnju i lipnju. a) Folijarna primjena. b) Izbjegavati primjenu u vrijeme cvatnje. A) Ne primjenjivati u razdobljima hladnog vremena ili povi\u0161ene vla\u017enosti zraka. B) Ne smije se mje\u0161ati s korektorima pH, okva\u0161iva\u010dima i folijarnim gnojivima. Utro\u0161ak vode iznosi 1000 l\/ha.<br \/>\nMaksimalni broj tretiranja u sezoni: 2<br \/>\n<em> \u2013 trule\u017e plodova (Monilinia spp.)<\/em><br \/>\nPrimjena: Protiv bakterioza tretira se u mirovanju vegetacije (jesen i kasna zima), a protiv sme\u0111e trule\u017ei u svibnju i lipnju. a) Folijarna primjena. b) Izbjegavati primjenu u vrijeme cvatnje. A) Ne primjenjivati u razdobljima hladnog vremena ili povi\u0161ene vla\u017enosti zraka. B) Ne smije se mje\u0161ati s korektorima pH, okva\u0161iva\u010dima i folijarnim gnojivima. Utro\u0161ak vode iznosi 1000 l\/ha.<br \/>\nMaksimalni broj tretiranja u sezoni: 2<\/p>\n","protected":false},"excerpt":{"rendered":"<h3><strong><span style=\"color: #0000ff;\">BORDO<span style=\"color: #baba23;\">TAN<\/span> Bordo\u0161ka Juha 20 WP (Bordovska \u010dorba) 1kg<\/span><\/strong><\/h3>\n<p>BORDOTAN je kontaktni preventivni fungicid za suzbijanje biljnih bolesti<\/p>\n<p><em>Namjena sredstva: fungicid, baktericid<\/em><\/p>\n<p><em>Podru\u010dje primjene:\u00a0 vo\u0107arstvo, vinogradarstvo, povr\u0107arstvo, ratarstvo<\/em><\/p>\n<a href=\"https:\/\/www.behardoo.ba\/index.php\/product\/bordoska-juha-20-wp-bordovska-corba\/\" class=\"btn frontech-btn\"><span><\/span>Detalji<\/a>","protected":false},"featured_media":515,"template":"","meta":[],"product_brand":[],"product_cat":[201,352],"product_tag":[276,180,186,27,679,226,462,343,269,263,997,265,286,285,267,274,310,319,441,200,98,251,205,206,359,266,264,1000,763,393,395,1002,399,401,268,1001,570,772,54,678,400,275,215,272,426,270,998,271,210,999,394,273,123,204,94],"class_list":{"0":"post-147","1":"product","2":"type-product","3":"status-publish","4":"has-post-thumbnail","6":"product_cat-fungicidi","7":"product_cat-zastita_bilja","8":"product_tag-1kg","9":"product_tag-180","10":"product_tag-agrar","11":"product_tag-agro","12":"product_tag-apoteka","13":"product_tag-behar","14":"product_tag-behardoo","15":"product_tag-bih","16":"product_tag-boje","17":"product_tag-bordoska","18":"product_tag-bordotan","19":"product_tag-bordovska","20":"product_tag-bosna","21":"product_tag-bosnia","22":"product_tag-brodrotan","23":"product_tag-corba","24":"product_tag-d-o-o","25":"product_tag-doo","26":"product_tag-dostava","27":"product_tag-farm","28":"product_tag-farma","29":"product_tag-farmer","30":"product_tag-fungicid","31":"product_tag-fungicidi","32":"product_tag-hercegovina","33":"product_tag-isagro","34":"product_tag-juha","35":"product_tag-kovrcavost","36":"product_tag-krastavost","37":"product_tag-kupi","38":"product_tag-maloprodaja","39":"product_tag-melanoza","40":"product_tag-naruci","41":"product_tag-online","42":"product_tag-plave","43":"product_tag-plemenjacasupljikavost","44":"product_tag-poljo","45":"product_tag-poljoapoteka","46":"product_tag-poljoprivreda","47":"product_tag-poljoprivredna","48":"product_tag-poruci","49":"product_tag-povrce","50":"product_tag-prskanje","51":"product_tag-sarajevo","52":"product_tag-shop","53":"product_tag-tan","54":"product_tag-tantrim","55":"product_tag-tarimcorba","56":"product_tag-trulez","57":"product_tag-turska","58":"product_tag-veleprodaja","59":"product_tag-vocarstvo","60":"product_tag-voce","61":"product_tag-wp","62":"product_tag-zastita","64":"first","65":"instock","66":"shipping-taxable","67":"product-type-external"},"jetpack_sharing_enabled":true,"_links":{"self":[{"href":"https:\/\/www.behardoo.ba\/index.php\/wp-json\/wp\/v2\/product\/147","targetHints":{"allow":["GET"]}}],"collection":[{"href":"https:\/\/www.behardoo.ba\/index.php\/wp-json\/wp\/v2\/product"}],"about":[{"href":"https:\/\/www.behardoo.ba\/index.php\/wp-json\/wp\/v2\/types\/product"}],"wp:featuredmedia":[{"embeddable":true,"href":"https:\/\/www.behardoo.ba\/index.php\/wp-json\/wp\/v2\/media\/515"}],"wp:attachment":[{"href":"https:\/\/www.behardoo.ba\/index.php\/wp-json\/wp\/v2\/media?parent=147"}],"wp:term":[{"taxonomy":"product_brand","embeddable":true,"href":"https:\/\/www.behardoo.ba\/index.php\/wp-json\/wp\/v2\/product_brand?post=147"},{"taxonomy":"product_cat","embeddable":true,"href":"https:\/\/www.behardoo.ba\/index.php\/wp-json\/wp\/v2\/product_cat?post=147"},{"taxonomy":"product_tag","embeddable":true,"href":"https:\/\/www.behardoo.ba\/index.php\/wp-json\/wp\/v2\/product_tag?post=147"}],"curies":[{"name":"wp","href":"https:\/\/api.w.org\/{rel}","templated":true}]}}