{"id":149,"date":"2021-10-13T12:02:53","date_gmt":"2021-10-13T10:02:53","guid":{"rendered":"http:\/\/www.behardoo.ba\/?post_type=product&#038;p=149"},"modified":"2024-01-17T10:01:20","modified_gmt":"2024-01-17T09:01:20","slug":"star-80-wp-1kg","status":"publish","type":"product","link":"https:\/\/www.behardoo.ba\/index.php\/product\/star-80-wp-1kg\/","title":{"rendered":"STAR 80 WP 1kg"},"content":{"rendered":"<h2><strong><span style=\"color: #3366ff;\">STAR 80 WP 1kg<\/span><br \/>\n<\/strong><\/h2>\n<h3><span style=\"text-decoration: underline;\"><strong><span style=\"color: #ff0000; text-decoration: underline;\">NEMA NA STANJU<\/span><\/strong><\/span><\/h3>\n<p>STAR 80 WP je preventivni kontaktni fungicid iz skupine ditiokarbamata.<br \/>\nOblik formulacije: mo\u010divi prah &#8211; koncentrat za suspenziju.<\/p>\n<p>STAR 80 WP namijenjen je za suzbijanje bolesti:<br \/>\n<strong>vinove loze: <\/strong>plamenja\u010de i crne pjegavosti u koncentraciji 0,20 &#8211; 0,25% (200 &#8211; 250 g sredstva u 100 l vode).<br \/>\n<strong>tre\u0161nje i vi\u0161nje: <\/strong>kozi\u010davosti lista u koncentraciji 0,20 &#8211; 0,25% (200 &#8211; 250 g sredstva u 100 l vode).<br \/>\n<strong>\u0161ljive i duhana: <\/strong>plamenja\u010de u koncentraciji 0,20 &#8211; 0,25% (200 &#8211; 250 g sredstva u 100 l vode).<br \/>\n<strong>jabuke i kru\u0161ke: <\/strong>krastavosti ploda u koncentraciji 0,25% (0,25 kg sredstva u 100 l vode).<br \/>\n<strong>krompira i paradajza: <\/strong>plamenja\u010de i crne pjegavosti u koli\u010dini 2,0 &#8211; 2,5 kg\/ha (20 &#8211; 25 g na 100 m\u00b2).<br \/>\n<strong>sjemenske p\u0161enice: <\/strong><\/p>\n<ul>\n<li>sme\u0111e pjegavosti lista i pljevica u koli\u010dini 3,5 kg\/ha (350 g na 1.000 m\u00b2).<\/li>\n<li>hr\u0111e 2 kg\/ha (200 g na 1.000 m\u00b2) uz utro\u0161ak 350 &#8211; 500 l vode po hektaru.<\/li>\n<\/ul>\n<p>U nasadima jezgri\u010davih vo\u0107aka i paradajzu koristi se najvi\u0161e tri puta godi\u0161nje.<br \/>\nVi\u0161nja i tre\u0161nja smiju se tretirati samo nakon berbe.<br \/>\nU krompiru i vinovoj lozi se ne ograni\u010dava.<br \/>\nNe smije se koristiti u kombinaciji sa mo\u010divim sumporom za zadnje tretiranje zbog usporavanja razgradnje na grozdu (karenca za ovu kombinaciju je 56 dana).<br \/>\nNije dozvoljeno mje\u0161anje s kiselim insekticidima etefenom, folijarnim gnojivima koja sadr\u017ee bar, bordo\u0161kom juhom i propamokarbom.<br \/>\nPrimjena iz zrakoplova se dopu\u0161ta samo na velikim povr\u0161inama za p\u0161enicu pod uvjetom da je udaljeno najmanje 200 m od naselja, vodotoka, jezera, mora pri brzini vjetra ispod 3 m\/s.<\/p>\n<p><strong>KARENCA:<\/strong><\/p>\n<ul>\n<li>14 dana za paradajz (u polju i za\u0161ti\u0107enom prostoru) i krompir<\/li>\n<li>21 dan za duhan, luk, jezgri\u010davo i ko\u0161ti\u010davo vo\u0107e, stolne sorte vin. loze<\/li>\n<li>42 dana za vinske sorte vinove loze, merkantilnu p\u0161enicu<\/li>\n<li>Dostupan je u pakiranju od 0,25 kg i 1 kg.<\/li>\n<\/ul>\n","protected":false},"excerpt":{"rendered":"<h2><strong><span style=\"color: #3366ff;\">STAR 80 WP 1kg<\/span><br \/>\n<\/strong><\/h2>\n<h3><span style=\"text-decoration: underline;\"><strong><span style=\"color: #ff0000; text-decoration: underline;\">NEMA NA STANJU<\/span><\/strong><\/span><\/h3>\n<p>STAR 80 WP je preventivni kontaktni fungicid iz skupine ditiokarbamata.<br \/>\nOblik formulacije: mo\u010divi prah &#8211; koncentrat za suspenziju.<\/p>\n<a href=\"https:\/\/www.behardoo.ba\/index.php\/product\/star-80-wp-1kg\/\" class=\"btn frontech-btn\"><span><\/span>Detalji<\/a>","protected":false},"featured_media":150,"template":"","meta":[],"product_brand":[],"product_cat":[201],"product_tag":[276,278,186,27,226,280,286,285,281,284,200,205,206,283,287,54,275,279,272,277,123,204,282],"class_list":{"0":"post-149","1":"product","2":"type-product","3":"status-publish","4":"has-post-thumbnail","6":"product_cat-fungicidi","7":"product_tag-1kg","8":"product_tag-278","9":"product_tag-agrar","10":"product_tag-agro","11":"product_tag-behar","12":"product_tag-bolesti","13":"product_tag-bosna","14":"product_tag-bosnia","15":"product_tag-chromos","16":"product_tag-croatia","17":"product_tag-farm","18":"product_tag-fungicid","19":"product_tag-fungicidi","20":"product_tag-hrvatska","21":"product_tag-kontaktni","22":"product_tag-poljoprivreda","23":"product_tag-povrce","24":"product_tag-preventivni","25":"product_tag-sarajevo","26":"product_tag-star","27":"product_tag-voce","28":"product_tag-wp","29":"product_tag-zagreb","31":"first","32":"instock","33":"shipping-taxable","34":"product-type-external"},"jetpack_sharing_enabled":true,"_links":{"self":[{"href":"https:\/\/www.behardoo.ba\/index.php\/wp-json\/wp\/v2\/product\/149","targetHints":{"allow":["GET"]}}],"collection":[{"href":"https:\/\/www.behardoo.ba\/index.php\/wp-json\/wp\/v2\/product"}],"about":[{"href":"https:\/\/www.behardoo.ba\/index.php\/wp-json\/wp\/v2\/types\/product"}],"wp:featuredmedia":[{"embeddable":true,"href":"https:\/\/www.behardoo.ba\/index.php\/wp-json\/wp\/v2\/media\/150"}],"wp:attachment":[{"href":"https:\/\/www.behardoo.ba\/index.php\/wp-json\/wp\/v2\/media?parent=149"}],"wp:term":[{"taxonomy":"product_brand","embeddable":true,"href":"https:\/\/www.behardoo.ba\/index.php\/wp-json\/wp\/v2\/product_brand?post=149"},{"taxonomy":"product_cat","embeddable":true,"href":"https:\/\/www.behardoo.ba\/index.php\/wp-json\/wp\/v2\/product_cat?post=149"},{"taxonomy":"product_tag","embeddable":true,"href":"https:\/\/www.behardoo.ba\/index.php\/wp-json\/wp\/v2\/product_tag?post=149"}],"curies":[{"name":"wp","href":"https:\/\/api.w.org\/{rel}","templated":true}]}}