{"id":166,"date":"2021-10-18T13:14:33","date_gmt":"2021-10-18T11:14:33","guid":{"rendered":"http:\/\/www.behardoo.ba\/?post_type=product&#038;p=166"},"modified":"2023-08-09T17:19:09","modified_gmt":"2023-08-09T15:19:09","slug":"tragli-ec-1l","status":"publish","type":"product","link":"https:\/\/www.behardoo.ba\/index.php\/product\/tragli-ec-1l\/","title":{"rendered":"Tragli EC 1L"},"content":{"rendered":"<h2><strong><span style=\"color: #339966;\">Tragli EC 1L<\/span><br \/>\n<\/strong><\/h2>\n<p><span class=\"markedContent\"><span dir=\"ltr\" role=\"presentation\">T<\/span><\/span><span dir=\"ltr\" role=\"presentation\">RAGLI EC<\/span><span dir=\"ltr\" role=\"presentation\"> je neselektivni (totalni) sistemi\u010dni herbicid <\/span><span dir=\"ltr\" role=\"presentation\">za suzbijanje izniklih jednogodi\u0161njih i vi\u0161egodi\u0161njih <\/span><span dir=\"ltr\" role=\"presentation\">uskolisnih i \u0161irokolisnih korova uklju\u010duju\u0107i i korove <\/span><span dir=\"ltr\" role=\"presentation\">sa dubokim korijenom tj. rizomima. Primjenjuje se <\/span><span dir=\"ltr\" role=\"presentation\">isklju\u010divo na iznikle korove koji ga usvajaju preko svojih <\/span><span dir=\"ltr\" role=\"presentation\">zelenih dijelova (list, lisna dr\u0161ka, zelena kora) kao i <\/span><span dir=\"ltr\" role=\"presentation\">preko svje\u017eeg reza na drve\u0107u.<\/span><\/p>\n<p><span dir=\"ltr\" role=\"presentation\">AKTIVNA MATERIJA:<\/span><span dir=\"ltr\" role=\"presentation\"> Glifosat 360 g\/l<\/span><br role=\"presentation\" \/><span dir=\"ltr\" role=\"presentation\">FORMULACIJA:<\/span><span dir=\"ltr\" role=\"presentation\"> Koncentrat za emulziju (EC)<\/span><\/p>\n<p><strong><span dir=\"ltr\" role=\"presentation\">PRIMJENA I DOZVOLJENA DOZA<\/span><\/strong><\/p>\n<p><span dir=\"ltr\" role=\"presentation\">Preporu\u010duje se tretirati korov nakon cvjetanja. <\/span><span dir=\"ltr\" role=\"presentation\">Ki\u0161a 6-12 sati nakon tretmana mo\u017ee smanjiti u\u010dinak.<\/span><br role=\"presentation\" \/><br role=\"presentation\" \/><span dir=\"ltr\" role=\"presentation\">Stabla: primijenjivati samo na stablima starijima od 4 <\/span><span dir=\"ltr\" role=\"presentation\">godine.<\/span><\/p>\n<p><strong><span dir=\"ltr\" role=\"presentation\">KARENCA<\/span><\/strong><\/p>\n<p><span dir=\"ltr\" role=\"presentation\">Minimalan period od posljednjeg tretmana do <\/span><span dir=\"ltr\" role=\"presentation\">sakupljanja biljaka ili plodova s ciljem konzumiranja <\/span><span dir=\"ltr\" role=\"presentation\">kod ljudi ili stoke.<\/span><\/p>\n","protected":false},"excerpt":{"rendered":"<h2><strong><span style=\"color: #339966;\">Tragli EC 1L<\/span><br \/>\n<\/strong><\/h2>\n<p><span class=\"markedContent\"><span dir=\"ltr\" role=\"presentation\">T<\/span><\/span><span dir=\"ltr\" role=\"presentation\">RAGLI EC<\/span><span dir=\"ltr\" role=\"presentation\"> je neselektivni (totalni) sistemi\u010dni herbicid <\/span><span dir=\"ltr\" role=\"presentation\">za suzbijanje izniklih jednogodi\u0161njih i vi\u0161egodi\u0161njih <\/span><span dir=\"ltr\" role=\"presentation\">uskolisnih i \u0161irokolisnih korova uklju\u010duju\u0107i i korove <\/span><span dir=\"ltr\" role=\"presentation\">sa dubokim korijenom tj. rizomima. Primjenjuje se <\/span><span dir=\"ltr\" role=\"presentation\">isklju\u010divo na iznikle korove koji ga usvajaju preko svojih <\/span><span dir=\"ltr\" role=\"presentation\">zelenih dijelova (list, lisna dr\u0161ka, zelena kora) kao i <\/span><span dir=\"ltr\" role=\"presentation\">preko svje\u017eeg reza na drve\u0107u.<\/span><\/p>\n<p><span dir=\"ltr\" role=\"presentation\">AKTIVNA MATERIJA:<\/span><span dir=\"ltr\" role=\"presentation\"> Glifosat 360 g\/l<\/span><br role=\"presentation\" \/><span dir=\"ltr\" role=\"presentation\">FORMULACIJA:<\/span><span dir=\"ltr\" role=\"presentation\"> Koncentrat za emulziju (EC)<\/span><\/p>\n<a href=\"https:\/\/www.behardoo.ba\/index.php\/product\/tragli-ec-1l\/\" class=\"btn frontech-btn\"><span><\/span>Detalji<\/a>","protected":false},"featured_media":164,"template":"","meta":[],"product_brand":[],"product_cat":[216],"product_tag":[323,186,27,226,315,310,231,317,200,98,251,218,219,318,222,249,322,324,314,54,275,272,321,123],"class_list":{"0":"post-166","1":"product","2":"type-product","3":"status-publish","4":"has-post-thumbnail","6":"product_cat-herbicidi","7":"product_tag-323","8":"product_tag-agrar","9":"product_tag-agro","10":"product_tag-behar","11":"product_tag-brandit","12":"product_tag-d-o-o","13":"product_tag-ec","14":"product_tag-eu","15":"product_tag-farm","16":"product_tag-farma","17":"product_tag-farmer","18":"product_tag-herbicid","19":"product_tag-herbicidi","20":"product_tag-jednogodisnji","21":"product_tag-korov","22":"product_tag-korova","23":"product_tag-kulture","24":"product_tag-l","25":"product_tag-ml","26":"product_tag-poljoprivreda","27":"product_tag-povrce","28":"product_tag-sarajevo","29":"product_tag-tragli","30":"product_tag-voce","32":"first","33":"instock","34":"shipping-taxable","35":"product-type-external"},"jetpack_sharing_enabled":true,"_links":{"self":[{"href":"https:\/\/www.behardoo.ba\/index.php\/wp-json\/wp\/v2\/product\/166","targetHints":{"allow":["GET"]}}],"collection":[{"href":"https:\/\/www.behardoo.ba\/index.php\/wp-json\/wp\/v2\/product"}],"about":[{"href":"https:\/\/www.behardoo.ba\/index.php\/wp-json\/wp\/v2\/types\/product"}],"wp:featuredmedia":[{"embeddable":true,"href":"https:\/\/www.behardoo.ba\/index.php\/wp-json\/wp\/v2\/media\/164"}],"wp:attachment":[{"href":"https:\/\/www.behardoo.ba\/index.php\/wp-json\/wp\/v2\/media?parent=166"}],"wp:term":[{"taxonomy":"product_brand","embeddable":true,"href":"https:\/\/www.behardoo.ba\/index.php\/wp-json\/wp\/v2\/product_brand?post=166"},{"taxonomy":"product_cat","embeddable":true,"href":"https:\/\/www.behardoo.ba\/index.php\/wp-json\/wp\/v2\/product_cat?post=166"},{"taxonomy":"product_tag","embeddable":true,"href":"https:\/\/www.behardoo.ba\/index.php\/wp-json\/wp\/v2\/product_tag?post=166"}],"curies":[{"name":"wp","href":"https:\/\/api.w.org\/{rel}","templated":true}]}}