{"id":173,"date":"2021-10-18T19:03:59","date_gmt":"2021-10-18T17:03:59","guid":{"rendered":"http:\/\/www.behardoo.ba\/?post_type=product&#038;p=173"},"modified":"2024-03-22T19:26:20","modified_gmt":"2024-03-22T18:26:20","slug":"modro-ulje-1-l","status":"publish","type":"product","link":"https:\/\/www.behardoo.ba\/index.php\/product\/modro-ulje-1-l\/","title":{"rendered":"Modro (plavo) ulje 1 L"},"content":{"rendered":"<p><span style=\"color: #0000ff;\"><strong>MODRO ULJE 1 L<\/strong><\/span> je kombinirani insekticid-fungicid-akaricid namijenjen za zas\u030ctitu trajnih nasada u mirovanju vegetacije.<\/p>\n<p><strong>UPOTREBA:<\/strong><\/p>\n<p>\u0160ljivina \u0161titasta u\u0161<br \/>\n(Lecanium corni)<br \/>\nMaksimalni broj tretiranja u sezoni: 2<br \/>\nDodatne informacije: 200-300 ml sredstva u 10 l vode ure\u0111ajem koji osigurava stalno mije\u0161anje tijekom rada.<\/p>\n<p>Crveni vo\u0107ni pauk<br \/>\n(Panonychus ulmi)<br \/>\nPrimjena: Za suzbijanje zimskih jaja.<br \/>\nMaksimalni broj tretiranja u sezoni: 2<br \/>\nDodatne informacije: 200-300 ml sredstva u 10 l vode ure\u0111ajem koji osigurava stalno mije\u0161anje tijekom rada.<\/p>\n<p>Lisne u\u0161i<br \/>\n(Aphididae)<br \/>\nPrimjena: Za suzbijanje zimskih jaja.<br \/>\nMaksimalni broj tretiranja u sezoni: 2<br \/>\nDodatne informacije: 200-300 ml sredstva u 10 l vode ure\u0111ajem koji osigurava stalno mije\u0161anje tijekom rada.<\/p>\n<p>Obi\u010dna kru\u0161kina buha<br \/>\n(Cacopsylla pyri)<br \/>\nPrimjena: Za suzbijanje zimskih jaja.<br \/>\nMaksimalni broj tretiranja u sezoni: 2<br \/>\nDodatne informacije: 200-300 ml sredstva u 10 l vode ure\u0111ajem koji osigurava stalno mije\u0161anje tijekom rada.<\/p>\n<p>Kovr\u010davost<br \/>\n(Taphrina deformans)<br \/>\nPrimjena: U A fenofazi.<br \/>\nMaksimalni broj tretiranja u sezoni: 2<br \/>\nDodatne informacije: 200-300 ml sredstva u 10 l vode ure\u0111ajem koji osigurava stalno mije\u0161anje tijekom rada.<\/p>\n<p>\u0160upljikavost<br \/>\n(Wilsonomyces carpophilus = Stigmina carpophila = Coryneum beijerinckii)<br \/>\nPrimjena: U fenofazi A (zimski pup).<br \/>\nMaksimalni broj tretiranja u sezoni: 2<br \/>\nDodatne informacije: 200-300 ml sredstva u 10 l vode ure\u0111ajem koji osigurava stalno mije\u0161anje tijekom rada.<\/p>\n<p>Krastavost<br \/>\n(Venturia inaequalis)<br \/>\nPrimjena: U fenofazi A (zimski pup).<br \/>\nMaksimalni broj tretiranja u sezoni: 2<br \/>\nDodatne informacije: 200-300 ml sredstva u 10 l vode ure\u0111ajem koji osigurava stalno mije\u0161anje tijekom rada.<\/p>\n<p>Krastavost<br \/>\n(Venturia pyrina)<br \/>\nPrimjena: U fenofazi A(zimski pup).<br \/>\nMaksimalni broj tretiranja u sezoni: 2<br \/>\nDodatne informacije: 200-300 ml sredstva u 10 l vode ure\u0111ajem koji osigurava stalno mije\u0161anje tijekom rada.<\/p>\n<p>\u260e\ufe0f Za sve informacije nam pi\u0161ite ili nas pozovite na <strong>+387 61 221 470<\/strong><\/p>\n<p>\ud83d\ude9a Tro\u0161ak dostave brzom po\u0161tom je 8,00 KM<\/p>\n","protected":false},"excerpt":{"rendered":"<p><span style=\"color: #0000ff;\"><strong>MODRO ULJE 1 L<\/strong><\/span> je kombinirani insekticid-fungicid-akaricid namijenjen za zas\u030ctitu trajnih nasada u mirovanju vegetacije.<\/p>\n<a href=\"https:\/\/www.behardoo.ba\/index.php\/product\/modro-ulje-1-l\/\" class=\"btn frontech-btn\"><span><\/span>Detalji<\/a>","protected":false},"featured_media":174,"template":"","meta":[],"product_brand":[],"product_cat":[201,216,402,352],"product_tag":[323,186,27,679,226,462,343,286,285,396,388,284,310,319,441,317,200,98,251,205,206,337,188,218,359,854,283,135,47,230,320,322,393,324,395,334,853,399,850,401,336,570,851,772,54,678,400,275,215,272,426,335,394,123,96,94,852],"class_list":{"0":"post-173","1":"product","2":"type-product","3":"status-publish","4":"has-post-thumbnail","6":"product_cat-fungicidi","7":"product_cat-herbicidi","8":"product_cat-insekticidi-zastita_bilja","9":"product_cat-zastita_bilja","10":"product_tag-323","11":"product_tag-agrar","12":"product_tag-agro","13":"product_tag-apoteka","14":"product_tag-behar","15":"product_tag-behardoo","16":"product_tag-bih","17":"product_tag-bosna","18":"product_tag-bosnia","19":"product_tag-chem","20":"product_tag-chemical","21":"product_tag-croatia","22":"product_tag-d-o-o","23":"product_tag-doo","24":"product_tag-dostava","25":"product_tag-eu","26":"product_tag-farm","27":"product_tag-farma","28":"product_tag-farmer","29":"product_tag-fungicid","30":"product_tag-fungicidi","31":"product_tag-fungivid","32":"product_tag-genera","33":"product_tag-herbicid","34":"product_tag-hercegovina","35":"product_tag-hladno","36":"product_tag-hrvatska","37":"product_tag-insekti","38":"product_tag-insekticid","39":"product_tag-koncentrat","40":"product_tag-kultura","41":"product_tag-kulture","42":"product_tag-kupi","43":"product_tag-l","44":"product_tag-maloprodaja","45":"product_tag-modro","46":"product_tag-mraz","47":"product_tag-naruci","48":"product_tag-novag","49":"product_tag-online","50":"product_tag-plavo","51":"product_tag-poljo","52":"product_tag-poljo-apoteka","53":"product_tag-poljoapoteka","54":"product_tag-poljoprivreda","55":"product_tag-poljoprivredna","56":"product_tag-poruci","57":"product_tag-povrce","58":"product_tag-prskanje","59":"product_tag-sarajevo","60":"product_tag-shop","61":"product_tag-ulje","62":"product_tag-veleprodaja","63":"product_tag-voce","64":"product_tag-zasad","65":"product_tag-zastita","66":"product_tag-zimsko","68":"first","69":"instock","70":"shipping-taxable","71":"product-type-external"},"jetpack_sharing_enabled":true,"_links":{"self":[{"href":"https:\/\/www.behardoo.ba\/index.php\/wp-json\/wp\/v2\/product\/173","targetHints":{"allow":["GET"]}}],"collection":[{"href":"https:\/\/www.behardoo.ba\/index.php\/wp-json\/wp\/v2\/product"}],"about":[{"href":"https:\/\/www.behardoo.ba\/index.php\/wp-json\/wp\/v2\/types\/product"}],"wp:featuredmedia":[{"embeddable":true,"href":"https:\/\/www.behardoo.ba\/index.php\/wp-json\/wp\/v2\/media\/174"}],"wp:attachment":[{"href":"https:\/\/www.behardoo.ba\/index.php\/wp-json\/wp\/v2\/media?parent=173"}],"wp:term":[{"taxonomy":"product_brand","embeddable":true,"href":"https:\/\/www.behardoo.ba\/index.php\/wp-json\/wp\/v2\/product_brand?post=173"},{"taxonomy":"product_cat","embeddable":true,"href":"https:\/\/www.behardoo.ba\/index.php\/wp-json\/wp\/v2\/product_cat?post=173"},{"taxonomy":"product_tag","embeddable":true,"href":"https:\/\/www.behardoo.ba\/index.php\/wp-json\/wp\/v2\/product_tag?post=173"}],"curies":[{"name":"wp","href":"https:\/\/api.w.org\/{rel}","templated":true}]}}