{"id":175,"date":"2021-10-19T11:48:40","date_gmt":"2021-10-19T09:48:40","guid":{"rendered":"http:\/\/www.behardoo.ba\/?post_type=product&#038;p=175"},"modified":"2024-06-27T09:49:06","modified_gmt":"2024-06-27T07:49:06","slug":"oil-oro-bijelo-ulje-1-l","status":"publish","type":"product","link":"https:\/\/www.behardoo.ba\/index.php\/product\/oil-oro-bijelo-ulje-1-l\/","title":{"rendered":"OIL-ORO (Bijelo ulje) 1 L"},"content":{"rendered":"<h2><strong><span style=\"color: #ff0000;\">OIL-ORO (Bijelo ulje) 1 L<\/span><br \/>\n<\/strong><\/h2>\n<p><span dir=\"ltr\" role=\"presentation\"><strong>OIL-ORO (Bijelo ulje)<\/strong> je kontaktni insekticid i akaricid za suzbijanje brojnih \u0161tetnika, uklju\u010duju\u0107i zimska i ljetna jaja.<\/span><\/p>\n<p><strong><span dir=\"ltr\" role=\"presentation\">PRIMJENA<\/span><\/strong><span class=\"markedContent\"><br role=\"presentation\" \/><\/span><span dir=\"ltr\" role=\"presentation\">\u00bb<\/span> <span dir=\"ltr\" role=\"presentation\">3-4 l u 100 l vode za tretiranja u tijeku mirovanja <\/span><span dir=\"ltr\" role=\"presentation\">vegetacije.<\/span><span class=\"markedContent\"><br role=\"presentation\" \/><\/span><span dir=\"ltr\" role=\"presentation\">\u00bb<\/span> <span dir=\"ltr\" role=\"presentation\">1-2 l u 100 l vode za tretiranja u kretanju vegetacije i za <\/span><span dir=\"ltr\" role=\"presentation\">ljetna tretiranja.<\/span><span class=\"markedContent\"><br role=\"presentation\" \/><\/span><span dir=\"ltr\" role=\"presentation\">\u00bb<\/span> <span dir=\"ltr\" role=\"presentation\">10 ml u 1 l vode za za\u0161titu sobnog cvije\u0107a<\/span><span class=\"markedContent\"><br role=\"presentation\" \/><\/span><span dir=\"ltr\" role=\"presentation\">\u00bb<\/span> <span dir=\"ltr\" role=\"presentation\">za suzbijanje lisnih u\u0161iju na sjemenskom krumpiru u <\/span><span dir=\"ltr\" role=\"presentation\">dozi 10 l\/ha.<\/span><\/p>\n<p><span dir=\"ltr\" role=\"presentation\">Tretirati treba svakih 7 dana da bi se sprije\u010dila zaraza <\/span><span dir=\"ltr\" role=\"presentation\">gomolja Y virusom. Ne postoji opasnost od stvaranja <\/span><span dir=\"ltr\" role=\"presentation\">rezistentnih (otpornih) sojeva lisnih u\u0161i. Ljetna tretiranja <\/span><span dir=\"ltr\" role=\"presentation\">izbjegavati na biljkama koje su oslabljene su\u0161om.<\/span><\/p>\n<p><strong><span dir=\"ltr\" role=\"presentation\">OIL-ORO (Bijelo ulje) ima i druge primjene<\/span><\/strong><br role=\"presentation\" \/><strong><span dir=\"ltr\" role=\"presentation\">(pomo\u0107no sredstvo):<\/span><\/strong><\/p>\n<p><span dir=\"ltr\" role=\"presentation\">\u00bb<\/span> <span dir=\"ltr\" role=\"presentation\">herbicidno ulje (ovla\u017eiva\u010d) za pobolj\u0161anje u\u010dinka <\/span><span dir=\"ltr\" role=\"presentation\">herbicida naro\u010dito u nepovoljnim uvjetima i kod <\/span><span dir=\"ltr\" role=\"presentation\">suzbijanja odraslih korova i onih koji se te\u017ee vla\u017ee.<\/span><span class=\"markedContent\"><br role=\"presentation\" \/><\/span><span dir=\"ltr\" role=\"presentation\">\u00bb<\/span> <span dir=\"ltr\" role=\"presentation\">pomo\u0107no sredstvo pri metodi zamagljivanja (zamjena <\/span><span dir=\"ltr\" role=\"presentation\">za dizel gorivo) u \u0161umarstvu i komunalnoj higijeni. <\/span><\/p>\n","protected":false},"excerpt":{"rendered":"<h2><strong><span style=\"color: #ff0000;\">OIL-ORO (Bijelo ulje) 1 L<\/span><br \/>\n<\/strong><\/h2>\n<p><span dir=\"ltr\" role=\"presentation\"><strong>OIL-ORO (Bijelo ulje)<\/strong> je kontaktni insekticid i akaricid za suzbijanje brojnih \u0161tetnika, uklju\u010duju\u0107i zimska i ljetna jaja.<\/span><\/p>\n<p><strong><span dir=\"ltr\" role=\"presentation\">OIL-ORO (Bijelo ulje) ima i druge primjene<\/span><\/strong><br role=\"presentation\" \/><strong><span dir=\"ltr\" role=\"presentation\">(pomo\u0107no sredstvo):<\/span><\/strong><\/p>\n<p><span dir=\"ltr\" role=\"presentation\">\u00bb<\/span> <span dir=\"ltr\" role=\"presentation\">herbicidno ulje (ovla\u017eiva\u010d) za pobolj\u0161anje u\u010dinka <\/span><span dir=\"ltr\" role=\"presentation\">herbicida naro\u010dito u nepovoljnim uvjetima i kod <\/span><span dir=\"ltr\" role=\"presentation\">suzbijanja odraslih korova i onih koji se te\u017ee vla\u017ee.<\/span><span class=\"markedContent\"><br role=\"presentation\" \/><\/span><span dir=\"ltr\" role=\"presentation\">\u00bb<\/span> <span dir=\"ltr\" role=\"presentation\">pomo\u0107no sredstvo pri metodi zamagljivanja (zamjena <\/span><span dir=\"ltr\" role=\"presentation\">za dizel gorivo) u \u0161umarstvu i komunalnoj higijeni. <\/span><\/p>\n<a href=\"https:\/\/www.behardoo.ba\/index.php\/product\/oil-oro-bijelo-ulje-1-l\/\" class=\"btn frontech-btn\"><span><\/span>Detalji<\/a>","protected":false},"featured_media":176,"template":"","meta":[],"product_brand":[],"product_cat":[397,216,402,352],"product_tag":[323,186,27,226,343,350,286,315,310,342,200,251,218,47,341,348,320,324,347,338,340,339,54,275,349,272,345,344,316,335,123,94,346],"class_list":{"0":"post-175","1":"product","2":"type-product","3":"status-publish","4":"has-post-thumbnail","6":"product_cat-akaricidi","7":"product_cat-herbicidi","8":"product_cat-insekticidi-zastita_bilja","9":"product_cat-zastita_bilja","10":"product_tag-323","11":"product_tag-agrar","12":"product_tag-agro","13":"product_tag-behar","14":"product_tag-bih","15":"product_tag-bijelo","16":"product_tag-bosna","17":"product_tag-brandit","18":"product_tag-d-o-o","19":"product_tag-fama","20":"product_tag-farm","21":"product_tag-farmer","22":"product_tag-herbicid","23":"product_tag-insekticid","24":"product_tag-italia","25":"product_tag-jesen","26":"product_tag-kultura","27":"product_tag-l","28":"product_tag-ljeto","29":"product_tag-oil","30":"product_tag-oil-oro","31":"product_tag-oro","32":"product_tag-poljoprivreda","33":"product_tag-povrce","34":"product_tag-proljece","35":"product_tag-sarajevo","36":"product_tag-sredstva","37":"product_tag-sredstvo","38":"product_tag-tragusa","39":"product_tag-ulje","40":"product_tag-voce","41":"product_tag-zastita","42":"product_tag-zima","44":"first","45":"instock","46":"shipping-taxable","47":"product-type-external"},"jetpack_sharing_enabled":true,"_links":{"self":[{"href":"https:\/\/www.behardoo.ba\/index.php\/wp-json\/wp\/v2\/product\/175","targetHints":{"allow":["GET"]}}],"collection":[{"href":"https:\/\/www.behardoo.ba\/index.php\/wp-json\/wp\/v2\/product"}],"about":[{"href":"https:\/\/www.behardoo.ba\/index.php\/wp-json\/wp\/v2\/types\/product"}],"wp:featuredmedia":[{"embeddable":true,"href":"https:\/\/www.behardoo.ba\/index.php\/wp-json\/wp\/v2\/media\/176"}],"wp:attachment":[{"href":"https:\/\/www.behardoo.ba\/index.php\/wp-json\/wp\/v2\/media?parent=175"}],"wp:term":[{"taxonomy":"product_brand","embeddable":true,"href":"https:\/\/www.behardoo.ba\/index.php\/wp-json\/wp\/v2\/product_brand?post=175"},{"taxonomy":"product_cat","embeddable":true,"href":"https:\/\/www.behardoo.ba\/index.php\/wp-json\/wp\/v2\/product_cat?post=175"},{"taxonomy":"product_tag","embeddable":true,"href":"https:\/\/www.behardoo.ba\/index.php\/wp-json\/wp\/v2\/product_tag?post=175"}],"curies":[{"name":"wp","href":"https:\/\/api.w.org\/{rel}","templated":true}]}}