{"id":218,"date":"2021-11-18T11:06:53","date_gmt":"2021-11-18T10:06:53","guid":{"rendered":"http:\/\/www.behardoo.ba\/?post_type=product&#038;p=218"},"modified":"2021-11-18T11:10:39","modified_gmt":"2021-11-18T10:10:39","slug":"signum-8g","status":"publish","type":"product","link":"https:\/\/www.behardoo.ba\/index.php\/product\/signum-8g\/","title":{"rendered":"Signum 8g"},"content":{"rendered":"<h2><strong>Signum 8g<\/p>\n<p><\/strong><\/h2>\n<p><strong>Signum <\/strong>je folijarni fungicid sa preventivnim i kurativnim djelovanjem.<\/p>\n<h3><strong>PRIMJENA:<\/strong><\/h3>\n<p><strong>Krompir<\/strong> \u2013 za suzbijanje crne pjegavosti (Alternaria solani), koli\u010dina primjene \u043ed 0,25 kg\/h\u0430 (7,5 g na 10 l vode); na po\u010detku infekcije, a drugo tretiranje 2-3 nedjelje poslije prvog tretiranja.<\/p>\n<p><strong>Paradajz<\/strong> \u2013 za suzbijanje crne pjegavosti (Alternaria solani), koli\u010dina primjene \u043ed 0,4 kg\/ha (10 g na 10 l vode), plesnivosti lista paradjza (Fulvia fulva), koli\u010dina primjene 0,7 kg\/ha (18-20 g na 10 l vode); prvi tretman na po\u010detku infekcije, \u0430 drugi i tre\u0107i 7-10 dana poslije prvog, odnosno drugog tretiranja<\/p>\n<p><strong>Breskva<\/strong> \u2013 za suzbijanje su\u0161enja cvijetova, rodnih gran\u010dica i mrke trule\u017ei plodova (Monilinia laxa i Monilinia fructigena),koli\u010dina primjene 0,056-0,075% (5,60-7,5 g\/10 l vode); od pojave cvetnog balona do punog cvjetanja i\/ili tokom zrenja plodova.<\/p>\n<p><strong>Vi\u0161nja<\/strong> \u2013 za suzbijanje su\u0161enja cvjetova, rodnih gran\u010dica i mrke trule\u017ei plodova (Monilinia laxa) u koli\u010dini 0,56-0,75 kg\/ha (5,6-7,5 g na 10 l vode); po\u010detak cvjetanja (10% cvetova otvoreno), dok je drugo tretiranje u fazi precvjetavanja (cvjetovi se sme\u017euravaju, a ve\u0107ina cvjetova je opala).<\/p>\n<p><strong>Luk<\/strong> \u2013 za suzbijanje plamenja\u010de (Peronospora destructor), koli\u010dina primjene 0,7-1 kg\/h\u0430 (18-25g na 10 l vode); i sive trule\u017ei (Botrytis cinerea), koli\u010dina primjene od 1 kg\/h\u0430 (25 g na 10 l vode)<\/p>\n<p><strong>Paprika<\/strong> \u2013 z\u0430 suzbijanje sive trule\u017ei (Botrytis cinerea), koli\u010dina primjene 1 kg\/ha (25 g na 10 l vode);prvi tretman na po\u010detku infekcije,drugo i tre\u0107e 7-10 dana nakon prvog tj drugog<\/p>\n<p><strong>Salata<\/strong> \u2013 za suzbijanje sive trule\u017ei (Botrytis cinerea), plamenja\u010de (Bremia lactuca), (Sclerotinia sclerotiorum), (Rhizoctonia solani), koli\u010dina primjene od 1,5 kg\/ha (15 g na 10 l vode)<\/p>\n<p><strong>Jagoda, malina<\/strong> \u2013 z\u0430 suzbijanje sive trule\u017ei (Botrytis cinerea), koli\u010dina primjene od 1,5 kg\/ha (15 g\/10 l vode); tokom cvjetanja, precvjetavanja do 7 dana pred berbu plodova<\/p>\n<h3><strong>KARENCA:<\/strong><\/h3>\n<p>Vi\u0161nja, krompir, paradajza, paprika, luk i salata: 14 dana<br \/>\nBreskva, jagoda i malina: 7 dana.<\/p>\n","protected":false},"excerpt":{"rendered":"<h2><strong>Signum 8g<\/p>\n<p><\/strong><\/h2>\n<p><strong>Signum <\/strong>je folijarni fungicid sa preventivnim i kurativnim djelovanjem.<\/p>\n<a href=\"https:\/\/www.behardoo.ba\/index.php\/product\/signum-8g\/\" class=\"btn frontech-btn\"><span><\/span>Detalji<\/a>","protected":false},"featured_media":219,"template":"","meta":[],"product_brand":[],"product_cat":[201],"product_tag":[378,186,27,377,226,343,286,310,319,200,98,251,205,206,379,224,359,54,275,381,272,376,380,123,96],"class_list":{"0":"post-218","1":"product","2":"type-product","3":"status-publish","4":"has-post-thumbnail","6":"product_cat-fungicidi","7":"product_tag-378","8":"product_tag-agrar","9":"product_tag-agro","10":"product_tag-basf","11":"product_tag-behar","12":"product_tag-bih","13":"product_tag-bosna","14":"product_tag-d-o-o","15":"product_tag-doo","16":"product_tag-farm","17":"product_tag-farma","18":"product_tag-farmer","19":"product_tag-fungicid","20":"product_tag-fungicidi","21":"product_tag-g","22":"product_tag-hemija","23":"product_tag-hercegovina","24":"product_tag-poljoprivreda","25":"product_tag-povrce","26":"product_tag-sadnice","27":"product_tag-sarajevo","28":"product_tag-signum","29":"product_tag-usjev","30":"product_tag-voce","31":"product_tag-zasad","33":"first","34":"instock","35":"shipping-taxable","36":"product-type-external"},"jetpack_sharing_enabled":true,"_links":{"self":[{"href":"https:\/\/www.behardoo.ba\/index.php\/wp-json\/wp\/v2\/product\/218","targetHints":{"allow":["GET"]}}],"collection":[{"href":"https:\/\/www.behardoo.ba\/index.php\/wp-json\/wp\/v2\/product"}],"about":[{"href":"https:\/\/www.behardoo.ba\/index.php\/wp-json\/wp\/v2\/types\/product"}],"wp:featuredmedia":[{"embeddable":true,"href":"https:\/\/www.behardoo.ba\/index.php\/wp-json\/wp\/v2\/media\/219"}],"wp:attachment":[{"href":"https:\/\/www.behardoo.ba\/index.php\/wp-json\/wp\/v2\/media?parent=218"}],"wp:term":[{"taxonomy":"product_brand","embeddable":true,"href":"https:\/\/www.behardoo.ba\/index.php\/wp-json\/wp\/v2\/product_brand?post=218"},{"taxonomy":"product_cat","embeddable":true,"href":"https:\/\/www.behardoo.ba\/index.php\/wp-json\/wp\/v2\/product_cat?post=218"},{"taxonomy":"product_tag","embeddable":true,"href":"https:\/\/www.behardoo.ba\/index.php\/wp-json\/wp\/v2\/product_tag?post=218"}],"curies":[{"name":"wp","href":"https:\/\/api.w.org\/{rel}","templated":true}]}}