{"id":221,"date":"2021-11-19T11:36:04","date_gmt":"2021-11-19T10:36:04","guid":{"rendered":"http:\/\/www.behardoo.ba\/?post_type=product&#038;p=221"},"modified":"2024-03-29T10:00:43","modified_gmt":"2024-03-29T09:00:43","slug":"nordox-75-wg-1kg","status":"publish","type":"product","link":"https:\/\/www.behardoo.ba\/index.php\/product\/nordox-75-wg-1kg\/","title":{"rendered":"Nordox 75 WG 1kg"},"content":{"rendered":"<h2><strong><span style=\"color: #000000;\"><span style=\"color: #ff0000;\">Nordox<\/span> 75 WG 1kg<\/span><br \/>\n<\/strong><\/h2>\n<p>Nordox 75 WG je kontaktni preventivni fungicid za suzbijanje biljnih bolesti u vinogradarstvu, maslinarstvu, povr\u0107arstvu i vo\u0107arstvu proizvo\u0111a\u010da Nordox AS.<\/p>\n<p><em>Formulacija sredstva: vododispergiraju\u0107e granule<\/em><\/p>\n<p><strong>Primjena i doziranje:<\/strong><\/p>\n<p><strong>Vinova loza<\/strong><\/p>\n<p><em>\u2013 plamenja\u010da (Plasmopara viticola)<\/em><br \/>\nPrimjena: Tretiranje treba obaviti u fenofazi izboja 3 \u2013 10 cm (stadij D) u koli\u010dini od 100 do 150 g u 100 l vode.<br \/>\n<em>\u2013 crna pjegavost rozgve (Phomopsis viticola)<\/em><br \/>\nPrimjena: Tretiranje treba obaviti u fenofazi izboja 3 \u2013 10 cm (stadij D) u koli\u010dini od 100 do 150 g u 100 l vode.<\/p>\n<p><strong>Krompir<\/strong><\/p>\n<p><em>\u2013 plamenja\u010da (Phytophthora infestans)<\/em><br \/>\nPrimjena: Koristi se prventivno.100 g sredstva u 30 do 50 l vode na 1000 m2.<br \/>\n<em>\u2013 koncentri\u010dna pjegavost (Alternaria solani)<\/em><br \/>\nPrimjena: Koristi se preventivno.100 g sredstva u 30 \u2013 50 l vode na 1000 m2.<\/p>\n<p><strong>Paradajz<\/strong> (ne za izrazito sitnoplodne sorte)<\/p>\n<p><em>\u2013 plamenja\u010da (Phytophthora infestans)<\/em><br \/>\nPrimjena: 100 g sredstva u 30 \u2013 50 l vode na 1000 m2. Ne smije se koristiti na sortama paradajza sitnog ploda.<br \/>\n<em>\u2013 koncentri\u010dna pjegavost (Alternaria solani)<\/em><br \/>\nPrimjena: 100 g sredstva u 30 \u2013 50 l vode na 1000 m2. Ne smije se koristiti na sortama paradajza sitnog ploda.<\/p>\n<p><strong>Tikva<\/strong><\/p>\n<p><em>\u2013 plamenja\u010da (Pseudoperonospora cubensis)<\/em><br \/>\nPrimjena: Krastavci se smiju tretirati samo prije po\u010detka cvatnje.<\/p>\n<p><strong>Lubenica<\/strong><\/p>\n<p><em>\u2013 plamenja\u010da (Pseudoperonospora cubensis)<\/em><br \/>\nPrimjena: Koristi se preventivno.<\/p>\n<p><strong>Krastavac<\/strong><\/p>\n<p><em>\u2013 plamenja\u010da (Pseudoperonospora cubensis)<\/em><br \/>\nPrimjena: Krastavci se smiju tretirati samo prije po\u010detka cvatnje.Koristi se preventivno.<\/p>\n<p><strong>Jabuka<\/strong><\/p>\n<p><em>\u2013 bakterijska pale\u017e (Erwinia amylovora (Burr.) Winsl. et al.)<\/em><br \/>\nPrimjena: U fenofazama A \u2013 B u koncentraciji 0,2 % u fenofazi C u koncentraciji 0,15 % u fenofazi D u koncentraciji 0,1 %, po\u010detak cvatnje do precvjetavanja (E \u2013 H) u koncentraciji 0,03 % u intervalima od 7 dana ili u tank miksu NORDOX 75 WG u koncentraciji 0,01 % + Aliete ili Topic u koncentraciji 0,2 %.<br \/>\n<em>\u2013 krastavost (Venturia inaequalis)<\/em><br \/>\nPrimjena: U mirovanju vegetacije u koncentraciji 0,2 % (200 g u 100 l vode), pri pojavi zelenog vrha pupa(fenofaze B \u2013 C) u koncentraciji 0,1 \u2013 0,2 %(100 \u2013 200 g u 100 l vode) pri pojavi mi\u0161jih u\u0161iju u koncentraciji 0,1 % (fenofaza C3).<\/p>\n<p><strong>Maslina<\/strong><\/p>\n<p><em>\u2013 paunovo oko (Spilocea oleagina)<\/em><\/p>\n<p><strong>Ko\u0161ti\u010davo vo\u0107e<\/strong><\/p>\n<p><em>\u2013 kovr\u010davost (Taphrina deformans)<\/em><br \/>\nPrimjena: Primjena u koncentraciji 0,2%. Primjena je dozvoljena samo u periodu nakon berbe do cvatnje uz ograni\u010denje koli\u010dine \u0161kropiva od 1000 l\/ha. Dozvoljene su najvi\u0161e tri primjene tijekom jedne vegetacije u razmacima od 14 dana.<br \/>\nMaksimalni broj tretiranja u sezoni: 3<br \/>\n<em>\u2013 bakterijski rak ko\u0161ti\u010davih vo\u0107aka (Pseudomonas mors-prunorum )<\/em><br \/>\nPrimjena: Primjena u koncentraciji 0,2%. Primjena je dozvoljena samo u periodu nakon berbe do cvatnje uz ograni\u010denje koli\u010dine \u0161kropiva od 1000 l\/ha. Dozvoljene su najvi\u0161e tri primjene tijekom jedne vegetacije u razmacima od 14 dana.<br \/>\nMaksimalni broj tretiranja u sezoni: 3<br \/>\n<em>\u2013 \u0161upljikavost (Stigmina carpophila)<\/em><br \/>\nPrimjena: Primjena u koncentraciji 0,2%. Primjena je dozvoljena samo u periodu nakon berbe do cvatnje uz ograni\u010denje koli\u010dine \u0161kropiva od 1000 l\/ha. Dozvoljene su najvi\u0161e tri primjene tijekom jedne vegetacije u razmacima od 14 dana.<br \/>\nMaksimalni broj tretiranja u sezoni: 3<br \/>\n<em>\u2013 pale\u017e cvjeta i mladica (Monilinia spp.)<\/em><br \/>\nPrimjena: Primjena u koncentraciji 0,2%. Primjena je dozvoljena samo u periodu nakon berbe do cvatnje uz ograni\u010denje koli\u010dine \u0161kropiva od 1000 l\/ha. Dozvoljene su najvi\u0161e tri primjene tijekom jedne vegetacije u razmacima od 14 dana.<br \/>\nMaksimalni broj tretiranja u sezoni: 3<br \/>\n<em>\u2013 trule\u017e plodova (Monilinia spp.)<\/em><br \/>\nPrimjena: Primjena u koncentraciji 0,2%. Primjena je dozvoljena samo u periodu nakon berbe do cvatnje uz ograni\u010denje koli\u010dine \u0161kropiva od 1000 l\/ha. Dozvoljene su najvi\u0161e tri primjene tijekom jedne vegetacije u razmacima od 14 dana.<br \/>\nMaksimalni broj tretiranja u sezoni: 3<\/p>\n<p><strong>Kru\u0161ka<\/strong><\/p>\n<p><em>\u2013 krastavost (Venturia pyrina)<\/em><br \/>\nPrimjena: Primjena u koncentraciji 0,2%. Primjena je dozvoljena samo u periodu nakon berbe do cvatnje uz ograni\u010denje koli\u010dine \u0161kropiva od 1000 l\/ha. Dozvoljene su najvi\u0161e tri primjene tijekom jedne vegetacije u razmacima od 14 dana.<br \/>\nMaksimalni broj tretiranja u sezoni: 3<br \/>\nPro\u0161irenja uporabe na male kulture i\/ili male namjene:<\/p>\n<p><strong>Jagoda<\/strong><\/p>\n<p><em>\u2013 bakterijska pjegavost (Xanthomonas fragariae)<\/em><br \/>\nPrimjena: Primjeniti 1-2 puta na kraju ljeta ili tijekom zime.<br \/>\nMaksimalni broj tretiranja u sezoni: 2<br \/>\n<em>\u2013 crvena pjegavost lista (Marssonina fragariae )<\/em><br \/>\nPrimjena: Primjeniti 1-2 puta na kraju ljeta ili tijekom zime.<br \/>\nMaksimalni broj tretiranja u sezoni: 2<br \/>\n<em>\u2013 crvena pjegavost lista (Zythia fragariae )<\/em><br \/>\nPrimjena: Primjeniti 1-2 puta na kraju ljeta ili tijekom zime.<br \/>\nMaksimalni broj tretiranja u sezoni: 2<\/p>\n<p><strong>Bobi\u010dasto vo\u0107e<\/strong><\/p>\n<p><em>\u2013 purpurna pjegavost (Stemphylium botryosum)<\/em><br \/>\nPrimjena: Primijeniti preventivno ili pri pojavi prvih znakova bolesti. Primjenjuje se u koli\u010dini od 170-200 g\/ha uz utro\u0161ak vode od 400-800 l\/ha.<\/p>\n<p><strong>Mandarina<\/strong><\/p>\n<p><em>\u2013 bakterije<\/em><br \/>\nPrimjena: Suzbija bakterioze (Pseudomonas spp., Xanthomonas spp.) Primjeniti folijarno u vrijeme mirovanja vegetacije.<br \/>\n<em>\u2013 melanoza (Phomopsis citri)<\/em><br \/>\nPrimjena: Primjeniti folijarno u vrijeme mirovanja vegetacije.<\/p>\n<p>&nbsp;<\/p>\n","protected":false},"excerpt":{"rendered":"<h2><strong><span style=\"color: #ff0000;\">Nordox<\/span> 75 WG 1kg<br \/>\n<\/strong><\/h2>\n<p>Nordox 75 WG je kontaktni preventivni fungicid za suzbijanje biljnih bolesti u vinogradarstvu, maslinarstvu, povr\u0107arstvu i vo\u0107arstvu proizvo\u0111a\u010da Nordox AS.<\/p>\n<p><em>Formulacija sredstva: vododispergiraju\u0107e granule<\/em><\/p>\n<a href=\"https:\/\/www.behardoo.ba\/index.php\/product\/nordox-75-wg-1kg\/\" class=\"btn frontech-btn\"><span><\/span>Detalji<\/a>","protected":false},"featured_media":146,"template":"","meta":[],"product_brand":[],"product_cat":[201],"product_tag":[323,257,186,27,226,286,285,310,319,200,251,205,206,258,359,383,256,272,244,262,382,128],"class_list":{"0":"post-221","1":"product","2":"type-product","3":"status-publish","4":"has-post-thumbnail","6":"product_cat-fungicidi","7":"product_tag-323","8":"product_tag-257","9":"product_tag-agrar","10":"product_tag-agro","11":"product_tag-behar","12":"product_tag-bosna","13":"product_tag-bosnia","14":"product_tag-d-o-o","15":"product_tag-doo","16":"product_tag-farm","17":"product_tag-farmer","18":"product_tag-fungicid","19":"product_tag-fungicidi","20":"product_tag-granule","21":"product_tag-hercegovina","22":"product_tag-kg","23":"product_tag-nordox","24":"product_tag-sarajevo","25":"product_tag-sygenta","26":"product_tag-vodoispirajuce","27":"product_tag-vodootapajuce","28":"product_tag-wg","30":"first","31":"instock","32":"shipping-taxable","33":"product-type-external"},"jetpack_sharing_enabled":true,"_links":{"self":[{"href":"https:\/\/www.behardoo.ba\/index.php\/wp-json\/wp\/v2\/product\/221","targetHints":{"allow":["GET"]}}],"collection":[{"href":"https:\/\/www.behardoo.ba\/index.php\/wp-json\/wp\/v2\/product"}],"about":[{"href":"https:\/\/www.behardoo.ba\/index.php\/wp-json\/wp\/v2\/types\/product"}],"wp:featuredmedia":[{"embeddable":true,"href":"https:\/\/www.behardoo.ba\/index.php\/wp-json\/wp\/v2\/media\/146"}],"wp:attachment":[{"href":"https:\/\/www.behardoo.ba\/index.php\/wp-json\/wp\/v2\/media?parent=221"}],"wp:term":[{"taxonomy":"product_brand","embeddable":true,"href":"https:\/\/www.behardoo.ba\/index.php\/wp-json\/wp\/v2\/product_brand?post=221"},{"taxonomy":"product_cat","embeddable":true,"href":"https:\/\/www.behardoo.ba\/index.php\/wp-json\/wp\/v2\/product_cat?post=221"},{"taxonomy":"product_tag","embeddable":true,"href":"https:\/\/www.behardoo.ba\/index.php\/wp-json\/wp\/v2\/product_tag?post=221"}],"curies":[{"name":"wp","href":"https:\/\/api.w.org\/{rel}","templated":true}]}}