{"id":233,"date":"2022-04-19T12:31:17","date_gmt":"2022-04-19T10:31:17","guid":{"rendered":"http:\/\/www.behardoo.ba\/?post_type=product&#038;p=233"},"modified":"2022-04-19T12:31:17","modified_gmt":"2022-04-19T10:31:17","slug":"demitan-100ml","status":"publish","type":"product","link":"https:\/\/www.behardoo.ba\/index.php\/product\/demitan-100ml\/","title":{"rendered":"Demitan 100ml"},"content":{"rendered":"<div class=\"kvgmc6g5 cxmmr5t8 oygrvhab hcukyx3x c1et5uql ii04i59q\">\n<h2 dir=\"auto\"><span style=\"color: #ff0000;\">DEMITAN<\/span> 100ml<\/h2>\n<div dir=\"auto\"><\/div>\n<\/div>\n<div class=\"cxmmr5t8 oygrvhab hcukyx3x c1et5uql o9v6fnle ii04i59q\">\n<div dir=\"auto\"><strong>Kontaktni akaricid.<\/strong><\/div>\n<div dir=\"auto\"><strong>Oblik formulacije:<\/strong> teku\u0107a koncentrirana suspenzija (SC).<\/div>\n<div dir=\"auto\"><\/div>\n<\/div>\n<div class=\"cxmmr5t8 oygrvhab hcukyx3x c1et5uql o9v6fnle ii04i59q\">\n<div dir=\"auto\"><span style=\"color: #ff0000;\"><strong>DEMITAN<\/strong><\/span> je kontaktni akaricid namijenjen suzbijanju prvih pokretnih oblika \u0161tetnika:<\/div>\n<div dir=\"auto\"><\/div>\n<\/div>\n<div class=\"cxmmr5t8 oygrvhab hcukyx3x c1et5uql o9v6fnle ii04i59q\">\n<div dir=\"auto\"><span class=\"pq6dq46d tbxw36s4 knj5qynh kvgmc6g5 ditlmg2l oygrvhab nvdbi5me sf5mxxl7 gl3lb2sf hhz5lgdu\"><img loading=\"lazy\" decoding=\"async\" src=\"https:\/\/static.xx.fbcdn.net\/images\/emoji.php\/v9\/t33\/1\/16\/2705.png\" alt=\"\u2705\" width=\"16\" height=\"16\" \/><\/span> crvenog vo\u0107nog pauka (Panonychus ulmi)<\/div>\n<div dir=\"auto\"><span class=\"pq6dq46d tbxw36s4 knj5qynh kvgmc6g5 ditlmg2l oygrvhab nvdbi5me sf5mxxl7 gl3lb2sf hhz5lgdu\"><img loading=\"lazy\" decoding=\"async\" src=\"https:\/\/static.xx.fbcdn.net\/images\/emoji.php\/v9\/t33\/1\/16\/2705.png\" alt=\"\u2705\" width=\"16\" height=\"16\" \/><\/span> koprivine grinje (Tetranychus urticae)<\/div>\n<\/div>\n<div class=\"cxmmr5t8 oygrvhab hcukyx3x c1et5uql o9v6fnle ii04i59q\">\n<div dir=\"auto\"><\/div>\n<div dir=\"auto\"><strong>Ukrasno bilje:<\/strong><\/div>\n<div dir=\"auto\"><\/div>\n<div dir=\"auto\">U krizantemama, karanfilima, gerberima, ukrasnom bilju, rasadnicima ukrasnog drve\u0107a u za\u0161ti\u0107enom prostoru<\/div>\n<\/div>\n<div class=\"cxmmr5t8 oygrvhab hcukyx3x c1et5uql o9v6fnle ii04i59q\">\n<div dir=\"auto\"><span class=\"pq6dq46d tbxw36s4 knj5qynh kvgmc6g5 ditlmg2l oygrvhab nvdbi5me sf5mxxl7 gl3lb2sf hhz5lgdu\"><img loading=\"lazy\" decoding=\"async\" src=\"https:\/\/static.xx.fbcdn.net\/images\/emoji.php\/v9\/t33\/1\/16\/2705.png\" alt=\"\u2705\" width=\"16\" height=\"16\" \/><\/span> crvenog vo\u0107nog pauka i koprivine grinje u koli\u010dni 100 -125 ml u 100 l vode.<\/div>\n<div dir=\"auto\">Primijeniti kod pojave prvih pokretnih oblika \u0161tetnika.<\/div>\n<div dir=\"auto\"><\/div>\n<\/div>\n<div class=\"cxmmr5t8 oygrvhab hcukyx3x c1et5uql o9v6fnle ii04i59q\">\n<div dir=\"auto\">Sredstvo ima popratno djelovanje na \u0161tetnike iz porodice Aleyrodidae u staklenicima<\/div>\n<div dir=\"auto\">(Trialeurodes vaporariorum, Bemisia tabaci).<\/div>\n<div dir=\"auto\"><\/div>\n<\/div>\n<div class=\"cxmmr5t8 oygrvhab hcukyx3x c1et5uql o9v6fnle ii04i59q\">\n<h3 dir=\"auto\"><strong>KARENCA:<\/strong><\/h3>\n<div dir=\"auto\"><\/div>\n<\/div>\n<div class=\"cxmmr5t8 oygrvhab hcukyx3x c1et5uql o9v6fnle ii04i59q\">\n<div dir=\"auto\">Nije primjenjiva za krizanteme, karanfile, gerbere, ukrasno bilje i rasadnike ukrasnog drve\u0107a.<\/p>\n<\/div>\n<\/div>\n","protected":false},"excerpt":{"rendered":"<div class=\"kvgmc6g5 cxmmr5t8 oygrvhab hcukyx3x c1et5uql ii04i59q\">\n<h2 dir=\"auto\"><span style=\"color: #ff0000;\">DEMITAN<\/span> 100ml<\/h2>\n<div dir=\"auto\"><\/div>\n<\/div>\n<div class=\"cxmmr5t8 oygrvhab hcukyx3x c1et5uql o9v6fnle ii04i59q\">\n<div dir=\"auto\"><strong>Kontaktni akaricid.<\/strong><\/div>\n<div dir=\"auto\"><strong>Oblik formulacije:<\/strong> teku\u0107a koncentrirana suspenzija (SC).<\/div>\n<div dir=\"auto\"><\/div>\n<\/div>\n<div class=\"cxmmr5t8 oygrvhab hcukyx3x c1et5uql o9v6fnle ii04i59q\">\n<div dir=\"auto\"><span style=\"color: #ff0000;\"><strong>DEMITAN<\/strong><\/span> je kontaktni akaricid namijenjen suzbijanju prvih pokretnih oblika \u0161tetnika.<\/div>\n<\/div>\n<a href=\"https:\/\/www.behardoo.ba\/index.php\/product\/demitan-100ml\/\" class=\"btn frontech-btn\"><span><\/span>Detalji<\/a>","protected":false},"featured_media":234,"template":"","meta":[],"product_brand":[],"product_cat":[397],"product_tag":[27,212,328,226,343,286,285,396,388,284,310,398,319,200,251,224,359,283,393,399,401,54,400,392,272,345,375],"class_list":{"0":"post-233","1":"product","2":"type-product","3":"status-publish","4":"has-post-thumbnail","6":"product_cat-akaricidi","7":"product_tag-agro","8":"product_tag-agronomija","9":"product_tag-akaricid","10":"product_tag-behar","11":"product_tag-bih","12":"product_tag-bosna","13":"product_tag-bosnia","14":"product_tag-chem","15":"product_tag-chemical","16":"product_tag-croatia","17":"product_tag-d-o-o","18":"product_tag-demitan","19":"product_tag-doo","20":"product_tag-farm","21":"product_tag-farmer","22":"product_tag-hemija","23":"product_tag-hercegovina","24":"product_tag-hrvatska","25":"product_tag-kupi","26":"product_tag-naruci","27":"product_tag-online","28":"product_tag-poljoprivreda","29":"product_tag-poruci","30":"product_tag-prodaja","31":"product_tag-sarajevo","32":"product_tag-sredstva","33":"product_tag-zastitna","35":"first","36":"instock","37":"shipping-taxable","38":"product-type-external"},"jetpack_sharing_enabled":true,"_links":{"self":[{"href":"https:\/\/www.behardoo.ba\/index.php\/wp-json\/wp\/v2\/product\/233","targetHints":{"allow":["GET"]}}],"collection":[{"href":"https:\/\/www.behardoo.ba\/index.php\/wp-json\/wp\/v2\/product"}],"about":[{"href":"https:\/\/www.behardoo.ba\/index.php\/wp-json\/wp\/v2\/types\/product"}],"wp:featuredmedia":[{"embeddable":true,"href":"https:\/\/www.behardoo.ba\/index.php\/wp-json\/wp\/v2\/media\/234"}],"wp:attachment":[{"href":"https:\/\/www.behardoo.ba\/index.php\/wp-json\/wp\/v2\/media?parent=233"}],"wp:term":[{"taxonomy":"product_brand","embeddable":true,"href":"https:\/\/www.behardoo.ba\/index.php\/wp-json\/wp\/v2\/product_brand?post=233"},{"taxonomy":"product_cat","embeddable":true,"href":"https:\/\/www.behardoo.ba\/index.php\/wp-json\/wp\/v2\/product_cat?post=233"},{"taxonomy":"product_tag","embeddable":true,"href":"https:\/\/www.behardoo.ba\/index.php\/wp-json\/wp\/v2\/product_tag?post=233"}],"curies":[{"name":"wp","href":"https:\/\/api.w.org\/{rel}","templated":true}]}}