{"id":235,"date":"2022-04-19T14:35:11","date_gmt":"2022-04-19T12:35:11","guid":{"rendered":"http:\/\/www.behardoo.ba\/?post_type=product&#038;p=235"},"modified":"2025-02-05T11:41:17","modified_gmt":"2025-02-05T10:41:17","slug":"force-05-g-1kg","status":"publish","type":"product","link":"https:\/\/www.behardoo.ba\/index.php\/product\/force-05-g-1kg\/","title":{"rendered":"Force 0,5 G 1kg"},"content":{"rendered":"<h2><span><b><span style=\"color: #ff9900;\">Force\u00a00,5 G<\/span> 1kg<\/b><\/span><\/h2>\n<p><b>Prava sila za za\u0161titu povr\u0107a iz zemlji\u0161ta<\/b>\u00a0\ud83d\udcaa<\/p>\n<p><b>FORCE 0.5 G<\/b>\u00a0je kontaktni insekticid sa respiratornim delovanjem i izvjesnim repelentnim osobinama, za suzbijanje \u017ei\u010dara (Elateridae) u usjevima krompira, mrkve, kupusa i gr\u010dica (Melolonthinae) u usjevu kupusa.<\/p>\n<p><span><b>Na\u010din djelovanja:<\/b><\/span><\/p>\n<p><b>FORCE 0.5 G<\/b>\u00a0je nesistemi\u010dni insekticid, na bazi teflutrina, u obliku granula koji se primenjuje u vrijeme sjetve\/sadnje ili rasa\u0111ivanja. Teflutrin je jedini piretroid koji se koristi za suzbijanje zemlji\u0161nih \u0161teto\u010dina.\u00a0<b>FORCE 0.5 G<\/b>\u00a0djeluje kontaktno i digestivno na \u0161teto\u010dine u zemlji\u0161tu. Osim toga, teflutrin u\u00a0\u00a0<b>FORCE 0.5 G\u00a0<\/b>ima sposobnost da u zemlji\u0161tu prelazi u gasnu fazu i stvara za\u0161titnu zonu oko sjemena i korijena i na taj na\u010din repelentno djeluje na insekte u zemlji\u0161tu i u povr\u0161inskim slojevima.<\/p>\n<p><span><b>Primjena:<\/b><\/span><\/p>\n<p>\u2705 Krompir, mrkva<\/p>\n<p>Larve sko\u010dibuba &#8211; \u017ei\u010dari (Elateridae) &#8211; 12-15 kg\/ha &#8211; Istovremeno sa sjetvom, odnosno sadnjom, kada je pregledom zemlji\u0161ta utvr\u0111eno jedan ili vi\u0161e \u017ei\u010dara po m\u00b2<br \/>\nKarenca : Obezbje\u0111ena vremenom primjene<\/p>\n<p>\u2705 Kupus<\/p>\n<p>Larve sko\u010dibuba &#8211; \u017ei\u010dari (Elateridae), larve gundelja \u2013 gr\u010dice (Melolonthinae) &#8211; 20-25 kg\/ha &#8211; Istovremeno sa rasa\u0111ivanjem, rasturanjem granula u zoni redova oko korijena biljaka, depozitorima<br \/>\nKarenca: Obezbje\u0111ena vremenom primjene<\/p>\n","protected":false},"excerpt":{"rendered":"<h2><b><span style=\"color: #ff9900;\">Force\u00a00,5 G<\/span> 1kg<\/b><\/h2>\n<p><b>Prava sila za za\u0161titu povr\u0107a iz zemlji\u0161ta<\/b>\u00a0\ud83d\udcaa<\/p>\n<p><b>FORCE 0.5 G<\/b>\u00a0je kontaktni insekticid sa respiratornim delovanjem i izvjesnim repelentnim osobinama, za suzbijanje \u017ei\u010dara (Elateridae) u usjevima krompira, mrkve, kupusa i gr\u010dica (Melolonthinae) u usjevu kupusa.<\/p>\n<a href=\"https:\/\/www.behardoo.ba\/index.php\/product\/force-05-g-1kg\/\" class=\"btn frontech-btn\"><span><\/span>Detalji<\/a>","protected":false},"featured_media":236,"template":"","meta":[],"product_brand":[],"product_cat":[50,402],"product_tag":[323,276,404,186,27,226,343,286,285,396,388,310,319,200,98,251,403,379,224,359,411,135,47,383,393,409,395,408,54,333,392,410,272,345,405,394,407,406],"class_list":{"0":"post-235","1":"product","2":"type-product","3":"status-publish","4":"has-post-thumbnail","6":"product_cat-insekticidi","7":"product_cat-insekticidi-zastita_bilja","8":"product_tag-323","9":"product_tag-1kg","10":"product_tag-404","11":"product_tag-agrar","12":"product_tag-agro","13":"product_tag-behar","14":"product_tag-bih","15":"product_tag-bosna","16":"product_tag-bosnia","17":"product_tag-chem","18":"product_tag-chemical","19":"product_tag-d-o-o","20":"product_tag-doo","21":"product_tag-farm","22":"product_tag-farma","23":"product_tag-farmer","24":"product_tag-force","25":"product_tag-g","26":"product_tag-hemija","27":"product_tag-hercegovina","28":"product_tag-insects","29":"product_tag-insekti","30":"product_tag-insekticid","31":"product_tag-kg","32":"product_tag-kupi","33":"product_tag-kupiti","34":"product_tag-maloprodaja","35":"product_tag-natura","36":"product_tag-poljoprivreda","37":"product_tag-priroda","38":"product_tag-prodaja","39":"product_tag-radnja","40":"product_tag-sarajevo","41":"product_tag-sredstva","42":"product_tag-syngenta","43":"product_tag-veleprodaja","44":"product_tag-zemljisni","45":"product_tag-zemljiste","47":"first","48":"instock","49":"shipping-taxable","50":"product-type-external"},"jetpack_sharing_enabled":true,"_links":{"self":[{"href":"https:\/\/www.behardoo.ba\/index.php\/wp-json\/wp\/v2\/product\/235","targetHints":{"allow":["GET"]}}],"collection":[{"href":"https:\/\/www.behardoo.ba\/index.php\/wp-json\/wp\/v2\/product"}],"about":[{"href":"https:\/\/www.behardoo.ba\/index.php\/wp-json\/wp\/v2\/types\/product"}],"wp:featuredmedia":[{"embeddable":true,"href":"https:\/\/www.behardoo.ba\/index.php\/wp-json\/wp\/v2\/media\/236"}],"wp:attachment":[{"href":"https:\/\/www.behardoo.ba\/index.php\/wp-json\/wp\/v2\/media?parent=235"}],"wp:term":[{"taxonomy":"product_brand","embeddable":true,"href":"https:\/\/www.behardoo.ba\/index.php\/wp-json\/wp\/v2\/product_brand?post=235"},{"taxonomy":"product_cat","embeddable":true,"href":"https:\/\/www.behardoo.ba\/index.php\/wp-json\/wp\/v2\/product_cat?post=235"},{"taxonomy":"product_tag","embeddable":true,"href":"https:\/\/www.behardoo.ba\/index.php\/wp-json\/wp\/v2\/product_tag?post=235"}],"curies":[{"name":"wp","href":"https:\/\/api.w.org\/{rel}","templated":true}]}}