{"id":244,"date":"2022-04-20T13:04:22","date_gmt":"2022-04-20T11:04:22","guid":{"rendered":"http:\/\/www.behardoo.ba\/?post_type=product&#038;p=244"},"modified":"2023-11-17T09:36:58","modified_gmt":"2023-11-17T08:36:58","slug":"ridomil-gold-r-1kg","status":"publish","type":"product","link":"https:\/\/www.behardoo.ba\/index.php\/product\/ridomil-gold-r-1kg\/","title":{"rendered":"Ridomil Gold R 1kg"},"content":{"rendered":"<h2><strong><span style=\"color: #ffcc00;\"><span style=\"color: #000000;\">Ridomil<\/span> Gold R<\/span>\u00a01kg<\/strong><\/h2>\n<p><b>Fungicid namijenjen suzbijanju biljnih bolesti u vinogradarstvu i povr\u0107arstvu.<\/b><\/p>\n<p><b>Sadr\u017ei:<\/b>\u00a0Metalaksil-M, 19,40 g\/kg; bakar oksiklorid, 141,90 g\/kg<\/p>\n<p><b>Na\u010din djelovanja:<\/b>\u00a0RIDOMIL GOLD R sadr\u017ei aktivne tvari metalaksil-M i bakrov oksiklorid. Metalaksil-M je aktivna tvar iz kemijske skupine fenilamida. Inhibira sintezu ribonukleinske kiseline. Djeluje primarno na klijanje spora pseudogljiva uzro\u010dnika plamenja\u010da (Oomycetes), ima izra\u017eena sistemi\u010dna svojstva i kre\u0107e se unutar biljke uzlaznim (akropetalnim) tokovima sprje\u010davaju\u0107i razvoj patogena unutar biljnog tkiva. Bakrov oksiklorid je aktivna tvar s povr\u0161inskim djelovanjem (\u201ekontaktni\u201c fungicid) koji djeluje na vi\u0161e mjesta u razvojnom ciklusu velikog broja uzro\u010dnika biljnih bolesti. Uzrokuje denaturaciju stani\u010dnih proteina. Preventivnog je na\u010dina djelovanja.<\/p>\n<p><b>Sredstvo RIDOMIL GOLD R se koristi na:<\/b><\/p>\n<p>&#8211; vinovoj lozi za suzbijanje plamenja\u010de (Plasmopara viticola) u koli\u010dini do najvi\u0161e 5 kg\/ha. Sredstvo se primjenjuje kada postoji rizik od zaraze ili u uvjetima povoljnima za razvoj bolesti. Dozvoljene su najvi\u0161e dvije primjene tijekom vegetacije, uz razmak od 10 \u2013 14 dana izme\u0111u primjena;<\/p>\n<p>&#8211; krumpiru (na otvorenom) za suzbijanje plamenja\u010de (Phytophthora infestans) u koli\u010dini do najvi\u0161e 5 kg\/ha. Sredstvo se primjenjuje kada postoji rizik od zaraze ili u uvjetima povoljnima za razvoj bolesti. Dozvoljene su najvi\u0161e dvije primjene tijekom vegetacije, uz razmak od 10 \u2013 14 dana izme\u0111u primjena;<\/p>\n<p>&#8211; raj\u010dici (na otvorenom i u za\u0161ti\u0107enom prostoru) za suzbijanje plamenja\u010de (Phytophthora infestans) u koli\u010dini do najvi\u0161e 5 kg\/ha. Sredstvo se primjenjuje kada postoji rizik od zaraze ili u uvjetima povoljnima za razvoj bolesti. Dozvoljene su najvi\u0161e dvije primjene tijekom vegetacije, uz razmak od 10 \u2013 14 dana izme\u0111u primjena;<\/p>\n<p>&#8211; luku (na otvorenom) za suzbijanje plamenja\u010de (Peronospora destructor) u koli\u010dini do najvi\u0161e 5 kg\/ha. Sredstvo se primjenjuje kada postoji rizik od zaraze ili u uvjetima povoljnima za razvoj bolesti. Dozvoljena je najvi\u0161e jedna primjena tijekom vegetacije;<\/p>\n<p>&#8211;\u00a0salati i endiviji (na otvorenom i u za\u0161ti\u0107enom prostoru)\u00a0za suzbijanje\u00a0plamenja\u010de\u00a0(Bremia lactucae) u koli\u010dini do najvi\u0161e 5 kg\/ha. Sredstvo se primjenjuje kada postoji rizik od zaraze ili u uvjetima povoljnima za razvoj bolesti. Dozvoljena je najvi\u0161e jedna primjena tijekom vegetacije;<\/p>\n<p>&#8211;\u00a0matovilcu (na otvorenom)\u00a0za suzbijanje\u00a0plamenja\u010de\u00a0(Peronospora valerianellae) u koli\u010dini do najvi\u0161e 5 kg\/ha. Sredstvo se primjenjuje kada postoji rizik od zaraze ili u uvjetima povoljnima za razvoj bolesti. Dozvoljena je najvi\u0161e jedna primjena tijekom vegetacije;<\/p>\n<p>&#8211;\u00a0cvjeta\u010di\u00a0(na otvorenom) za suzbijanje\u00a0plamenja\u010de\u00a0(Peronospora parasitica) u koli\u010dini do najvi\u0161e 5 kg\/ha. Sredstvo se primjenjuje kada postoji rizik od zaraze ili u uvjetima povoljnima za razvoj bolesti. Dozvoljena je najvi\u0161e jedna primjena tijekom vegetacije;<\/p>\n<p>&#8211;\u00a0brokuli (na otvorenom)\u00a0za suzbijanje\u00a0plamenja\u010de\u00a0(Peronospora parasitica) u koli\u010dini do najvi\u0161e 5 kg\/ha. Sredstvo se primjenjuje kada postoji rizik od zaraze ili u uvjetima povoljnima za razvoj bolesti. Dozvoljena je najvi\u0161e jedna primjena tijekom vegetacije;<\/p>\n<p>&#8211;\u00a0rikoli (na otvorenom)\u00a0za suzbijanje plamenja\u010de (Peronospora parasitica) u koli\u010dini do najvi\u0161e 5 kg\/ha. Sredstvo se primjenjuje kada postoji rizik od zaraze ili u uvjetima povoljnima za razvoj bolesti. Dozvoljena je najvi\u0161e jedna primjena tijekom vegetacije;<\/p>\n<p>&#8211;\u00a0dinji (na otvorenom i u za\u0161ti\u0107enom prostoru)\u00a0za suzbijanje\u00a0plamenja\u010de\u00a0(Pseudoperonospora cubensis) u koli\u010dini do najvi\u0161e 5 kg\/ha. Sredstvo se primjenjuje kada postoji rizik od zaraze ili u uvjetima povoljnima za razvoj bolesti. Dozvoljene su najvi\u0161e dvije primjene tijekom vegetacije, uz razmak od 10 \u2013 14 dana izme\u0111u primjena;<\/p>\n<p>&#8211;\u00a0lubenici (na otvorenom i u za\u0161ti\u0107enom prostoru)\u00a0za suzbijanje\u00a0plamenja\u010de\u00a0(Pseudoperonospora cubensis) u koli\u010dini do najvi\u0161e 5 kg\/ha. Sredstvo se primjenjuje kada postoji rizik od zaraze ili u uvjetima povoljnima za razvoj bolesti. Dozvoljene su najvi\u0161e dvije primjene tijekom vegetacije, uz razmak od 10 \u2013 14 dana izme\u0111u primjena;<\/p>\n<p>-bosiljku i drugom za\u010dinskom bilju (u za\u0161ti\u0107enom prostoru)\u00a0za suzbijanje plamenja\u010da (Peronospora\u00a0spp.,\u00a0Plasmopara\u00a0spp.,Pseudoperonospora\u00a0spp.) u koli\u010dini do najvi\u0161e 3,8 kg\/ha. Sredstvo se primjenjuje kada postoji rizik od zaraze ili u uvjetima povoljnima za razvoj bolesti. Dozvoljena je najvi\u0161e jedna primjena tijekom vegetacije;<\/p>\n<p>Zbog bakarnog oksiklorida, sredstvo RIDOMIL GOLD R ima vi\u0161e ili manje izra\u017een popratni u\u010dinak i na\u00a0mnoge druge biljne bolesti, izme\u0111u ostalog i na biljne bolesti uzrokovane bakterijama.<\/p>\n<p>Utro\u0161ak vode\u00a0potrebno je prilagoditi kulturi, gusto\u0107i sklopa, lisnoj masi, starosti i veli\u010dini biljke. Ovisno o kulturi i stroju za primjenu, koli\u010dina \u0161kropiva kre\u0107e se od 200 do 1000 l\/ha.<\/p>\n<p><b>Karenca:<\/b>\u00a028 dana za bosiljak (u za\u0161ti\u0107enom prostoru) i drugo za\u010dinsko bilje (u za\u0161ti\u0107enom prostoru), endiviju (u za\u0161ti\u0107enom prostoru); 21 dan za vinovu lozu, cvjeta\u010du (na otvorenom) i brokulu (na otvorenom); 20 dana za endiviju (na otvorenom), matovilac (na otvorenom); 14 dana za krumpir (na otvorenom), luk (na otvorenom), salatu (u za\u0161ti\u0107enom prostoru), 10 dana za salatu (na otvorenom), rikolu (na otvorenom) i bosiljak (na otvorenom) i drugo za\u010dinsko bilje (na otvorenom); 3 dana za raj\u010dicu (na otvorenom i u za\u0161ti\u0107enom prostoru), lubenicu (na otvorenom i u za\u0161ti\u0107enom prostoru) i dinju (na otvorenom i u za\u0161ti\u0107enom prostoru).<\/p>\n","protected":false},"excerpt":{"rendered":"<h2><strong><span style=\"color: #ffcc00;\"><span style=\"color: #000000;\">Ridomil<\/span> Gold R<\/span>\u00a01kg<\/strong><\/h2>\n<p><b>Fungicid namijenjen suzbijanju biljnih bolesti u vinogradarstvu i povr\u0107arstvu.<\/b><\/p>\n<p><b>Sadr\u017ei:<\/b>\u00a0Metalaksil-M, 19,40 g\/kg; bakar oksiklorid, 141,90 g\/kg<\/p>\n<a href=\"https:\/\/www.behardoo.ba\/index.php\/product\/ridomil-gold-r-1kg\/\" class=\"btn frontech-btn\"><span><\/span>Detalji<\/a>","protected":false},"featured_media":245,"template":"","meta":[],"product_brand":[],"product_cat":[201],"product_tag":[323,186,27,226,343,286,285,396,388,310,319,441,200,98,251,205,206,439,224,359,383,393,399,401,54,400,440,438,272,426,345,344,405,427],"class_list":{"0":"post-244","1":"product","2":"type-product","3":"status-publish","4":"has-post-thumbnail","6":"product_cat-fungicidi","7":"product_tag-323","8":"product_tag-agrar","9":"product_tag-agro","10":"product_tag-behar","11":"product_tag-bih","12":"product_tag-bosna","13":"product_tag-bosnia","14":"product_tag-chem","15":"product_tag-chemical","16":"product_tag-d-o-o","17":"product_tag-doo","18":"product_tag-dostava","19":"product_tag-farm","20":"product_tag-farma","21":"product_tag-farmer","22":"product_tag-fungicid","23":"product_tag-fungicidi","24":"product_tag-gold","25":"product_tag-hemija","26":"product_tag-hercegovina","27":"product_tag-kg","28":"product_tag-kupi","29":"product_tag-naruci","30":"product_tag-online","31":"product_tag-poljoprivreda","32":"product_tag-poruci","33":"product_tag-r","34":"product_tag-ridomil","35":"product_tag-sarajevo","36":"product_tag-shop","37":"product_tag-sredstva","38":"product_tag-sredstvo","39":"product_tag-syngenta","40":"product_tag-web","42":"first","43":"instock","44":"shipping-taxable","45":"product-type-external"},"jetpack_sharing_enabled":true,"_links":{"self":[{"href":"https:\/\/www.behardoo.ba\/index.php\/wp-json\/wp\/v2\/product\/244","targetHints":{"allow":["GET"]}}],"collection":[{"href":"https:\/\/www.behardoo.ba\/index.php\/wp-json\/wp\/v2\/product"}],"about":[{"href":"https:\/\/www.behardoo.ba\/index.php\/wp-json\/wp\/v2\/types\/product"}],"wp:featuredmedia":[{"embeddable":true,"href":"https:\/\/www.behardoo.ba\/index.php\/wp-json\/wp\/v2\/media\/245"}],"wp:attachment":[{"href":"https:\/\/www.behardoo.ba\/index.php\/wp-json\/wp\/v2\/media?parent=244"}],"wp:term":[{"taxonomy":"product_brand","embeddable":true,"href":"https:\/\/www.behardoo.ba\/index.php\/wp-json\/wp\/v2\/product_brand?post=244"},{"taxonomy":"product_cat","embeddable":true,"href":"https:\/\/www.behardoo.ba\/index.php\/wp-json\/wp\/v2\/product_cat?post=244"},{"taxonomy":"product_tag","embeddable":true,"href":"https:\/\/www.behardoo.ba\/index.php\/wp-json\/wp\/v2\/product_tag?post=244"}],"curies":[{"name":"wp","href":"https:\/\/api.w.org\/{rel}","templated":true}]}}