{"id":248,"date":"2022-04-21T12:34:00","date_gmt":"2022-04-21T10:34:00","guid":{"rendered":"http:\/\/www.behardoo.ba\/?post_type=product&#038;p=248"},"modified":"2023-02-13T12:08:21","modified_gmt":"2023-02-13T11:08:21","slug":"sapo-250-h-1l","status":"publish","type":"product","link":"https:\/\/www.behardoo.ba\/index.php\/product\/sapo-250-h-1l\/","title":{"rendered":"SAPO 250 H 1L"},"content":{"rendered":"<h2><strong><span style=\"color: #3366ff;\">SAPO<\/span> 250 H 1L<\/strong><\/h2>\n<p><strong>SREDSTVO ZA DEZINFEKCIJU, PRANJE I DEZODORIRANJE<\/strong><\/p>\n<p><strong>Dozvoljen kontakt s hranom<\/strong><\/p>\n<p><strong>SAPO 250H<\/strong> dezinficira, \u010disti i dezodorira podove i povr\u0161ine koje se mogu prati u svim prostorijama. <strong>SAPO 250H je:<\/strong> baktericid, fungicid i virucid.<br \/>\nSamo za profesionalnu upotrebu!<\/p>\n<p><strong>UPUTE:<\/strong><br \/>\nRazrijediti SAPO 250H vodom u koncentraciju od 0,25% do 1%, ovisno o \u017eeljenom djelovanju.<br \/>\n<strong>Upotreba:<\/strong> pranje, namakanje, prskanje.<br \/>\nIsprati samo sa povr\u0161ina koje dolaze u dodir s hranom.<br \/>\nOdr\u017eavanje materijala: nakon uporabe isprati \u010distom vodom.<br \/>\nPrazno pakiranje: reciklirati ili dati na zbrinjavanje ovla\u0161tenoj tvrtki za sakupljanje otpada.<\/p>\n<p><strong>Sadr\u017ei:<\/strong> etoksilirani alkohol; etilendiamintetraacetat-de-tetranatrij;<br \/>\nKvarterni amonijevi spojevi, didecil dimetil kloridi &#8211; (CAS 7173-51-) 4,5%; biocid TP2<br \/>\n<strong>Sastojci:<\/strong> 5-15% neionskih povr\u0161inski aktivnih tvari.&lt;5% EDTA i soli; parfem: benzil benzoat<\/p>\n<p>H290 Mo\u017ee nagrizati metale. H315 Nadra\u017euje ko\u017eu. H318 Uzrokuje te\u0161ke ozljede oka. H410 Vrlo otrovno za vodeni okoli\u0161, s dugotrajnim u\u010dincima. P234 \u010cuvati samo u originalnom spremniku. P264 Nakon uporabe temeljito oprati ruke. H273 Izbjegavati ispu\u0161tanje u okoli\u0161. H280 Nositi za\u0161titne rukavice\/za\u0161titno odijelo\/za\u0161titu za o\u010di\/za\u0161titu za lice. P302+P352 U SLU\u010cAJU DODIRA S KO\u017dOM: nje\u017eno oprati velikom koli\u010dinom sapuna i vode. P305+P351+P338 U SLU\u010cAJU DODIRA S O\u010cIMA: oprezno ispirati vodom nekoliko minuta. Ukloniti kontaktne le\u0107e ukoliko ih nosite i ako se one lako uklanjaju. Nastaviti ispiranje. P310 Odmah nazvati CENTAR ZA KONTROLU OTROVANJA ili lije\u010dnika. P332+P313 U slu\u010daju nadra\u017eaja ko\u017ee: zatra\u017eiti savjet\/pomo\u0107 lije\u010dnika. P362+P364 Skinuti zaga\u0111enu odje\u0107u i oprati prije ponovne uporabe. P390 Apsorbirati proliveno kako bi se sprije\u010dila materijalna \u0161teta. P391 Sakupiti proliveno\/rasuto. P501 Odlo\u017eiti sadr\u017eaj\/spremnik u skladu sa va\u017ee\u0107im lokalnim propisima.<\/p>\n","protected":false},"excerpt":{"rendered":"<h2><strong><span style=\"color: #3366ff;\">SAPO<\/span> 250 H 1L<\/strong><\/h2>\n<p><strong>SREDSTVO ZA DEZINFEKCIJU, PRANJE I DEZODORIRANJE<\/strong><\/p>\n<p><strong>Dozvoljen kontakt s hranom<\/strong><\/p>\n<p><strong>SAPO 250H<\/strong> dezinficira, \u010disti i dezodorira podove i povr\u0161ine koje se mogu prati u svim prostorijama. <strong>SAPO 250H je:<\/strong> baktericid, fungicid i virucid.<br \/>\nSamo za profesionalnu upotrebu!<\/p>\n<a href=\"https:\/\/www.behardoo.ba\/index.php\/product\/sapo-250-h-1l\/\" class=\"btn frontech-btn\"><span><\/span>Detalji<\/a>","protected":false},"featured_media":249,"template":"","meta":[],"product_brand":[],"product_cat":[152,120],"product_tag":[323,313,446,455,169,226,343,176,177,286,285,388,457,310,425,235,158,423,453,319,422,421,456,424,435,445,224,359,452,459,450,451,393,324,419,37,432,399,400,447,392,448,449,458,444,272,167,454,168],"class_list":{"0":"post-248","1":"product","2":"type-product","3":"status-publish","4":"has-post-thumbnail","6":"product_cat-dezinfekcija","7":"product_cat-ostali-proizvodi","8":"product_tag-323","9":"product_tag-313","10":"product_tag-446","11":"product_tag-bakterija","12":"product_tag-bakterije","13":"product_tag-behar","14":"product_tag-bih","15":"product_tag-bolnica","16":"product_tag-bolnice","17":"product_tag-bosna","18":"product_tag-bosnia","19":"product_tag-chemical","20":"product_tag-ciscenje","21":"product_tag-d-o-o","22":"product_tag-ddd","23":"product_tag-deratizacija","24":"product_tag-dezinfekcija","25":"product_tag-dezinficijens","26":"product_tag-dezodorans","27":"product_tag-doo","28":"product_tag-france","29":"product_tag-francuska","30":"product_tag-gljivica","31":"product_tag-gljivice","32":"product_tag-group","33":"product_tag-h","34":"product_tag-hemija","35":"product_tag-hercegovina","36":"product_tag-hrana","37":"product_tag-ispiranje","38":"product_tag-kuhinja","39":"product_tag-kuhinje","40":"product_tag-kupi","41":"product_tag-l","42":"product_tag-lodi","43":"product_tag-miris","44":"product_tag-mirise","45":"product_tag-naruci","46":"product_tag-poruci","47":"product_tag-pranje","48":"product_tag-prodaja","49":"product_tag-profesionalno","50":"product_tag-professional","51":"product_tag-sapiranje","52":"product_tag-sapo","53":"product_tag-sarajevo","54":"product_tag-virus","55":"product_tag-virusa","56":"product_tag-virusi","58":"first","59":"instock","60":"shipping-taxable","61":"product-type-external"},"jetpack_sharing_enabled":true,"_links":{"self":[{"href":"https:\/\/www.behardoo.ba\/index.php\/wp-json\/wp\/v2\/product\/248","targetHints":{"allow":["GET"]}}],"collection":[{"href":"https:\/\/www.behardoo.ba\/index.php\/wp-json\/wp\/v2\/product"}],"about":[{"href":"https:\/\/www.behardoo.ba\/index.php\/wp-json\/wp\/v2\/types\/product"}],"wp:featuredmedia":[{"embeddable":true,"href":"https:\/\/www.behardoo.ba\/index.php\/wp-json\/wp\/v2\/media\/249"}],"wp:attachment":[{"href":"https:\/\/www.behardoo.ba\/index.php\/wp-json\/wp\/v2\/media?parent=248"}],"wp:term":[{"taxonomy":"product_brand","embeddable":true,"href":"https:\/\/www.behardoo.ba\/index.php\/wp-json\/wp\/v2\/product_brand?post=248"},{"taxonomy":"product_cat","embeddable":true,"href":"https:\/\/www.behardoo.ba\/index.php\/wp-json\/wp\/v2\/product_cat?post=248"},{"taxonomy":"product_tag","embeddable":true,"href":"https:\/\/www.behardoo.ba\/index.php\/wp-json\/wp\/v2\/product_tag?post=248"}],"curies":[{"name":"wp","href":"https:\/\/api.w.org\/{rel}","templated":true}]}}