{"id":257,"date":"2022-07-30T12:34:22","date_gmt":"2022-07-30T10:34:22","guid":{"rendered":"http:\/\/www.behardoo.ba\/?post_type=product&#038;p=257"},"modified":"2024-01-17T10:03:34","modified_gmt":"2024-01-17T09:03:34","slug":"elios-wp-1kg","status":"publish","type":"product","link":"https:\/\/www.behardoo.ba\/index.php\/product\/elios-wp-1kg\/","title":{"rendered":"Elios WP 1kg"},"content":{"rendered":"<h2><strong><span style=\"color: #0000ff;\">Elios WP<\/span> 1kg &#8211; Fungicid protiv plemenja\u010de<\/strong><\/h2>\n<h3><span style=\"text-decoration: underline;\"><strong><span style=\"color: #ff0000; text-decoration: underline;\">NEMA NA STANJU<\/span><\/strong><\/span><\/h3>\n<p><strong>Karakteristike:<\/strong><\/p>\n<p>Elios je mje\u0161avina sistemi\u010dnih fungicida sa kontaktnim djelovanjem, karakterizira ih brzo folijarno upijanje (metalaxil) i produ\u017eeno rezidualno djelovanje (15 dana) mankozeba. Djeluje sistemi\u010dno i preventivno.<\/p>\n<p>&nbsp;<\/p>\n<p><strong>Sastav:<\/strong><\/p>\n<p>Mankozeb 64% (640g\/kg)<\/p>\n<p>Metalaxil 8% (80g\/kg)<\/p>\n<p>&nbsp;<\/p>\n<p><strong>Na\u010din upotrebe:<\/strong><\/p>\n<p>Primjeniti normalnim raspr\u0161iva\u010dem, prema stanju razvoja uzgoja. Zadnji tretman kod vinove loze, posljednji tretman trebao bi biti 14 dana prije kraja cvjetanja, nastavljaju\u0107i sa preventivnim tretmanima ostatka polja.<\/p>\n<p><strong>\u00a0<\/strong><\/p>\n<p><strong>Karenca:<\/strong><\/p>\n<p>Potrebno je da pro\u0111e minimalno 21 dan od posljednjeg tretmana do sakupljanja biljaka ili plodova sa ciljem konzumiranja kod ljudi ili stoke.<\/p>\n<p>&nbsp;<\/p>\n<p><strong>Kulture i doziranja:<\/strong><\/p>\n<p><strong>Krompir<\/strong>\u00a0&#8211; plemenja\u010da, crna pjegavost &#8211; 20-30g\/10L vode &#8211; 21 dan karence<\/p>\n<p><strong>Vinova loza, Duhan, Brokula, Cvjeta\u010da, Dinja, Lubenica, Krastavac, Kupus, Kelj, Luk\u00a0<\/strong>&#8211;\u00a0plemenja\u010da\u00a0&#8211; 20-30g\/10L vode &#8211; 21 dan karence<\/p>\n","protected":false},"excerpt":{"rendered":"<h2><strong><span style=\"color: #0000ff;\">Elios WP<\/span> 1kg &#8211; Fungicid protiv plemenja\u010de<\/strong><\/h2>\n<h3><span style=\"text-decoration: underline;\"><strong><span style=\"color: #ff0000; text-decoration: underline;\">NEMA NA STANJU<\/span><\/strong><\/span><\/h3>\n<p><strong>Karakteristike:<\/strong><\/p>\n<p>Elios je mje\u0161avina sistemi\u010dnih fungicida sa kontaktnim djelovanjem, karakterizira ih brzo folijarno upijanje (metalaxil) i produ\u017eeno rezidualno djelovanje (15 dana) mankozeba. Djeluje sistemi\u010dno i preventivno.<\/p>\n<a href=\"https:\/\/www.behardoo.ba\/index.php\/product\/elios-wp-1kg\/\" class=\"btn frontech-btn\"><span><\/span>Detalji<\/a>","protected":false},"featured_media":256,"template":"","meta":[],"product_brand":[],"product_cat":[201],"product_tag":[276,27,463,212,226,462,343,286,285,319,460,200,98,251,205,206,224,359,393,409,464,215,272,426,437,204],"class_list":{"0":"post-257","1":"product","2":"type-product","3":"status-publish","4":"has-post-thumbnail","6":"product_cat-fungicidi","7":"product_tag-1kg","8":"product_tag-agro","9":"product_tag-agronom","10":"product_tag-agronomija","11":"product_tag-behar","12":"product_tag-behardoo","13":"product_tag-bih","14":"product_tag-bosna","15":"product_tag-bosnia","16":"product_tag-doo","17":"product_tag-elios","18":"product_tag-farm","19":"product_tag-farma","20":"product_tag-farmer","21":"product_tag-fungicid","22":"product_tag-fungicidi","23":"product_tag-hemija","24":"product_tag-hercegovina","25":"product_tag-kupi","26":"product_tag-kupiti","27":"product_tag-kupovina","28":"product_tag-prskanje","29":"product_tag-sarajevo","30":"product_tag-shop","31":"product_tag-tretiranje","32":"product_tag-wp","34":"first","35":"instock","36":"shipping-taxable","37":"product-type-external"},"jetpack_sharing_enabled":true,"_links":{"self":[{"href":"https:\/\/www.behardoo.ba\/index.php\/wp-json\/wp\/v2\/product\/257","targetHints":{"allow":["GET"]}}],"collection":[{"href":"https:\/\/www.behardoo.ba\/index.php\/wp-json\/wp\/v2\/product"}],"about":[{"href":"https:\/\/www.behardoo.ba\/index.php\/wp-json\/wp\/v2\/types\/product"}],"wp:featuredmedia":[{"embeddable":true,"href":"https:\/\/www.behardoo.ba\/index.php\/wp-json\/wp\/v2\/media\/256"}],"wp:attachment":[{"href":"https:\/\/www.behardoo.ba\/index.php\/wp-json\/wp\/v2\/media?parent=257"}],"wp:term":[{"taxonomy":"product_brand","embeddable":true,"href":"https:\/\/www.behardoo.ba\/index.php\/wp-json\/wp\/v2\/product_brand?post=257"},{"taxonomy":"product_cat","embeddable":true,"href":"https:\/\/www.behardoo.ba\/index.php\/wp-json\/wp\/v2\/product_cat?post=257"},{"taxonomy":"product_tag","embeddable":true,"href":"https:\/\/www.behardoo.ba\/index.php\/wp-json\/wp\/v2\/product_tag?post=257"}],"curies":[{"name":"wp","href":"https:\/\/api.w.org\/{rel}","templated":true}]}}