{"id":258,"date":"2022-07-30T12:45:12","date_gmt":"2022-07-30T10:45:12","guid":{"rendered":"http:\/\/www.behardoo.ba\/?post_type=product&#038;p=258"},"modified":"2025-12-22T10:06:36","modified_gmt":"2025-12-22T09:06:36","slug":"neo-alfa-1l","status":"publish","type":"product","link":"https:\/\/www.behardoo.ba\/index.php\/product\/neo-alfa-1l\/","title":{"rendered":"NEO ALFA + FORTE 1L"},"content":{"rendered":"<div class=\"kvgmc6g5 cxmmr5t8 oygrvhab hcukyx3x c1et5uql ii04i59q\">\n<h2 dir=\"auto\"><strong><span style=\"color: #993300;\">NEO ALFA+<\/span> 1L<\/strong><\/h2>\n<p>\ud83e\udeb2 Recite zbogom ne\u017eeljenim \u0161teto\u010dinama uz NEO ALFA+ insekticidom! \ud83e\udeb2<\/p>\n<p>Umorni ste od suo\u010davanja s dosadnim insektima kao \u0161to su \u017eohari, mravi, buhe i komarci? Ne tra\u017eite dalje! Predstavljamo NEO ALFA+, Va\u0161e vrhunsko rje\u0161enje za efikasnu kontrolu insekata.<\/p>\n<p>\ud83c\udf1f Za\u0161to odabrati NEO ALFA+? \ud83c\udf1f<\/p>\n<p>\u2705 Brza djelotvornost: NEO ALFA+ sadr\u017ei cipermetrin, mo\u0107an sinteti\u010dki piretroid koji daje brze i efikasne rezultate protiv lete\u0107ih i puzaju\u0107ih insekata.<\/p>\n<p>\u2705 Trajna za\u0161tita: u\u017eivajte u miru jer NEO ALFA+ nudi produ\u017eeno insekticidno djelovanje, \u010duvaju\u0107i Va\u0161e prostore od ne\u017eeljenih gostiju.<\/p>\n<p>\u2705 Bez gadnih mirisa: Ne brinite da \u0107e se neprijatni mirisi zadr\u017eati okolo nakon nano\u0161enja. NEO ALFA+ je bez mirisa, \u0161to ga \u010dini savr\u0161enim za upotrebu u zatvorenom prostoru.<\/p>\n<p>\u2705 Formula bez mrlja: Recite zbogom ru\u017enim mrljama na Va\u0161im povr\u0161inama. NEO ALFA+ ne ostavlja tragove, osiguravaju\u0107i da Va\u0161 dom ostane \u010dist i besprijekoran.<\/p>\n<p>\u2705 Raznovrsna upotreba: Bilo da ste vlasnik ku\u0107e ili profesionalac, NEO ALFA+ je dizajniran za sva\u010diju upotrebu. S lako\u0107om se borite protiv insekata u stambenim i poslovnim prostorima.<\/p>\n<p>\ud83d\udd0d Klju\u010dne karakteristike:<\/p>\n<p>\ud83e\udd9f Ciljano djeluje na \u0161irok spektar insekata, od muha i osa do paukova i grinja.<\/p>\n<p>\ud83d\udee1\ufe0f \u017delu\u010dano i kontaktno djelovanje osigurava sveobuhvatnu kontrolu insekata.<\/p>\n<p>\ud83d\udca7 Jednostavna primjena: razrijediti vodom i poprskati na podru\u010dja sklona insektima.<\/p>\n<p>\ud83d\udccb Doziranje:<\/p>\n<p>Samo 25-100 ml NEO ALFA+ pomije\u0161anog sa 5 litara vode pokriva impresivnih 100 kvadratnih metara prostora.<\/p>\n<p>Ne dozvolite da dosadne bube zavladaju Va\u0161im \u017eivotnim ili radnim okru\u017eenjem. Odaberite NEO ALFA+ insekticid za efikasno suzbijanje \u0161teto\u010dina bez muke!<\/p>\n<p>Recite DA prostorima bez insekata uz NEO ALFA+! \ud83d\udc1c\ud83d\udeab<\/p>\n<p>\u260e\ufe0f Za sve informacije nam pi\u0161ite ili nas pozovite na +387 61 221 470<\/p>\n<\/div>\n","protected":false},"excerpt":{"rendered":"<div class=\"kvgmc6g5 cxmmr5t8 oygrvhab hcukyx3x c1et5uql ii04i59q\">\n<h2 dir=\"auto\"><strong><span style=\"color: #993300;\">NEO ALFA+<\/span> 1L<\/strong><\/h2>\n<p>\ud83e\udeb2 Recite zbogom ne\u017eeljenim \u0161teto\u010dinama uz NEO ALFA+ insekticidom! \ud83e\udeb2<\/p>\n<p>Umorni ste od suo\u010davanja s dosadnim insektima kao \u0161to su \u017eohari, mravi, buhe i komarci? Ne tra\u017eite dalje! Predstavljamo NEO ALFA+, Va\u0161e vrhunsko rje\u0161enje za efikasnu kontrolu insekata.<\/p>\n<\/div>\n<a href=\"https:\/\/www.behardoo.ba\/index.php\/product\/neo-alfa-1l\/\" class=\"btn frontech-btn\"><span><\/span>Detalji<\/a>","protected":false},"featured_media":259,"template":"","meta":[],"product_brand":[],"product_cat":[50,402],"product_tag":[175,420,466,240,226,462,286,285,229,137,425,671,235,236,319,22,224,359,47,357,636,635,467,393,409,464,419,41,669,399,465,401,31,400,670,215,272,426,437,83],"class_list":{"0":"post-258","1":"product","2":"type-product","3":"status-publish","4":"has-post-thumbnail","6":"product_cat-insekticidi","7":"product_cat-insekticidi-zastita_bilja","8":"product_tag-1l","9":"product_tag-agroproagro","10":"product_tag-alfa","11":"product_tag-baje","12":"product_tag-behar","13":"product_tag-behardoo","14":"product_tag-bosna","15":"product_tag-bosnia","16":"product_tag-bube","17":"product_tag-buhe","18":"product_tag-ddd","19":"product_tag-dejstvo","20":"product_tag-deratizacija","21":"product_tag-dezinsekcija","22":"product_tag-doo","23":"product_tag-em","24":"product_tag-hemija","25":"product_tag-hercegovina","26":"product_tag-insekticid","27":"product_tag-insekticidi","28":"product_tag-komarac","29":"product_tag-komaraca","30":"product_tag-komarci","31":"product_tag-kupi","32":"product_tag-kupiti","33":"product_tag-kupovina","34":"product_tag-lodi","35":"product_tag-muhe","36":"product_tag-nabava","37":"product_tag-naruci","38":"product_tag-neo","39":"product_tag-online","40":"product_tag-plus","41":"product_tag-poruci","42":"product_tag-produzeno","43":"product_tag-prskanje","44":"product_tag-sarajevo","45":"product_tag-shop","46":"product_tag-tretiranje","47":"product_tag-zohari","49":"first","50":"instock","51":"shipping-taxable","52":"product-type-external"},"jetpack_sharing_enabled":true,"_links":{"self":[{"href":"https:\/\/www.behardoo.ba\/index.php\/wp-json\/wp\/v2\/product\/258","targetHints":{"allow":["GET"]}}],"collection":[{"href":"https:\/\/www.behardoo.ba\/index.php\/wp-json\/wp\/v2\/product"}],"about":[{"href":"https:\/\/www.behardoo.ba\/index.php\/wp-json\/wp\/v2\/types\/product"}],"wp:featuredmedia":[{"embeddable":true,"href":"https:\/\/www.behardoo.ba\/index.php\/wp-json\/wp\/v2\/media\/259"}],"wp:attachment":[{"href":"https:\/\/www.behardoo.ba\/index.php\/wp-json\/wp\/v2\/media?parent=258"}],"wp:term":[{"taxonomy":"product_brand","embeddable":true,"href":"https:\/\/www.behardoo.ba\/index.php\/wp-json\/wp\/v2\/product_brand?post=258"},{"taxonomy":"product_cat","embeddable":true,"href":"https:\/\/www.behardoo.ba\/index.php\/wp-json\/wp\/v2\/product_cat?post=258"},{"taxonomy":"product_tag","embeddable":true,"href":"https:\/\/www.behardoo.ba\/index.php\/wp-json\/wp\/v2\/product_tag?post=258"}],"curies":[{"name":"wp","href":"https:\/\/api.w.org\/{rel}","templated":true}]}}