{"id":264,"date":"2022-11-14T13:17:55","date_gmt":"2022-11-14T12:17:55","guid":{"rendered":"http:\/\/www.behardoo.ba\/?post_type=product&#038;p=264"},"modified":"2024-05-06T14:20:53","modified_gmt":"2024-05-06T12:20:53","slug":"glifomark-1l","status":"publish","type":"product","link":"https:\/\/www.behardoo.ba\/index.php\/product\/glifomark-1l\/","title":{"rendered":"GLIFOMARK 1L &#8211; Totalni herbicid"},"content":{"rendered":"<h2><strong><span style=\"color: #339966;\">GLIFOMARK\u00a01L &#8211;<\/span> Totalni Herbicid<\/strong><\/h2>\n<p>Neselektivni herbicid, usvaja se lisnom masom. Kre\u0107e se navi\u0161e i nani\u017ee u biljci, inaktivira se u kontaktu sa zemlji\u0161tem. Inhibira EPSP, odnosno sintezu aromati\u010dnih kiselina \u010dime spre\u010dava sintezu neophodnih aminokiselina za proizvodnju proteina.<\/p>\n<p><span style=\"color: #339966;\"><strong>SPEKTAR DJELOVANJA:\u00a0<\/strong><\/span><\/p>\n<p><strong>JEDNOGODI\u0160NJE I VI\u0160EGODI\u0160NJE USKOLISNE I \u0160IROKOLISNE KOROVSKE VRSTE<\/strong><\/p>\n<p>\u2013 2-3 l\/ha (20-30 ml na 100 m2), za vrste iz roda Avena, Bromus, Setaria, tretiranjem u fazi intenzivnog porasta.<\/p>\n<p>\u2013 2-4 l\/ha (20-40 ml na 100 m2), za slijede\u0107e vrste: Digitaria spp., Echinochloa crus-galli, Lolium spp., Poa spp., Abutilon theophrasti, Amaranthus spp., Ambrosia artemisiifolia, Calistegia sepium, Capsella bursa-pastoris, Chenopodim spp., Galinsoga parviflora, Galium aparine, Plantago spp., Polygonum spp., Senecio vulgaris, Sinapis arvensis, Sonchus asper, S. oleraceus, Stachys annua, Stellaria media, Thlaspi arvense, Veronica spp., Vicia spp., Viola arvensis, tretiranjem u fazi intenzivnog porasta.<\/p>\n<p>\u2013 3-4 l\/ha (30-40 ml na 100 m2), za slijede\u0107e vrste: Panicum spp., Festucaspp., Lepidium draba, Datura stramonium, Solanum nigrum, Sonchus arvensis, Xanthium spp., tretiranjem u fazi intenzivnog porasta, a za Agropyrum repens, tretiranjem pred cvjetanje i u fazicvetanja.<\/p>\n<p>\u2013 3,5-5 l\/ha (35-50 ml na 100 m2), za Sorghum halepense iz rizoma, tretiranjem od 40-50 cm visine pa do faze metli\u010denja.<\/p>\n<p>\u2013 4-6 l\/ha (40-60 ml na 100 m2), za Convolvulus arvensis (tretiranjem u fazi cvjetanja), Cynodon dactylon (tretiranjem kada je korov 15-20 cm visine do po\u010detka klasanja), Rubus spp. (tretiranjem u vrijeme nedozrelih plodova), Erigeron canadensis, Cyperus rotundus, Phragmites communis, Typha spp. (tretiranjem u fazi intenzivnog porasta do po\u010detka cvetanja).<\/p>\n<p>\u2013 8-12 l\/ha (80-120 ml na 100 m2), za Equisetum arvense, tretiranjem u fazi intenzivnog porasta do po\u010detka cvjetanja.<\/p>\n<p><span style=\"color: #339966;\"><strong>PREPORUKE I NAPOMENE:\u00a0<\/strong><\/span><\/p>\n<p>Na tretiranim povr\u0161inama zabranjena je ispa\u0161a mlije\u010dne stoke i kori\u0161tenje osu\u0161ene trave za ishranu stoke. Ispa\u0161a ostale stoke, kao i kori\u0161tenje osu\u0161ene trave za ishranu stoke je mogu\u0107a 7 dana poslije primjene. Tretirana povr\u0161ina strni\u0161ta se ne smije obra\u0111ivati najmanje 14 dana poslije primjene. Ko\u0161enje livada i pa\u0161njaka se mo\u017ee obaviti 7 dana poslije, a ponovna sjetva trava 14 dana nakon primjene. Slama, odnosno suha korovska masa, sa tretiranih povr\u0161ina se ne smije koristiti za pripremu komposta, koji se koristi u proizvodnji povr\u0107a. Tretirane korove ne treba zaoravati ili frezirati najmanje 2-3 nedelje poslije primjene. Ponovno pu\u0161tanje vode u kanale je 7 dana poslije primjene. Sprije\u010diti nano\u0161enje preparata na sve zeljaste gajene biljke, kao i na zelene djelove vi\u0161egodi\u0161njih zasada.<\/p>\n<p>Za sve informacije nam pi\u0161ite ili nas pozovite na <strong>061 221 470<\/strong><\/p>\n","protected":false},"excerpt":{"rendered":"<h2><strong><span style=\"color: #339966;\">GLIFOMARK\u00a01L &#8211;<\/span> Totalni Herbicid<\/strong><\/h2>\n<p>Neselektivni herbicid, usvaja se lisnom masom. Kre\u0107e se navi\u0161e i nani\u017ee u biljci, inaktivira se u kontaktu sa zemlji\u0161tem. Inhibira EPSP, odnosno sintezu aromati\u010dnih kiselina \u010dime spre\u010dava sintezu neophodnih aminokiselina za proizvodnju proteina.<\/p>\n<p><span style=\"color: #339966;\"><strong>SPEKTAR DJELOVANJA:\u00a0<\/strong><\/span><\/p>\n<p><strong>JEDNOGODI\u0160NJE I VI\u0160EGODI\u0160NJE USKOLISNE I \u0160IROKOLISNE KOROVSKE VRSTE<\/strong><\/p>\n<p>Za sve informacije nam pi\u0161ite ili nas pozovite na <strong>061 221 470<\/strong><\/p>\n<a href=\"https:\/\/www.behardoo.ba\/index.php\/product\/glifomark-1l\/\" class=\"btn frontech-btn\"><span><\/span>Detalji<\/a>","protected":false},"featured_media":268,"template":"","meta":[],"product_brand":[],"product_cat":[351,216,352],"product_tag":[175,186,27,469,679,226,462,286,285,310,319,441,200,98,468,224,218,219,359,393,395,399,860,401,570,772,54,400,215,410,272,426,220,380,394,427,96,94,406],"class_list":{"0":"post-264","1":"product","2":"type-product","3":"status-publish","4":"has-post-thumbnail","6":"product_cat-deratizacija","7":"product_cat-herbicidi","8":"product_cat-zastita_bilja","9":"product_tag-1l","10":"product_tag-agrar","11":"product_tag-agro","12":"product_tag-agromarket","13":"product_tag-apoteka","14":"product_tag-behar","15":"product_tag-behardoo","16":"product_tag-bosna","17":"product_tag-bosnia","18":"product_tag-d-o-o","19":"product_tag-doo","20":"product_tag-dostava","21":"product_tag-farm","22":"product_tag-farma","23":"product_tag-glifomark","24":"product_tag-hemija","25":"product_tag-herbicid","26":"product_tag-herbicidi","27":"product_tag-hercegovina","28":"product_tag-kupi","29":"product_tag-maloprodaja","30":"product_tag-naruci","31":"product_tag-neselektivni","32":"product_tag-online","33":"product_tag-poljo","34":"product_tag-poljoapoteka","35":"product_tag-poljoprivreda","36":"product_tag-poruci","37":"product_tag-prskanje","38":"product_tag-radnja","39":"product_tag-sarajevo","40":"product_tag-shop","41":"product_tag-totalni","42":"product_tag-usjev","43":"product_tag-veleprodaja","44":"product_tag-web","45":"product_tag-zasad","46":"product_tag-zastita","47":"product_tag-zemljiste","49":"first","50":"instock","51":"shipping-taxable","52":"product-type-external"},"jetpack_sharing_enabled":true,"_links":{"self":[{"href":"https:\/\/www.behardoo.ba\/index.php\/wp-json\/wp\/v2\/product\/264","targetHints":{"allow":["GET"]}}],"collection":[{"href":"https:\/\/www.behardoo.ba\/index.php\/wp-json\/wp\/v2\/product"}],"about":[{"href":"https:\/\/www.behardoo.ba\/index.php\/wp-json\/wp\/v2\/types\/product"}],"wp:featuredmedia":[{"embeddable":true,"href":"https:\/\/www.behardoo.ba\/index.php\/wp-json\/wp\/v2\/media\/268"}],"wp:attachment":[{"href":"https:\/\/www.behardoo.ba\/index.php\/wp-json\/wp\/v2\/media?parent=264"}],"wp:term":[{"taxonomy":"product_brand","embeddable":true,"href":"https:\/\/www.behardoo.ba\/index.php\/wp-json\/wp\/v2\/product_brand?post=264"},{"taxonomy":"product_cat","embeddable":true,"href":"https:\/\/www.behardoo.ba\/index.php\/wp-json\/wp\/v2\/product_cat?post=264"},{"taxonomy":"product_tag","embeddable":true,"href":"https:\/\/www.behardoo.ba\/index.php\/wp-json\/wp\/v2\/product_tag?post=264"}],"curies":[{"name":"wp","href":"https:\/\/api.w.org\/{rel}","templated":true}]}}