{"id":270,"date":"2022-11-15T14:49:28","date_gmt":"2022-11-15T13:49:28","guid":{"rendered":"http:\/\/www.behardoo.ba\/?post_type=product&#038;p=270"},"modified":"2023-01-23T16:34:01","modified_gmt":"2023-01-23T15:34:01","slug":"crveno-ulje-200ml","status":"publish","type":"product","link":"https:\/\/www.behardoo.ba\/index.php\/product\/crveno-ulje-200ml\/","title":{"rendered":"Crveno Ulje 200ml"},"content":{"rendered":"<p><u><strong><span style=\"color: #ff0000; font-size: x-large;\">CRVENO ULJE<\/span><\/strong><\/u> je kombinirani kontaktni insekto-akaro-fungicid, koji se koristi za suzbijanje \u0161tetnika i uzro\u010dnika bolesti u vo\u0107arstvu i vinogradarstvu.<\/p>\n<p>Aktivna tvar: Bakar (iz bakrenog oksida) 100 g\/l + rafinirano parafinsko mineralno ulje 550 g\/l<\/p>\n<p>Formulacija: teku\u0107i uljni koncentrat za emulziju<\/p>\n<p><strong>PRIMJENA:<\/strong><\/p>\n<p><span style=\"font-size: x-large;\"><u><strong><span style=\"color: #ff0000;\">CRVENO ULJE<\/span><\/strong><\/u><\/span>\u00a0je kombinirani kontaktni insekto-akaro-fungicid, koji se koristi za suzbijanje \u0161tetnika i uzro\u010dnika bolesti:<\/p>\n<p><strong>U vo\u0107arstvu:<\/strong><\/p>\n<p>\u0160tetnici: zimska jaja lisnih u\u0161i (Aphis pomi), zimska jaja kru\u0161kine buhe (Psylla pyri), \u0161ljivina \u0161titasta u\u0161 (Eulecanium corni), zimska jaja crvenog pauka (Panonychus ulmi)<br \/>\nUzro\u010dnici bolesti: pjegavost li\u0161\u0107a i krastavost plodova jabuke i kru\u0161ke (Venturia spp.), kovr\u010davost li\u0161\u0107a breskve (Taphrina deformans), \u0161upljikavost li\u0161\u0107a ko\u0161ti\u0107avih vo\u0107aka (Stigmina carpophila).<br \/>\nTretiranje se mo\u017ee obaviti:<\/p>\n<p>-&gt; u vrijeme mirovanja vegetacije (kraj fenofaze A-zimski pup), tretiranjem u koncentraciji 2-3% (2-3 l u 100 l vode),<\/p>\n<p>-&gt; kod jabuke i kru\u0161ke mo\u017ee se primjeniti i u fenofazi zeleni vrh pupa i diferencirani listi\u0107i (fenofaza B i C3) u koncentraciji 1-1,5% (1-1,5 l u 100 l vode),<\/p>\n<p>-&gt; kod breskve mo\u017ee se primjeniti do fenofaze B i C u koncentraciji 1%<\/p>\n<p><strong>U vinogradarstvu:<\/strong><\/p>\n<p>\u0160tetnici: zimska jaja crvenog pauka (Panonychus ulmi),<br \/>\nUzro\u010dnik bolesti: crna pjegavost rozgve vinove loze (Phomopsis viticola)<br \/>\nTretiranje se mo\u017ee obaviti:<\/p>\n<p>-&gt; u vrijeme mirovanja vegetacije (fenofaza A), u koncentraciji 2-3% (2-3 l u 100 l vode),<\/p>\n<p>-&gt; u kretanju vegetacije (fenofaza B), u koncentraciji 1-1,5% (1-1,5 l u 100 l vode),<\/p>\n<p>-&gt; u fenofazi pojave listi\u0107a i izboja veli\u010dine 10-15 cm (fenofaza D i E), u koncentraciji 0,75-1% (0,75-1 l u 100 l vode)<\/p>\n<p>U tijeku vegetacije dozvoljena su 2 tretiranja na istoj povr\u0161ini.<\/p>\n<p>Karenca: osigurana vremenom primjene.<\/p>\n<p>Radna karenca: 3 dana nije dozvoljeno orezivanje bez za\u0161titnih rukavica.<\/p>\n","protected":false},"excerpt":{"rendered":"<p><u><strong><span style=\"color: #ff0000; font-size: x-large;\">CRVENO ULJE<\/span><\/strong><\/u> je kombinirani kontaktni insekto-akaro-fungicid, koji se koristi za suzbijanje \u0161tetnika i uzro\u010dnika bolesti u vo\u0107arstvu i vinogradarstvu.<\/p>\n<p>Aktivna tvar: Bakar (iz bakrenog oksida) 100 g\/l + rafinirano parafinsko mineralno ulje 550 g\/l<\/p>\n<p>Formulacija: teku\u0107i uljni koncentrat za emulziju<\/p>\n<a href=\"https:\/\/www.behardoo.ba\/index.php\/product\/crveno-ulje-200ml\/\" class=\"btn frontech-btn\"><span><\/span>Detalji<\/a>","protected":false},"featured_media":272,"template":"","meta":[],"product_brand":[],"product_cat":[201,402],"product_tag":[484,186,27,463,226,462,343,286,285,477,200,98,251,478,479,224,471,359,135,47,395,54,480,483,215,476,272,482,335,394,123,474,96,94,481,346,475],"class_list":{"0":"post-270","1":"product","2":"type-product","3":"status-publish","4":"has-post-thumbnail","6":"product_cat-fungicidi","7":"product_cat-insekticidi-zastita_bilja","8":"product_tag-200ml","9":"product_tag-agrar","10":"product_tag-agro","11":"product_tag-agronom","12":"product_tag-behar","13":"product_tag-behardoo","14":"product_tag-bih","15":"product_tag-bosna","16":"product_tag-bosnia","17":"product_tag-crveno","18":"product_tag-farm","19":"product_tag-farma","20":"product_tag-farmer","21":"product_tag-firm","22":"product_tag-firma","23":"product_tag-hemija","24":"product_tag-herbos","25":"product_tag-hercegovina","26":"product_tag-insekti","27":"product_tag-insekticid","28":"product_tag-maloprodaja","29":"product_tag-poljoprivreda","30":"product_tag-poljoprivrednik","31":"product_tag-poprskati","32":"product_tag-prskanje","33":"product_tag-prskati","34":"product_tag-sarajevo","35":"product_tag-snijeg","36":"product_tag-ulje","37":"product_tag-veleprodaja","38":"product_tag-voce","39":"product_tag-vocke","40":"product_tag-zasad","41":"product_tag-zastita","42":"product_tag-zemlja","43":"product_tag-zima","44":"product_tag-zimska","46":"first","47":"instock","48":"shipping-taxable","49":"product-type-external"},"jetpack_sharing_enabled":true,"_links":{"self":[{"href":"https:\/\/www.behardoo.ba\/index.php\/wp-json\/wp\/v2\/product\/270","targetHints":{"allow":["GET"]}}],"collection":[{"href":"https:\/\/www.behardoo.ba\/index.php\/wp-json\/wp\/v2\/product"}],"about":[{"href":"https:\/\/www.behardoo.ba\/index.php\/wp-json\/wp\/v2\/types\/product"}],"wp:featuredmedia":[{"embeddable":true,"href":"https:\/\/www.behardoo.ba\/index.php\/wp-json\/wp\/v2\/media\/272"}],"wp:attachment":[{"href":"https:\/\/www.behardoo.ba\/index.php\/wp-json\/wp\/v2\/media?parent=270"}],"wp:term":[{"taxonomy":"product_brand","embeddable":true,"href":"https:\/\/www.behardoo.ba\/index.php\/wp-json\/wp\/v2\/product_brand?post=270"},{"taxonomy":"product_cat","embeddable":true,"href":"https:\/\/www.behardoo.ba\/index.php\/wp-json\/wp\/v2\/product_cat?post=270"},{"taxonomy":"product_tag","embeddable":true,"href":"https:\/\/www.behardoo.ba\/index.php\/wp-json\/wp\/v2\/product_tag?post=270"}],"curies":[{"name":"wp","href":"https:\/\/api.w.org\/{rel}","templated":true}]}}