{"id":278,"date":"2022-11-22T13:35:50","date_gmt":"2022-11-22T12:35:50","guid":{"rendered":"http:\/\/www.behardoo.ba\/?post_type=product&#038;p=278"},"modified":"2024-08-07T15:22:10","modified_gmt":"2024-08-07T13:22:10","slug":"ljepljiva-ploca-za-miseve","status":"publish","type":"product","link":"https:\/\/www.behardoo.ba\/index.php\/product\/ljepljiva-ploca-za-miseve\/","title":{"rendered":"Ljepljiva plo\u010da za mi\u0161eve"},"content":{"rendered":"<h2><strong>Ljepljiva plo\u010da za mi\u0161eve<\/strong><\/h2>\n<p>&nbsp;<\/p>\n<p><strong>BESPRRIJEKORNO LJEPILO ZA MI\u0160EVE<\/strong>\u00a0\u0161teto\u010dine u ku\u0107anstvu i okru\u017eenju dr\u017ei pod kontrolom. Hvata u zamku \u0161takore, mi\u0161eve, lete\u0107e i gmi\u017eu\u0107e insekte, itd.<br \/>\nOvaj proizvod je siguran, zdrav i idealan za ubijanje glodara i insekata u domovima, tvornicama, uredima, itd. budu\u0107i da nema mogu\u0107nosti za bijeg jednom kada se ostvari kontakt sa ljepilom.<\/p>\n<p>&nbsp;<\/p>\n<p><strong>SVOJSTVA\/KARAKTERISTIKE<\/strong><br \/>\n1. Veoma ljepljiva povr\u0161ina koja zarobljava mi\u0161eve i \u0161takore i sprije\u010dava njihovo bje\u017eanje.<br \/>\n2. Ljepilo na plo\u010di je u potpunosti netoksi\u010dno.<br \/>\n3. Dodatno svojstvo ljepljive plo\u010de je njezina otpornost na vru\u0107inu. Plo\u010da ostaje sna\u017ena te se ne topi niti su\u0161i.<\/p>\n<p>&nbsp;<\/p>\n<p><strong>NA\u010cIN KORI\u0160TENJA:<\/strong>\u00a0Otvorite ljepljivu plo\u010du i stavite je na poddru\u010dije koje mi\u0161evi naj\u010de\u0161\u0107e posje\u0107uju. Kada se mi\u0161 uhvati, jednostavno uklonite zamku i istu odlo\u017eite u otpad.<strong><br \/>\n<\/strong><\/p>\n<p>&nbsp;<\/p>\n<p><strong>MJERE\u00a0OPREZA:<br \/>\n<\/strong>1. Dr\u017eite dalje od dohvata djece i ku\u0107nih ljubimaca.<br \/>\n2. Izbjegavajte diranje plo\u010de koja je premazana vrlo sna\u017enim ljepilom.<br \/>\n3. Odje\u0107u koja je zamarljana ljepilom prvo o\u010distite kerozinom, a zatim operite sa deterd\u017eentom\u00a0za pranje rublja.<\/p>\n<p>&nbsp;<\/p>\n<p><strong>SASTAV:<\/strong>\u00a0Prirodno ljepilo napravljeno od gume<br \/>\n<strong>TE\u017dINA:<\/strong>\u00a0110 grama\/komad<br \/>\n<strong>VELI\u010cINA:<\/strong>\u00a019X13X1 cm<br \/>\n<strong>ROK\u00a0UPOTREBE:<\/strong>\u00a0Neograni\u010den<\/p>\n","protected":false},"excerpt":{"rendered":"<h2><strong>Ljepljiva plo\u010da za mi\u0161eve<\/strong><\/h2>\n<p>&nbsp;<\/p>\n<p><strong>BESPRRIJEKORNO LJEPILO ZA MI\u0160EVE<\/strong>\u00a0\u0161teto\u010dine u ku\u0107anstvu i okru\u017eenju dr\u017ei pod kontrolom. Hvata u zamku \u0161takore, mi\u0161eve, lete\u0107e i gmi\u017eu\u0107e insekte, itd.<br \/>\nOvaj proizvod je siguran, zdrav i idealan za ubijanje glodara i insekata u domovima, tvornicama, uredima, itd. budu\u0107i da nema mogu\u0107nosti za bijeg jednom kada se ostvari kontakt sa ljepilom.<\/p>\n<a href=\"https:\/\/www.behardoo.ba\/index.php\/product\/ljepljiva-ploca-za-miseve\/\" class=\"btn frontech-btn\"><span><\/span>Detalji<\/a>","protected":false},"featured_media":279,"template":"","meta":[],"product_brand":[],"product_cat":[351,120,58],"product_tag":[186,27,226,462,343,286,285,425,235,441,508,514,359,513,516,510,393,409,464,307,504,501,395,507,77,428,66,519,517,506,518,401,496,502,503,54,49,70,291,272,426,509,515,345,344,520,301,511,394,505,512],"class_list":{"0":"post-278","1":"product","2":"type-product","3":"status-publish","4":"has-post-thumbnail","6":"product_cat-deratizacija","7":"product_cat-ostali-proizvodi","8":"product_cat-rodenticidi","9":"product_tag-agrar","10":"product_tag-agro","11":"product_tag-behar","12":"product_tag-behardoo","13":"product_tag-bih","14":"product_tag-bosna","15":"product_tag-bosnia","16":"product_tag-ddd","17":"product_tag-deratizacija","18":"product_tag-dostava","19":"product_tag-feromon","20":"product_tag-guma","21":"product_tag-hercegovina","22":"product_tag-hvataljka","23":"product_tag-info","24":"product_tag-knjiga","25":"product_tag-kupi","26":"product_tag-kupiti","27":"product_tag-kupovina","28":"product_tag-ljepilo","29":"product_tag-ljepljive","30":"product_tag-ljpljiva","31":"product_tag-maloprodaja","32":"product_tag-mamac","33":"product_tag-mamak","34":"product_tag-market","35":"product_tag-mis","36":"product_tag-misa","37":"product_tag-miseva","38":"product_tag-miseve","39":"product_tag-misu","40":"product_tag-online","41":"product_tag-oprema","42":"product_tag-ploca","43":"product_tag-ploce","44":"product_tag-poljoprivreda","45":"product_tag-prirodno","46":"product_tag-rodenticid","47":"product_tag-rodenticidi","48":"product_tag-sarajevo","49":"product_tag-shop","50":"product_tag-sir","51":"product_tag-sluzba","52":"product_tag-sredstva","53":"product_tag-sredstvo","54":"product_tag-stakor","55":"product_tag-stakori","56":"product_tag-sveska","57":"product_tag-veleprodaja","58":"product_tag-za-miseve","59":"product_tag-zamka","61":"first","62":"instock","63":"shipping-taxable","64":"product-type-external"},"jetpack_sharing_enabled":true,"_links":{"self":[{"href":"https:\/\/www.behardoo.ba\/index.php\/wp-json\/wp\/v2\/product\/278","targetHints":{"allow":["GET"]}}],"collection":[{"href":"https:\/\/www.behardoo.ba\/index.php\/wp-json\/wp\/v2\/product"}],"about":[{"href":"https:\/\/www.behardoo.ba\/index.php\/wp-json\/wp\/v2\/types\/product"}],"wp:featuredmedia":[{"embeddable":true,"href":"https:\/\/www.behardoo.ba\/index.php\/wp-json\/wp\/v2\/media\/279"}],"wp:attachment":[{"href":"https:\/\/www.behardoo.ba\/index.php\/wp-json\/wp\/v2\/media?parent=278"}],"wp:term":[{"taxonomy":"product_brand","embeddable":true,"href":"https:\/\/www.behardoo.ba\/index.php\/wp-json\/wp\/v2\/product_brand?post=278"},{"taxonomy":"product_cat","embeddable":true,"href":"https:\/\/www.behardoo.ba\/index.php\/wp-json\/wp\/v2\/product_cat?post=278"},{"taxonomy":"product_tag","embeddable":true,"href":"https:\/\/www.behardoo.ba\/index.php\/wp-json\/wp\/v2\/product_tag?post=278"}],"curies":[{"name":"wp","href":"https:\/\/api.w.org\/{rel}","templated":true}]}}