{"id":284,"date":"2022-12-19T13:07:47","date_gmt":"2022-12-19T12:07:47","guid":{"rendered":"http:\/\/www.behardoo.ba\/?post_type=product&#038;p=284"},"modified":"2022-12-21T10:13:59","modified_gmt":"2022-12-21T09:13:59","slug":"tekucina-protiv-kuna-100ml","status":"publish","type":"product","link":"https:\/\/www.behardoo.ba\/index.php\/product\/tekucina-protiv-kuna-100ml\/","title":{"rendered":"Teku\u0107ina protiv kuna 100ml"},"content":{"rendered":"<h2><strong>Teku\u0107ina protiv <span style=\"color: #ff0000;\">kuna<\/span> 100ml<\/strong><\/h2>\n<p>&nbsp;<\/p>\n<p>Teku\u0107ina u\u010dinkovito odbija kune, puhove i mnoge druge nametnike. Mo\u017ee se koristiti u zatvorenim prostorima, vozilima i otvorenim prostorima. Uz povoljne vremenske uvjete, ostaje u\u010dinkovito do 8 sedmica.<\/p>\n<p>&nbsp;<\/p>\n<p><strong>UPOTREBA:<\/strong><\/p>\n<p>Protresite prije upotrebe. Primjenjujte u stambenim, poljoprivrednim, javnim komunalnim prostorima, gara\u017eama i tavanima. Tako\u0111er se mo\u017ee primjenjivati u vozilima i strojevima te na ostalim mjestima gdje je uo\u010dena \u0161teta nastala nametnicima. Namo\u010dite krpu proizvodom i smjestite je u \u010da\u0161u ili plitku posudu te postavite na \u017eeljeno mjesto. Kako bi za\u0161titili \u017eice, prekrijte ih nerazrije\u0111enim proizvodom. Sredstvo mo\u017eete i nanijeti putem prskalice. Upotrijebite dozu od 25ml. Ako nema padavina, sredstvo ostaje u\u010dinkovito do 8 sedmica. Na otvorenim prostorima ponovite tretiranje nakon padavine intenzivnih ki\u0161a.<\/p>\n<p>&nbsp;<\/p>\n<p><strong>SASTAV:<\/strong><\/p>\n<p>Geraniol 0,5%, (0,5 g\/100g). Sadr\u017ei smjesu nakon reakcije 5-kloro-2-metil-2H-izotiazol-3-ona i 2-metil-2H-izotiazol-3-ona. Broj odobrenja biocidnog proizvoda na pakovanju. Za op\u0161tu upotrebu.<\/p>\n","protected":false},"excerpt":{"rendered":"<h2><strong>Teku\u0107ina protiv <span style=\"color: #ff0000;\">kuna<\/span> 100ml<\/strong><\/h2>\n<p>&nbsp;<\/p>\n<p>Teku\u0107ina u\u010dinkovito odbija kune, puhove i mnoge druge nametnike. Mo\u017ee se koristiti u zatvorenim prostorima, vozilima i otvorenim prostorima. Uz povoljne vremenske uvjete, ostaje u\u010dinkovito do 8 sedmica.<\/p>\n<a href=\"https:\/\/www.behardoo.ba\/index.php\/product\/tekucina-protiv-kuna-100ml\/\" class=\"btn frontech-btn\"><span><\/span>Detalji<\/a>","protected":false},"featured_media":285,"template":"","meta":[],"product_brand":[],"product_cat":[351,120,58],"product_tag":[186,27,226,462,548,286,285,545,425,235,359,527,540,543,544,49,539,542,541,546,48,70,291,272,549,547,538],"class_list":{"0":"post-284","1":"product","2":"type-product","3":"status-publish","4":"has-post-thumbnail","6":"product_cat-deratizacija","7":"product_cat-ostali-proizvodi","8":"product_cat-rodenticidi","9":"product_tag-agrar","10":"product_tag-agro","11":"product_tag-behar","12":"product_tag-behardoo","13":"product_tag-bio","14":"product_tag-bosna","15":"product_tag-bosnia","16":"product_tag-bros","17":"product_tag-ddd","18":"product_tag-deratizacija","19":"product_tag-hercegovina","20":"product_tag-herzegowina","21":"product_tag-kuna","22":"product_tag-nametnik","23":"product_tag-nametnika","24":"product_tag-prirodno","25":"product_tag-protiv","26":"product_tag-puh","27":"product_tag-puhova","28":"product_tag-rastjerivac","29":"product_tag-repelent","30":"product_tag-rodenticid","31":"product_tag-rodenticidi","32":"product_tag-sarajevo","33":"product_tag-sprej","34":"product_tag-tecnost","35":"product_tag-tekucina","37":"first","38":"instock","39":"shipping-taxable","40":"product-type-external"},"jetpack_sharing_enabled":true,"_links":{"self":[{"href":"https:\/\/www.behardoo.ba\/index.php\/wp-json\/wp\/v2\/product\/284","targetHints":{"allow":["GET"]}}],"collection":[{"href":"https:\/\/www.behardoo.ba\/index.php\/wp-json\/wp\/v2\/product"}],"about":[{"href":"https:\/\/www.behardoo.ba\/index.php\/wp-json\/wp\/v2\/types\/product"}],"wp:featuredmedia":[{"embeddable":true,"href":"https:\/\/www.behardoo.ba\/index.php\/wp-json\/wp\/v2\/media\/285"}],"wp:attachment":[{"href":"https:\/\/www.behardoo.ba\/index.php\/wp-json\/wp\/v2\/media?parent=284"}],"wp:term":[{"taxonomy":"product_brand","embeddable":true,"href":"https:\/\/www.behardoo.ba\/index.php\/wp-json\/wp\/v2\/product_brand?post=284"},{"taxonomy":"product_cat","embeddable":true,"href":"https:\/\/www.behardoo.ba\/index.php\/wp-json\/wp\/v2\/product_cat?post=284"},{"taxonomy":"product_tag","embeddable":true,"href":"https:\/\/www.behardoo.ba\/index.php\/wp-json\/wp\/v2\/product_tag?post=284"}],"curies":[{"name":"wp","href":"https:\/\/api.w.org\/{rel}","templated":true}]}}