{"id":305,"date":"2023-05-23T11:01:40","date_gmt":"2023-05-23T09:01:40","guid":{"rendered":"http:\/\/www.behardoo.ba\/?post_type=product&#038;p=305"},"modified":"2024-12-20T11:28:59","modified_gmt":"2024-12-20T10:28:59","slug":"gas-maska-panorama-3000t","status":"publish","type":"product","link":"https:\/\/www.behardoo.ba\/index.php\/product\/gas-maska-panorama-3000t\/","title":{"rendered":"Gas Maska PANORAMA 3000T"},"content":{"rendered":"<h1 class=\"main-title-listing sm:hidden flex flex-row items-center\" data-v-541aae31=\"\"><strong>Gas Maska PANORAMA 3000T<\/strong><\/h1>\n<p>Maska za dugotrajnu upotrebu serije 3000 su maske za cijelo lice dizajnirane da se koriste s jednim univerzalnim filterom za spajanje navoja (prema EN 148-1 standardu) i da pru\u017ee maksimalnu udobnost i izdr\u017eljivost svom korisniku. Nude potpunu za\u0161titu lica i, uz odgovaraju\u0107i filter (filteri MPL serije T), pru\u017eaju za\u0161titu od \u010destica, plinova i para ili kombinacije oba.<\/p>\n<p>Sve na\u0161e gas maske ispunjavaju zahtjeve EN 136:1998\/AC:2003 i imaju CE oznaku u skladu sa Uredbom (UE) 2016\/425 i klasifikovani su u kategoriju III osobne za\u0161titne opreme (PPE).<\/p>\n<p>U ponudi imamo i filter za gas masku A2B2E2K2P3 &#8211; 52,00 KM<\/p>\n<p>\u260e\ufe0f Za sve informacije nam pi\u0161ite ili nas pozovite na: +387 61 221 470<\/p>\n","protected":false},"excerpt":{"rendered":"<h1 class=\"main-title-listing sm:hidden flex flex-row items-center\" data-v-541aae31=\"\"><strong>Gas Maska PANORAMA 3000T<\/strong><\/h1>\n<p>Maska za dugotrajnu upotrebu serije 3000 su maske za cijelo lice dizajnirane da se koriste s jednim univerzalnim filterom za spajanje navoja (prema EN 148-1 standardu) i da pru\u017ee maksimalnu udobnost i izdr\u017eljivost svom korisniku. Nude potpunu za\u0161titu lica i, uz odgovaraju\u0107i filter (filteri MPL serije T), pru\u017eaju za\u0161titu od \u010destica, plinova i para ili kombinacije oba.<\/p>\n<a href=\"https:\/\/www.behardoo.ba\/index.php\/product\/gas-maska-panorama-3000t\/\" class=\"btn frontech-btn\"><span><\/span>Detalji<\/a>","protected":false},"featured_media":306,"template":"","meta":[],"product_brand":[],"product_cat":[351,120,352],"product_tag":[583,584,226,462,343,286,285,396,388,310,235,158,319,200,586,205,101,224,359,135,47,393,395,364,399,401,582,54,215,272,426,585,394,94],"class_list":{"0":"post-305","1":"product","2":"type-product","3":"status-publish","4":"has-post-thumbnail","6":"product_cat-deratizacija","7":"product_cat-ostali-proizvodi","8":"product_cat-zastita_bilja","9":"product_tag-583","10":"product_tag-3000t","11":"product_tag-behar","12":"product_tag-behardoo","13":"product_tag-bih","14":"product_tag-bosna","15":"product_tag-bosnia","16":"product_tag-chem","17":"product_tag-chemical","18":"product_tag-d-o-o","19":"product_tag-deratizacija","20":"product_tag-dezinfekcija","21":"product_tag-doo","22":"product_tag-farm","23":"product_tag-filter","24":"product_tag-fungicid","25":"product_tag-gas","26":"product_tag-hemija","27":"product_tag-hercegovina","28":"product_tag-insekti","29":"product_tag-insekticid","30":"product_tag-kupi","31":"product_tag-maloprodaja","32":"product_tag-maska","33":"product_tag-naruci","34":"product_tag-online","35":"product_tag-panorama","36":"product_tag-poljoprivreda","37":"product_tag-prskanje","38":"product_tag-sarajevo","39":"product_tag-shop","40":"product_tag-t","41":"product_tag-veleprodaja","42":"product_tag-zastita","44":"first","45":"instock","46":"shipping-taxable","47":"product-type-external"},"jetpack_sharing_enabled":true,"_links":{"self":[{"href":"https:\/\/www.behardoo.ba\/index.php\/wp-json\/wp\/v2\/product\/305","targetHints":{"allow":["GET"]}}],"collection":[{"href":"https:\/\/www.behardoo.ba\/index.php\/wp-json\/wp\/v2\/product"}],"about":[{"href":"https:\/\/www.behardoo.ba\/index.php\/wp-json\/wp\/v2\/types\/product"}],"wp:featuredmedia":[{"embeddable":true,"href":"https:\/\/www.behardoo.ba\/index.php\/wp-json\/wp\/v2\/media\/306"}],"wp:attachment":[{"href":"https:\/\/www.behardoo.ba\/index.php\/wp-json\/wp\/v2\/media?parent=305"}],"wp:term":[{"taxonomy":"product_brand","embeddable":true,"href":"https:\/\/www.behardoo.ba\/index.php\/wp-json\/wp\/v2\/product_brand?post=305"},{"taxonomy":"product_cat","embeddable":true,"href":"https:\/\/www.behardoo.ba\/index.php\/wp-json\/wp\/v2\/product_cat?post=305"},{"taxonomy":"product_tag","embeddable":true,"href":"https:\/\/www.behardoo.ba\/index.php\/wp-json\/wp\/v2\/product_tag?post=305"}],"curies":[{"name":"wp","href":"https:\/\/api.w.org\/{rel}","templated":true}]}}