{"id":313,"date":"2023-05-23T11:24:02","date_gmt":"2023-05-23T09:24:02","guid":{"rendered":"http:\/\/www.behardoo.ba\/?post_type=product&#038;p=313"},"modified":"2024-08-07T15:20:08","modified_gmt":"2024-08-07T13:20:08","slug":"dergall-100ml-sredstvo-protiv-tekuti-i-grinja","status":"publish","type":"product","link":"https:\/\/www.behardoo.ba\/index.php\/product\/dergall-100ml-sredstvo-protiv-tekuti-i-grinja\/","title":{"rendered":"DERGALL 100ml &#8211; Sredstvo protiv tekuti i grinja"},"content":{"rendered":"<h1><strong><span style=\"color: #0000ff;\">DERGALL<\/span> 100ml &#8211; Sredstvo protiv <span style=\"color: #ff0000;\">tekuti<\/span> i <span style=\"color: #ff0000;\">grinja<\/span><\/strong><\/h1>\n<p>Dergall preparat za inovativno tretiranje grinja i ektoparazita na peradi i dizajniran je za imobilizaciju zaraze crvenom grinjom (Dermanyssus gallinae) i drugim \u0161teto\u010dinama u peradarstvu kao \u0161to su mehki krpelji (Argas reflexus, A. Polonicus), grinje tropskih pacova (Ornitronyssus bacoti), va\u0161i (Mallophaga) i dr.<\/p>\n<p>Preporu\u010duje se za upotrebu u svim stambenim sistemima.<\/p>\n<p>Njegov fizi\u010dki na\u010din djelovanja (onesposobljavanje) eliminira mogu\u0107nost da \u0161teto\u010dina postane otporna na proizvod. Ne sadr\u017ei pesticide, neurotoksi\u010dne tvari ili opasne hemikalije, dakle, potpuno je bezopasan i siguran za perad, a istovremeno, pozitivno uti\u010de na zdravlje peradi.<\/p>\n<p>Sa Dergall-om, koke su sretnije!<\/p>\n<p>Tako\u0111er, Dergall direktno imobilizira i sljede\u0107e bakterije:\u00a0 Stapylococcus Aureus, Escherichia Coli, Streptococcus Pyogenes, Pseudomonas Aeruginosa<\/p>\n<p>100 ml Dergall-a \/15 litara vode<\/p>\n","protected":false},"excerpt":{"rendered":"<h1><strong><span style=\"color: #0000ff;\">DERGALL<\/span> 100ml &#8211; Sredstvo protiv <span style=\"color: #ff0000;\">tekuti<\/span> i <span style=\"color: #ff0000;\">grinja<\/span><\/strong><\/h1>\n<p>Dergall preparat za inovativno tretiranje grinja i ektoparazita na peradi i dizajniran je za imobilizaciju zaraze crvenom grinjom (Dermanyssus gallinae) i drugim \u0161teto\u010dinama u peradarstvu kao \u0161to su mehki krpelji (Argas reflexus, A. Polonicus), grinje tropskih pacova (Ornitronyssus bacoti), va\u0161i (Mallophaga) i dr.<\/p>\n<a href=\"https:\/\/www.behardoo.ba\/index.php\/product\/dergall-100ml-sredstvo-protiv-tekuti-i-grinja\/\" class=\"btn frontech-btn\"><span><\/span>Detalji<\/a>","protected":false},"featured_media":314,"template":"","meta":[],"product_brand":[],"product_cat":[351,50,120],"product_tag":[594,186,27,226,462,343,286,285,396,388,310,425,235,918,595,319,200,98,251,601,598,224,359,596,605,602,604,603,590,230,393,395,399,401,597,54,483,215,589,476,599,600,919,394],"class_list":{"0":"post-313","1":"product","2":"type-product","3":"status-publish","4":"has-post-thumbnail","6":"product_cat-deratizacija","7":"product_cat-insekticidi","8":"product_cat-ostali-proizvodi","9":"product_tag-100ml","10":"product_tag-agrar","11":"product_tag-agro","12":"product_tag-behar","13":"product_tag-behardoo","14":"product_tag-bih","15":"product_tag-bosna","16":"product_tag-bosnia","17":"product_tag-chem","18":"product_tag-chemical","19":"product_tag-d-o-o","20":"product_tag-ddd","21":"product_tag-deratizacija","22":"product_tag-dergal","23":"product_tag-dergall","24":"product_tag-doo","25":"product_tag-farm","26":"product_tag-farma","27":"product_tag-farmer","28":"product_tag-grinja","29":"product_tag-grinje","30":"product_tag-hemija","31":"product_tag-hercegovina","32":"product_tag-icb","33":"product_tag-kokama","34":"product_tag-koke","35":"product_tag-kokoskama","36":"product_tag-kokoske","37":"product_tag-koncentracija","38":"product_tag-koncentrat","39":"product_tag-kupi","40":"product_tag-maloprodaja","41":"product_tag-naruci","42":"product_tag-online","43":"product_tag-pharma","44":"product_tag-poljoprivreda","45":"product_tag-poprskati","46":"product_tag-prskanje","47":"product_tag-prskat","48":"product_tag-prskati","49":"product_tag-tekut","50":"product_tag-tekuti","51":"product_tag-tergal","52":"product_tag-veleprodaja","54":"first","55":"instock","56":"shipping-taxable","57":"product-type-external"},"jetpack_sharing_enabled":true,"_links":{"self":[{"href":"https:\/\/www.behardoo.ba\/index.php\/wp-json\/wp\/v2\/product\/313","targetHints":{"allow":["GET"]}}],"collection":[{"href":"https:\/\/www.behardoo.ba\/index.php\/wp-json\/wp\/v2\/product"}],"about":[{"href":"https:\/\/www.behardoo.ba\/index.php\/wp-json\/wp\/v2\/types\/product"}],"wp:featuredmedia":[{"embeddable":true,"href":"https:\/\/www.behardoo.ba\/index.php\/wp-json\/wp\/v2\/media\/314"}],"wp:attachment":[{"href":"https:\/\/www.behardoo.ba\/index.php\/wp-json\/wp\/v2\/media?parent=313"}],"wp:term":[{"taxonomy":"product_brand","embeddable":true,"href":"https:\/\/www.behardoo.ba\/index.php\/wp-json\/wp\/v2\/product_brand?post=313"},{"taxonomy":"product_cat","embeddable":true,"href":"https:\/\/www.behardoo.ba\/index.php\/wp-json\/wp\/v2\/product_cat?post=313"},{"taxonomy":"product_tag","embeddable":true,"href":"https:\/\/www.behardoo.ba\/index.php\/wp-json\/wp\/v2\/product_tag?post=313"}],"curies":[{"name":"wp","href":"https:\/\/api.w.org\/{rel}","templated":true}]}}