{"id":319,"date":"2023-05-23T11:42:35","date_gmt":"2023-05-23T09:42:35","guid":{"rendered":"http:\/\/www.behardoo.ba\/?post_type=product&#038;p=319"},"modified":"2023-05-23T11:54:04","modified_gmt":"2023-05-23T09:54:04","slug":"provecta-1l-sredstvo-protiv-stjenica-grinja","status":"publish","type":"product","link":"https:\/\/www.behardoo.ba\/index.php\/product\/provecta-1l-sredstvo-protiv-stjenica-grinja\/","title":{"rendered":"ProVecta 1L &#8211; Sredstvo protiv stjenica, grinja"},"content":{"rendered":"<h1><strong><span style=\"color: #0000ff;\">Pro<\/span><span style=\"color: #ff0000;\">Vecta<\/span> 1L &#8211; Sredstvo protiv stjenica, grinja<\/strong><\/h1>\n<p>ProVecta je visoko efikasna, inovativna formulacija sa fizi\u010dkim na\u010dinom djelovanja dizajnirana za imobilizaciju populacija insekata otpornih na insekticide na te\u0161ko dostupnim mjestima.<\/p>\n<p>Provecta se mo\u017ee koristiti samo razrije\u0111ena vodom i kao poja\u010diva\u010d djelotvornosti insekticida. ProVecta pobolj\u0161ava bioraspolo\u017eivost aktivne supstance \u0161to dovodi do ve\u0107e apsorpcije.<\/p>\n<p>ProVecta omogu\u0107ava razli\u010dite pristupe kontroli \u0161teto\u010dina. Proizvod se mo\u017ee koristiti za kontrolu puzaju\u0107ih i lete\u0107ih insekata, kako u zatvorenom tako i na otvorenom.<\/p>\n<p>U slu\u010daju tretmana suzbijanja stjenica na mjestima gdje se ne mogu koristiti toksi\u010dni proizvodi (kao \u0161to su bolnice, domovi zdravlja, domovi za odmor i hospicije), preporu\u010duje se kori\u0161tenje ProVecte samo u mje\u0161avini s vodom.<\/p>\n<p>ProVecta je bazirana na jedinstvenom ALL IN WEB. Kada se nanese na povr\u0161inu, formira vazdu\u0161no propusnu, trodimenzionalnu molekularnu strukturu. Izaziva vanjsku mehani\u010dku imobilizaciju \u0161teto\u010dina, \u0161to inhibira njihovu sposobnost hranjenja, \u0161to rezultira zna\u010dajnim smanjenjem njihove populacije.<\/p>\n<p>Radni rastvor nanositi lokalno na sva mesta okupljanja \u0161teto\u010dina. Tretman ProVectom treba izvoditi finim misterom LV (mali volumen). Nema rezidualnog efekta, nema perioda \u010dekanja.<\/p>\n<p><strong>JEDINSTVENE KARAKTERISTIKE PROIZVODA:<br \/>\n<\/strong><br \/>\n&#8211; Hibridna formulacija koja se mo\u017ee koristiti za suzbijanje \u0161teto\u010dina u mje\u0161avini s vodom kao i poja\u010diva\u010d efikasnosti insekticida u mje\u0161avini s otopinom insekticida.<br \/>\n&#8211; Prvi u Evropi profesionalni poja\u010diva\u010d efikasnosti za tr\u017ei\u0161te deratizacije.<br \/>\n&#8211; Ne stvara otpor kod tretiranih insekata (fizi\u010dki na\u010din djelovanja).<br \/>\n&#8211; Pru\u017ea trenutni nok-down efekat.<br \/>\n&#8211; Netoksi\u010dan samo u me\u0161avini sa vodom.<br \/>\n&#8211; Mo\u017ee se koristiti na mjestima gdje je upotreba otrovnih tvari ograni\u010dena.<\/p>\n","protected":false},"excerpt":{"rendered":"<h1><strong><span style=\"color: #0000ff;\">Pro<\/span><span style=\"color: #ff0000;\">Vecta<\/span> 1L &#8211; Sredstvo protiv stjenica, grinja<\/strong><\/h1>\n<p>ProVecta je visoko efikasna, inovativna formulacija sa fizi\u010dkim na\u010dinom djelovanja dizajnirana za imobilizaciju populacija insekata otpornih na insekticide na te\u0161ko dostupnim mjestima.<\/p>\n<p>Provecta se mo\u017ee koristiti samo razrije\u0111ena vodom i kao poja\u010diva\u010d djelotvornosti insekticida. ProVecta pobolj\u0161ava bioraspolo\u017eivost aktivne supstance \u0161to dovodi do ve\u0107e apsorpcije.<\/p>\n<p>ProVecta omogu\u0107ava razli\u010dite pristupe kontroli \u0161teto\u010dina. Proizvod se mo\u017ee koristiti za kontrolu puzaju\u0107ih i lete\u0107ih insekata, kako u zatvorenom tako i na otvorenom.<\/p>\n<p>U slu\u010daju tretmana suzbijanja stjenica na mjestima gdje se ne mogu koristiti toksi\u010dni proizvodi (kao \u0161to su bolnice, domovi zdravlja, domovi za odmor i hospicije), preporu\u010duje se kori\u0161tenje ProVecte samo u mje\u0161avini s vodom.<\/p>\n<p>ProVecta je bazirana na jedinstvenom ALL IN WEB. Kada se nanese na povr\u0161inu, formira vazdu\u0161no propusnu, trodimenzionalnu molekularnu strukturu. Izaziva vanjsku mehani\u010dku imobilizaciju \u0161teto\u010dina, \u0161to inhibira njihovu sposobnost hranjenja, \u0161to rezultira zna\u010dajnim smanjenjem njihove populacije.<\/p>\n<p>Radni rastvor nanositi lokalno na sva mesta okupljanja \u0161teto\u010dina. Tretman ProVectom treba izvoditi finim misterom LV (mali volumen). Nema rezidualnog efekta, nema perioda \u010dekanja.<\/p>\n<a href=\"https:\/\/www.behardoo.ba\/index.php\/product\/provecta-1l-sredstvo-protiv-stjenica-grinja\/\" class=\"btn frontech-btn\"><span><\/span>Detalji<\/a>","protected":false},"featured_media":320,"template":"","meta":[],"product_brand":[],"product_cat":[351,50,402,120,352],"product_tag":[175,186,27,226,462,343,286,285,396,388,310,425,235,319,200,98,251,601,598,224,359,596,605,602,604,603,590,230,393,395,399,401,597,54,483,606,215,589,476,607,436,599,600,394],"class_list":{"0":"post-319","1":"product","2":"type-product","3":"status-publish","4":"has-post-thumbnail","6":"product_cat-deratizacija","7":"product_cat-insekticidi","8":"product_cat-insekticidi-zastita_bilja","9":"product_cat-ostali-proizvodi","10":"product_cat-zastita_bilja","11":"product_tag-1l","12":"product_tag-agrar","13":"product_tag-agro","14":"product_tag-behar","15":"product_tag-behardoo","16":"product_tag-bih","17":"product_tag-bosna","18":"product_tag-bosnia","19":"product_tag-chem","20":"product_tag-chemical","21":"product_tag-d-o-o","22":"product_tag-ddd","23":"product_tag-deratizacija","24":"product_tag-doo","25":"product_tag-farm","26":"product_tag-farma","27":"product_tag-farmer","28":"product_tag-grinja","29":"product_tag-grinje","30":"product_tag-hemija","31":"product_tag-hercegovina","32":"product_tag-icb","33":"product_tag-kokama","34":"product_tag-koke","35":"product_tag-kokoskama","36":"product_tag-kokoske","37":"product_tag-koncentracija","38":"product_tag-koncentrat","39":"product_tag-kupi","40":"product_tag-maloprodaja","41":"product_tag-naruci","42":"product_tag-online","43":"product_tag-pharma","44":"product_tag-poljoprivreda","45":"product_tag-poprskati","46":"product_tag-provecta","47":"product_tag-prskanje","48":"product_tag-prskat","49":"product_tag-prskati","50":"product_tag-stenice","51":"product_tag-stjenice","52":"product_tag-tekut","53":"product_tag-tekuti","54":"product_tag-veleprodaja","56":"first","57":"instock","58":"shipping-taxable","59":"product-type-external"},"jetpack_sharing_enabled":true,"_links":{"self":[{"href":"https:\/\/www.behardoo.ba\/index.php\/wp-json\/wp\/v2\/product\/319","targetHints":{"allow":["GET"]}}],"collection":[{"href":"https:\/\/www.behardoo.ba\/index.php\/wp-json\/wp\/v2\/product"}],"about":[{"href":"https:\/\/www.behardoo.ba\/index.php\/wp-json\/wp\/v2\/types\/product"}],"wp:featuredmedia":[{"embeddable":true,"href":"https:\/\/www.behardoo.ba\/index.php\/wp-json\/wp\/v2\/media\/320"}],"wp:attachment":[{"href":"https:\/\/www.behardoo.ba\/index.php\/wp-json\/wp\/v2\/media?parent=319"}],"wp:term":[{"taxonomy":"product_brand","embeddable":true,"href":"https:\/\/www.behardoo.ba\/index.php\/wp-json\/wp\/v2\/product_brand?post=319"},{"taxonomy":"product_cat","embeddable":true,"href":"https:\/\/www.behardoo.ba\/index.php\/wp-json\/wp\/v2\/product_cat?post=319"},{"taxonomy":"product_tag","embeddable":true,"href":"https:\/\/www.behardoo.ba\/index.php\/wp-json\/wp\/v2\/product_tag?post=319"}],"curies":[{"name":"wp","href":"https:\/\/api.w.org\/{rel}","templated":true}]}}