{"id":326,"date":"2023-07-17T15:08:23","date_gmt":"2023-07-17T13:08:23","guid":{"rendered":"http:\/\/www.behardoo.ba\/?post_type=product&#038;p=326"},"modified":"2023-07-17T15:08:24","modified_gmt":"2023-07-17T13:08:24","slug":"dioxy-activ-supra-mel-1l","status":"publish","type":"product","link":"https:\/\/www.behardoo.ba\/index.php\/product\/dioxy-activ-supra-mel-1l\/","title":{"rendered":"Dioxy Activ Supra MEL 1L"},"content":{"rendered":"<h2><strong>Dioxy Activ Supra MEL 1L<\/strong><\/h2>\n<p><b>Dioxy Activ\u00a0Supra\u00a0MEL<\/b>\u00a0je koncentrovani rastvor hlordioksida. Brzo i u\u010dinkovito uni\u0161tava sve vrste patogenih organizama (bakterije, viruse, gljivice, alge).<\/p>\n<p>Ima rezidualno dezinficiraju\u0107e djelovanje koje ne ovisi o pH-vrijednosti.<\/p>\n<p>Djeluje unutar \u0161irokog temperaturnog spektra.<\/p>\n<p>Te\u010dno koncentrovano sredstvo za brzu, efikasnu i produ\u017eenu dezinfekciju u p\u010delarstvu<\/p>\n<p>Ne \u0161teti p\u010delama<\/p>\n<p>Ne \u0161teti \u010dovjeku niti o\u0161te\u0107uje materijale<\/p>\n<p>Ne djeluje \u0161tetno na kvalitet proizvoda<\/p>\n<p>Ekolo\u0161ki prihvatljiv<\/p>\n<p>Brzo i u\u010dinkovito uni\u0161tava sve vrste patogenih organizama (bakterije, viruse, gljivice, alge)<\/p>\n<p>Prilikom primjene nije potrebna za\u0161titna oprema<\/p>\n<p>Nakon primjene ne zahtjeva ponovno spiranje\u00a0\u00a0\u00a0\u00a0\u00a0\u00a0\u00a0\u00a0\u00a0\u00a0\u00a0\u00a0\u00a0\u00a0\u00a0\u00a0\u00a0\u00a0\u00a0\u00a0\u00a0\u00a0\u00a0\u00a0\u00a0\u00a0\u00a0\u00a0\u00a0\u00a0\u00a0\u00a0\u00a0\u00a0\u00a0\u00a0\u00a0\u00a0\u00a0\u00a0\u00a0\u00a0\u00a0\u00a0\u00a0\u00a0\u00a0\u00a0\u00a0\u00a0\u00a0\u00a0\u00a0\u00a0\u00a0\u00a0\u00a0\u00a0\u00a0\u00a0\u00a0\u00a0\u00a0\u00a0\u00a0\u00a0\u00a0\u00a0\u00a0\u00a0\u00a0\u00a0\u00a0\u00a0Sl. 1 Dioxy Activ Supra MEL<\/p>\n<p><b>SASTAV I OSOBINE:<\/b><\/p>\n<p>Dioxy Activ Supra MEL je koncentrovani rastvor hlordioksida.<\/p>\n<p>Brzo i u\u010dinkovito uni\u0161tava sve vrste patogenih organizama (bakterije, viruse, gljivice, alge).<\/p>\n<p>Ima rezidualno dezinficiraju\u0107e djelovanje koje ne ovisi o pH-vrijednosti.<\/p>\n<p>Djeluje unutar \u0161irokog temperaturnog spektra.<\/p>\n<p><b>MJESTO PRIMJENE:<\/b><\/p>\n<p>Dioxy Activ Supra MEL se korsti za dezinfekciju:<\/p>\n<p>Ko\u0161nica<\/p>\n<p>Dimilica za p\u010dele, p\u010delarskih no\u017eeva, p\u010delarskih \u010detki<\/p>\n<p>P\u010delarskih klje\u0161ta za va\u0111enje okvira<\/p>\n<p>Kalupa za sastavljanje okvira<\/p>\n<p>Topionika za voska<\/p>\n<p>Stalka za otklapanje sa\u0107a<\/p>\n<p>No\u017eeva za otklapanje sa\u0107a ili p\u010delarskih vilica<\/p>\n<p>Posuda sa sitom za prihvat meda<\/p>\n<p>Sipaonika za p\u010dele (ljevak)<\/p>\n<p>Kutija za prihvat okvira prilikom pregleda<\/p>\n<p>Stega\u010da za seljenje nastavlja\u010da<\/p>\n<p>Vracaljke<\/p>\n<p>Posuda i ambala\u017ee za med itd.<\/p>\n<p><b>NA\u010cIN PRIMJENE \u2013 KONCENTRAT:<\/b><\/p>\n<p>Dioxy Activ Supra MEL se razbla\u017euje sa vodom u odnosu 1:1000.<\/p>\n<p>Zavisno od mikrobnog one\u010di\u0161\u0107enja prethodno o\u010di\u0161\u0107ene i oprane povr\u0161ine<\/p>\n<p>jednokratno ili vi\u0161ekratno porskati pripremljenim razbla\u017eenim rastvorom.<\/p>\n<p><b>Dezinfekcija ko\u0161nica:<\/b><\/p>\n<p>Pripremljenim razbla\u017eenim rastvorom vi\u0161e puta prskati ko\u0161nicu (unutarnji i vanjski dio).<\/p>\n<p>Dezinfekcija je mogu\u0107a i na na\u010din da se koncentrat stavi u posude iznad ko\u0161nica i ostavi da isparava.<\/p>\n<p><b>NA\u010cIN PRIMJENE \u2013 GOTOV RADNI RASTVOR:<\/b><\/p>\n<p>Zavisno od mikrobnog one\u010di\u0161\u0107enja prethodno o\u010di\u0161\u0107ene i oprane povr\u0161ine.<\/p>\n","protected":false},"excerpt":{"rendered":"<h2><strong>Dioxy Activ Supra MEL 1L<\/strong><\/h2>\n<p><b>Dioxy Activ\u00a0Supra\u00a0MEL<\/b>\u00a0je koncentrovani rastvor hlordioksida. Brzo i u\u010dinkovito uni\u0161tava sve vrste patogenih organizama (bakterije, viruse, gljivice, alge).<\/p>\n<a href=\"https:\/\/www.behardoo.ba\/index.php\/product\/dioxy-activ-supra-mel-1l\/\" class=\"btn frontech-btn\"><span><\/span>Detalji<\/a>","protected":false},"featured_media":327,"template":"","meta":[],"product_brand":[],"product_cat":[120],"product_tag":[175,609,186,27,226,462,343,286,285,310,608,441,626,200,98,251,359,615,616,618,624,393,623,619,625,395,528,617,611,399,621,401,614,24,613,612,54,333,215,272,426,610,620,622,394,94],"class_list":{"0":"post-326","1":"product","2":"type-product","3":"status-publish","4":"has-post-thumbnail","6":"product_cat-ostali-proizvodi","7":"product_tag-1l","8":"product_tag-activ","9":"product_tag-agrar","10":"product_tag-agro","11":"product_tag-behar","12":"product_tag-behardoo","13":"product_tag-bih","14":"product_tag-bosna","15":"product_tag-bosnia","16":"product_tag-d-o-o","17":"product_tag-dioxy","18":"product_tag-dostava","19":"product_tag-drustvo","20":"product_tag-farm","21":"product_tag-farma","22":"product_tag-farmer","23":"product_tag-hercegovina","24":"product_tag-kosnica","25":"product_tag-kosnice","26":"product_tag-krecno","27":"product_tag-krecnog","28":"product_tag-kupi","29":"product_tag-legla","30":"product_tag-leglo","31":"product_tag-leglu","32":"product_tag-maloprodaja","33":"product_tag-med","34":"product_tag-medovi","35":"product_tag-mel","36":"product_tag-naruci","37":"product_tag-nozemoza","38":"product_tag-online","39":"product_tag-pcelar","40":"product_tag-pcele","41":"product_tag-pcelinjak","42":"product_tag-plcelinjak","43":"product_tag-poljoprivreda","44":"product_tag-priroda","45":"product_tag-prskanje","46":"product_tag-sarajevo","47":"product_tag-shop","48":"product_tag-supra","49":"product_tag-varoa","50":"product_tag-varoe","51":"product_tag-veleprodaja","52":"product_tag-zastita","54":"first","55":"instock","56":"shipping-taxable","57":"product-type-external"},"jetpack_sharing_enabled":true,"_links":{"self":[{"href":"https:\/\/www.behardoo.ba\/index.php\/wp-json\/wp\/v2\/product\/326","targetHints":{"allow":["GET"]}}],"collection":[{"href":"https:\/\/www.behardoo.ba\/index.php\/wp-json\/wp\/v2\/product"}],"about":[{"href":"https:\/\/www.behardoo.ba\/index.php\/wp-json\/wp\/v2\/types\/product"}],"wp:featuredmedia":[{"embeddable":true,"href":"https:\/\/www.behardoo.ba\/index.php\/wp-json\/wp\/v2\/media\/327"}],"wp:attachment":[{"href":"https:\/\/www.behardoo.ba\/index.php\/wp-json\/wp\/v2\/media?parent=326"}],"wp:term":[{"taxonomy":"product_brand","embeddable":true,"href":"https:\/\/www.behardoo.ba\/index.php\/wp-json\/wp\/v2\/product_brand?post=326"},{"taxonomy":"product_cat","embeddable":true,"href":"https:\/\/www.behardoo.ba\/index.php\/wp-json\/wp\/v2\/product_cat?post=326"},{"taxonomy":"product_tag","embeddable":true,"href":"https:\/\/www.behardoo.ba\/index.php\/wp-json\/wp\/v2\/product_tag?post=326"}],"curies":[{"name":"wp","href":"https:\/\/api.w.org\/{rel}","templated":true}]}}