{"id":328,"date":"2023-07-17T20:26:16","date_gmt":"2023-07-17T18:26:16","guid":{"rendered":"http:\/\/www.behardoo.ba\/?post_type=product&#038;p=328"},"modified":"2023-07-17T20:26:16","modified_gmt":"2023-07-17T18:26:16","slug":"dioxy-activ-supra-agro-1l","status":"publish","type":"product","link":"https:\/\/www.behardoo.ba\/index.php\/product\/dioxy-activ-supra-agro-1l\/","title":{"rendered":"Dioxy Activ Supra Agro 1L"},"content":{"rendered":"<h2><strong>Dioxy Activ Supra Agro 1L<\/strong><\/h2>\n<p>Te\u010dno koncentrovano sredstvo za brzu, efikasnu i produ\u017eenu dezinfekciju u primarnoj i sekundarnoj poljoprivrednoj proizvodnji na bazi hlordioksiada.<\/p>\n<p>Intenziviranjem primarne i sekundarne poljoprivredne proizvodnje proizvo\u0111a\u010dima se postavljaju veliki zahtjevi u smislu produkcije \u0161to ve\u0107ih prinosa, maksimalnog<\/p>\n<p>kvaliteta i visokog stepena biolo\u0161ke ispravnosti finalnog proizvoda. Ograni\u010deno ili zabranjeno kori\u0161tenje odre\u0111enih hemijskih preparata, ispunjavanje kriterija tra\u017eenih standarda, certifikacija ciklusa proizvodnje i proizvoda, sve skupa zahtjeva apsolutno moderna rje\u0161enja u pogledu dezinfekcije medija, proizvoda, pogona, alata i opreme.<\/p>\n<p>Ne postoje univerzalna rje\u0161enja za eliminisanje \u0161tetnih organizama u poljoprivredi. Na tom putu predstavljamo Vam vrhunski preparat ta dezinfekciju u poljoprivredi, pod imenom, Dioxy Activ Supra AGRO. Superioran u pore\u0111enju sa ostalim preparatima iz oblasti dezinfekcije, odlikuje se sljede\u0107im karakteristikama:<\/p>\n<p>EKOLO\u0160KI PRIHVATLJIVA FORMULACIJA PREPARATA ZA DEZINFEKCIJU<br \/>\nSIGURAN ZA PRIMJENU, NEMA OPASNOSTI OD TROVANJA LJUDI I \u017dIVOTINJA<br \/>\nBRZO I U\u010cINKOVITO UNI\u0160TAVA SVE VRSTE PATOGENIH ORGANIZAMA (BAKTERIJE, VIRUSE, GLJIVICE, ALGE)<br \/>\nPRILIKOM PRIMJENE NIJE POTREBNA ZA\u0160TITNA OPREMA APLIKATORA<br \/>\nNE POKAZUJE ABRAZIVNOST NITI O\u0160TE\u0106UJE MATERIJALE KOJI SU ISTIM TRETIRANI<br \/>\nNEMA OGRANI\u010cENJA U POGLEDU VREMENSKOG PERIODA ULASKA NA TRETIRANE POVR\u0160INE NITI KARENCE<br \/>\nNAKON PRIMJENE NE ZAHTJEVA PONOVNO SPIRANJE TRETIRANIH MATERIJALA I POVR\u0160INA<\/p>\n","protected":false},"excerpt":{"rendered":"<h2><strong>Dioxy Activ Supra Agro 1L<\/strong><\/h2>\n<p>Te\u010dno koncentrovano sredstvo za brzu, efikasnu i produ\u017eenu dezinfekciju u primarnoj i sekundarnoj poljoprivrednoj proizvodnji na bazi hlordioksiada.<\/p>\n<a href=\"https:\/\/www.behardoo.ba\/index.php\/product\/dioxy-activ-supra-agro-1l\/\" class=\"btn frontech-btn\"><span><\/span>Detalji<\/a>","protected":false},"featured_media":329,"template":"","meta":[],"product_brand":[],"product_cat":[152,201,120],"product_tag":[175,609,186,27,212,630,169,226,462,343,286,285,396,388,310,425,235,158,608,319,441,200,98,251,205,206,629,424,224,218,359,628,135,47,393,395,399,401,627,250,54,275,215,272,426,610,394,168,123,96,94],"class_list":{"0":"post-328","1":"product","2":"type-product","3":"status-publish","4":"has-post-thumbnail","6":"product_cat-dezinfekcija","7":"product_cat-fungicidi","8":"product_cat-ostali-proizvodi","9":"product_tag-1l","10":"product_tag-activ","11":"product_tag-agrar","12":"product_tag-agro","13":"product_tag-agronomija","14":"product_tag-alge","15":"product_tag-bakterije","16":"product_tag-behar","17":"product_tag-behardoo","18":"product_tag-bih","19":"product_tag-bosna","20":"product_tag-bosnia","21":"product_tag-chem","22":"product_tag-chemical","23":"product_tag-d-o-o","24":"product_tag-ddd","25":"product_tag-deratizacija","26":"product_tag-dezinfekcija","27":"product_tag-dioxy","28":"product_tag-doo","29":"product_tag-dostava","30":"product_tag-farm","31":"product_tag-farma","32":"product_tag-farmer","33":"product_tag-fungicid","34":"product_tag-fungicidi","35":"product_tag-gljive","36":"product_tag-gljivice","37":"product_tag-hemija","38":"product_tag-herbicid","39":"product_tag-hercegovina","40":"product_tag-hlordioksid","41":"product_tag-insekti","42":"product_tag-insekticid","43":"product_tag-kupi","44":"product_tag-maloprodaja","45":"product_tag-naruci","46":"product_tag-online","47":"product_tag-plastenik","48":"product_tag-polje","49":"product_tag-poljoprivreda","50":"product_tag-povrce","51":"product_tag-prskanje","52":"product_tag-sarajevo","53":"product_tag-shop","54":"product_tag-supra","55":"product_tag-veleprodaja","56":"product_tag-virusi","57":"product_tag-voce","58":"product_tag-zasad","59":"product_tag-zastita","61":"first","62":"instock","63":"shipping-taxable","64":"product-type-external"},"jetpack_sharing_enabled":true,"_links":{"self":[{"href":"https:\/\/www.behardoo.ba\/index.php\/wp-json\/wp\/v2\/product\/328","targetHints":{"allow":["GET"]}}],"collection":[{"href":"https:\/\/www.behardoo.ba\/index.php\/wp-json\/wp\/v2\/product"}],"about":[{"href":"https:\/\/www.behardoo.ba\/index.php\/wp-json\/wp\/v2\/types\/product"}],"wp:featuredmedia":[{"embeddable":true,"href":"https:\/\/www.behardoo.ba\/index.php\/wp-json\/wp\/v2\/media\/329"}],"wp:attachment":[{"href":"https:\/\/www.behardoo.ba\/index.php\/wp-json\/wp\/v2\/media?parent=328"}],"wp:term":[{"taxonomy":"product_brand","embeddable":true,"href":"https:\/\/www.behardoo.ba\/index.php\/wp-json\/wp\/v2\/product_brand?post=328"},{"taxonomy":"product_cat","embeddable":true,"href":"https:\/\/www.behardoo.ba\/index.php\/wp-json\/wp\/v2\/product_cat?post=328"},{"taxonomy":"product_tag","embeddable":true,"href":"https:\/\/www.behardoo.ba\/index.php\/wp-json\/wp\/v2\/product_tag?post=328"}],"curies":[{"name":"wp","href":"https:\/\/api.w.org\/{rel}","templated":true}]}}