{"id":333,"date":"2023-07-20T11:47:15","date_gmt":"2023-07-20T09:47:15","guid":{"rendered":"http:\/\/www.behardoo.ba\/?post_type=product&#038;p=333"},"modified":"2026-03-24T17:23:53","modified_gmt":"2026-03-24T16:23:53","slug":"spirale-protiv-komaraca-i-drugih-insekata","status":"publish","type":"product","link":"https:\/\/www.behardoo.ba\/index.php\/product\/spirale-protiv-komaraca-i-drugih-insekata\/","title":{"rendered":"Spirale protiv komaraca i drugih insekata"},"content":{"rendered":"<h2><strong>Spirale protiv komaraca i drugih insekata<\/strong><\/h2>\n<p>\ud83c\udf19\ud83e\udd9f\u00a0Recite zbogom dosadnim insektima i komarcima uz BROS spirale protiv komaraca!\u00a0\ud83e\udd9f\ud83c\udf19<\/p>\n<p>U\u017eivajte u ljetnim no\u0107ima bez dosadnog prisustva insekata i komaraca uz BROS spirale protiv komaraca! Na\u0161 visoko efikasan agent dizajniran je posebno za otvorene prostore, osiguravaju\u0107i da se mo\u017eete opustiti na otvorenom bez ne\u017eeljenih gostiju.<\/p>\n<p>\ud83d\udd25\u00a0Jednostavna primjena:<\/p>\n<p>Kori\u0161tenje BROS spirala protiv komaraca je jednostavno! Uklonite spiralu iz ambala\u017ee i odvojite priljepljene dijelove. Po\u010dev\u0161i od vanjskih vrhova, lagano povucite sredi\u0161te metalnog nosa\u010da natrag u okomit polo\u017eaj i postavite spiralu na njega. Zapalite vrh spirale, ugasite plamen i gledajte kako svijetli. To je tako jednostavno!<\/p>\n<p>\ud83d\udcaa\u00a0Mo\u0107na za\u0161tita:<\/p>\n<p>Svaka BROS spirala protiv komaraca gori do \u010dak <b>8 sati<\/b>, pru\u017eaju\u0107i dugotrajnu za\u0161titu od insekata i komaraca u tim toplim ljetnim no\u0107ima. Isparenja koja se osloba\u0111aju iz spirale imaju i biocidne i repelentne efekte, dr\u017ee\u0107i dosadne bube \u0161to dalje, tako da mo\u017eete u\u017eivati u prirodi bez smetnji.<\/p>\n<p>\ud83e\udd9f\u00a0Ciljano rje\u0161enje:<\/p>\n<p>Na\u0161e spirale protiv komaraca su posebno formulisane za borbu protiv \u0161irokog spektra insekata, komaraca i muha, osiguravaju\u0107i Vam sveobuhvatnu za\u0161titu od uobi\u010dajenih vanjskih \u0161teto\u010dina. Recite zbogom tim ujedima buba koji svrbe i pozdravite neprekidno opu\u0161tanje i u\u017eivanje!<\/p>\n<p>\ud83c\udf3f\u00a0Sigurno i prakti\u010dno:<\/p>\n<p>Va\u0161a sigurnost je na\u0161 prioritet. Na\u0161e spirale protiv komaraca izra\u0111ene su s najve\u0107om pa\u017enjom, koriste\u0107i visokokvalitetne sastojke koji su sigurni za Vas i okoli\u0161. Uz na\u0161 dizajn koji je jednostavan za kori\u0161tenje, mo\u017eete brzo postaviti spiralu i pustiti je da u\u010dini svoju magiju, pru\u017eaju\u0107i Vam za\u0161titu od insekata bez muke.<\/p>\n<p>Ne dozvolite da Vam insekti i komarci pokvare ljetnu zabavu! Odaberite BROS spirale protiv komaraca i za\u0161titite svoje vanjske prostore.<\/p>\n<p>\u260e\ufe0f Pi\u0161ite nam ili nas pozovite na <b>+387 61 221 470<\/b> i naru\u010dite svoje spirale danas i do\u017eivite ve\u010deri bez komaraca kao nikada prije!<\/p>\n","protected":false},"excerpt":{"rendered":"<h2><strong>Spirale protiv komaraca i drugih insekata<\/strong><\/h2>\n<p>\ud83c\udf19\ud83e\udd9f\u00a0Recite zbogom dosadnim insektima i komarcima uz BROS spirale protiv komaraca!\u00a0\ud83e\udd9f\ud83c\udf19<\/p>\n<a href=\"https:\/\/www.behardoo.ba\/index.php\/product\/spirale-protiv-komaraca-i-drugih-insekata\/\" class=\"btn frontech-btn\"><span><\/span>Detalji<\/a>","protected":false},"featured_media":334,"template":"","meta":[],"product_brand":[],"product_cat":[351,50,120],"product_tag":[186,27,226,462,640,343,286,285,545,310,425,235,158,638,637,319,441,200,98,251,224,359,135,47,636,635,467,393,395,399,309,401,54,539,272,426,639,634,394,94],"class_list":{"0":"post-333","1":"product","2":"type-product","3":"status-publish","4":"has-post-thumbnail","6":"product_cat-deratizacija","7":"product_cat-insekticidi","8":"product_cat-ostali-proizvodi","9":"product_tag-agrar","10":"product_tag-agro","11":"product_tag-behar","12":"product_tag-behardoo","13":"product_tag-bezopasno","14":"product_tag-bih","15":"product_tag-bosna","16":"product_tag-bosnia","17":"product_tag-bros","18":"product_tag-d-o-o","19":"product_tag-ddd","20":"product_tag-deratizacija","21":"product_tag-dezinfekcija","22":"product_tag-dim","23":"product_tag-dimne","24":"product_tag-doo","25":"product_tag-dostava","26":"product_tag-farm","27":"product_tag-farma","28":"product_tag-farmer","29":"product_tag-hemija","30":"product_tag-hercegovina","31":"product_tag-insekti","32":"product_tag-insekticid","33":"product_tag-komarac","34":"product_tag-komaraca","35":"product_tag-komarci","36":"product_tag-kupi","37":"product_tag-maloprodaja","38":"product_tag-naruci","39":"product_tag-neotrovno","40":"product_tag-online","41":"product_tag-poljoprivreda","42":"product_tag-protiv","43":"product_tag-sarajevo","44":"product_tag-shop","45":"product_tag-spirala","46":"product_tag-spirale","47":"product_tag-veleprodaja","48":"product_tag-zastita","50":"first","51":"instock","52":"shipping-taxable","53":"product-type-external"},"jetpack_sharing_enabled":true,"_links":{"self":[{"href":"https:\/\/www.behardoo.ba\/index.php\/wp-json\/wp\/v2\/product\/333","targetHints":{"allow":["GET"]}}],"collection":[{"href":"https:\/\/www.behardoo.ba\/index.php\/wp-json\/wp\/v2\/product"}],"about":[{"href":"https:\/\/www.behardoo.ba\/index.php\/wp-json\/wp\/v2\/types\/product"}],"wp:featuredmedia":[{"embeddable":true,"href":"https:\/\/www.behardoo.ba\/index.php\/wp-json\/wp\/v2\/media\/334"}],"wp:attachment":[{"href":"https:\/\/www.behardoo.ba\/index.php\/wp-json\/wp\/v2\/media?parent=333"}],"wp:term":[{"taxonomy":"product_brand","embeddable":true,"href":"https:\/\/www.behardoo.ba\/index.php\/wp-json\/wp\/v2\/product_brand?post=333"},{"taxonomy":"product_cat","embeddable":true,"href":"https:\/\/www.behardoo.ba\/index.php\/wp-json\/wp\/v2\/product_cat?post=333"},{"taxonomy":"product_tag","embeddable":true,"href":"https:\/\/www.behardoo.ba\/index.php\/wp-json\/wp\/v2\/product_tag?post=333"}],"curies":[{"name":"wp","href":"https:\/\/api.w.org\/{rel}","templated":true}]}}