{"id":335,"date":"2023-07-20T11:51:37","date_gmt":"2023-07-20T09:51:37","guid":{"rendered":"http:\/\/www.behardoo.ba\/?post_type=product&#038;p=335"},"modified":"2023-07-20T11:51:38","modified_gmt":"2023-07-20T09:51:38","slug":"traka-protiv-kuhinjskih-moljaca","status":"publish","type":"product","link":"https:\/\/www.behardoo.ba\/index.php\/product\/traka-protiv-kuhinjskih-moljaca\/","title":{"rendered":"Traka protiv kuhinjskih moljaca"},"content":{"rendered":"<h2 class=\"main-title-listing sm:hidden flex flex-row items-center\"><strong>Traka protiv kuhinjskih moljaca<\/strong><\/h2>\n<p>\ud83d\udd12\u00a0Otkrijte i eliminirajte kuhinjske moljce pomo\u0107u BROS ljepljive trake bez mirisa!\u00a0\ud83d\udd12<\/p>\n<p>Zabrinuti ste da kuhinjski moljci upadnu u Va\u0161u ostavu ili ormare za hranu? Ostanite korak ispred i osigurajte sigurnost svoje hrane uz BROS ljepljivu traku bez mirisa\u2014pouzdano rje\u0161enje za rano otkrivanje i efikasno uklanjanje ovih ne\u017eeljenih \u0161teto\u010dina!\u00a0\ud83e\udd8b\u2728<\/p>\n<p>\u2705\u00a0Rano otkrivanje: Na\u0161a ljepljiva traka dizajnirana je za pra\u0107enje i otkrivanje prisutnosti odraslih mu\u017eijaka kuhinjskog moljca. Zamka, opremljena feromonima, efikasno privla\u010di i hvata ove moljce, omogu\u0107avaju\u0107i Vam da rano otkrijete njihovo prisustvo i precizno procijenite njihov broj.<\/p>\n<p>\ud83c\udfaf\u00a0Pouzdana privla\u010dnost: Sna\u017ena kombinacija na\u0161eg ljepljivog papira i feromona djeluje kao magnet za odrasle mu\u017ejake kuhinjskih moljaca. Osigurava da se efikasno privla\u010de prema zamci, sprje\u010davaju\u0107i ih da dodatno o\u0161tete Va\u0161u ostavu ili prostore za skladi\u0161tenje hrane.<\/p>\n<p>\u23f3\u00a0Dugotrajna efikasnost: Svaka traka ljepljivog papira pru\u017ea do \u010dak <b>3 mjeseca<\/b> kontinuirane za\u0161tite. Budite mirni, znaju\u0107i da je Va\u0161a ostava dugotrajno za\u0161ti\u0107ena od kuhinjskih moljaca. Zamijenite traku po potrebi kako biste odr\u017eali optimalnu u\u010dinkovitost.<\/p>\n<p>\ud83c\udf3f\u00a0Rje\u0161enje bez hemikalija: Razumijemo va\u017enost odr\u017eavanja Va\u0161e hrane \u010distom i nekontaminiranom. Zato na\u0161e lepljive trake ne sadr\u017ee hemijske insekticide, \u0161to ih \u010dini bezbjednim za upotrebu u neposrednoj blizini prehrambenih proizvoda kao \u0161to su bra\u0161no, griz, tjestenina, \u017eitarice, kafa, \u010daj i su\u0161eno vo\u0107e.<\/p>\n<p>\ud83d\udcaa\u00a0Raznovrsna primjena: Pri\u010dvrstite na\u0161 ljepljivi papir bilo gdje u svojoj ostavi ili ormarima za hranu. Mo\u017eete ga postaviti direktno u kuhinju ili objesiti na otvor sifona za maksimalnu pogodnost i pokrivenost. Iskusite fleksibilnost upotrebe koja odgovara Va\u0161im jedinstvenim potrebama.<\/p>\n<p>\ud83d\ude80\u00a0Jednostavna aktivacija: Po\u010detak je lak! Jednostavno izvadite ljepljivu traku iz pakovanja, skinite za\u0161titni papir i pri\u010dvrstite ga na \u017eeljeno mjesto. Aktivirajte zamku uklanjanjem za\u0161titnog papira feromonskog ljepila. To je to\u2014spremni ste da dr\u017eite kuhinjske moljce na odstojanju!<\/p>\n<p>Ne dozvolite da kuhinjski moljci ugroze kvalitet Va\u0161e hrane! Odaberite BROS ljepljivi papir bez mirisa i osigurajte rano otkrivanje i eliminaciju ovih \u0161teto\u010dina. Preuzmite kontrolu nad za\u0161titom svoje ostave ve\u0107 danas!\u00a0\ud83d\udecd\ufe0f\u2728<\/p>\n","protected":false},"excerpt":{"rendered":"<h2 class=\"main-title-listing sm:hidden flex flex-row items-center\"><strong>Traka protiv kuhinjskih moljaca<\/strong><\/h2>\n<p>\ud83d\udd12\u00a0Otkrijte i eliminirajte kuhinjske moljce pomo\u0107u BROS ljepljive trake bez mirisa!\u00a0\ud83d\udd12<\/p>\n<a href=\"https:\/\/www.behardoo.ba\/index.php\/product\/traka-protiv-kuhinjskih-moljaca\/\" class=\"btn frontech-btn\"><span><\/span>Detalji<\/a>","protected":false},"featured_media":336,"template":"","meta":[],"product_brand":[],"product_cat":[351,50,120],"product_tag":[186,27,226,462,343,286,285,649,545,310,425,235,158,319,441,200,98,251,205,224,359,452,135,47,450,644,643,393,641,395,647,645,646,399,401,54,539,215,272,426,642,648,394,94,117],"class_list":{"0":"post-335","1":"product","2":"type-product","3":"status-publish","4":"has-post-thumbnail","6":"product_cat-deratizacija","7":"product_cat-insekticidi","8":"product_cat-ostali-proizvodi","9":"product_tag-agrar","10":"product_tag-agro","11":"product_tag-behar","12":"product_tag-behardoo","13":"product_tag-bih","14":"product_tag-bosna","15":"product_tag-bosnia","16":"product_tag-brasno","17":"product_tag-bros","18":"product_tag-d-o-o","19":"product_tag-ddd","20":"product_tag-deratizacija","21":"product_tag-dezinfekcija","22":"product_tag-doo","23":"product_tag-dostava","24":"product_tag-farm","25":"product_tag-farma","26":"product_tag-farmer","27":"product_tag-fungicid","28":"product_tag-hemija","29":"product_tag-hercegovina","30":"product_tag-hrana","31":"product_tag-insekti","32":"product_tag-insekticid","33":"product_tag-kuhinja","34":"product_tag-kuhinjski","35":"product_tag-kuhinjskih","36":"product_tag-kupi","37":"product_tag-ljepljiva","38":"product_tag-maloprodaja","39":"product_tag-moljac","40":"product_tag-moljaca","41":"product_tag-moljci","42":"product_tag-naruci","43":"product_tag-online","44":"product_tag-poljoprivreda","45":"product_tag-protiv","46":"product_tag-prskanje","47":"product_tag-sarajevo","48":"product_tag-shop","49":"product_tag-traka","50":"product_tag-trake","51":"product_tag-veleprodaja","52":"product_tag-zastita","53":"product_tag-zizak","55":"first","56":"instock","57":"shipping-taxable","58":"product-type-external"},"jetpack_sharing_enabled":true,"_links":{"self":[{"href":"https:\/\/www.behardoo.ba\/index.php\/wp-json\/wp\/v2\/product\/335","targetHints":{"allow":["GET"]}}],"collection":[{"href":"https:\/\/www.behardoo.ba\/index.php\/wp-json\/wp\/v2\/product"}],"about":[{"href":"https:\/\/www.behardoo.ba\/index.php\/wp-json\/wp\/v2\/types\/product"}],"wp:featuredmedia":[{"embeddable":true,"href":"https:\/\/www.behardoo.ba\/index.php\/wp-json\/wp\/v2\/media\/336"}],"wp:attachment":[{"href":"https:\/\/www.behardoo.ba\/index.php\/wp-json\/wp\/v2\/media?parent=335"}],"wp:term":[{"taxonomy":"product_brand","embeddable":true,"href":"https:\/\/www.behardoo.ba\/index.php\/wp-json\/wp\/v2\/product_brand?post=335"},{"taxonomy":"product_cat","embeddable":true,"href":"https:\/\/www.behardoo.ba\/index.php\/wp-json\/wp\/v2\/product_cat?post=335"},{"taxonomy":"product_tag","embeddable":true,"href":"https:\/\/www.behardoo.ba\/index.php\/wp-json\/wp\/v2\/product_tag?post=335"}],"curies":[{"name":"wp","href":"https:\/\/api.w.org\/{rel}","templated":true}]}}