{"id":344,"date":"2023-07-26T14:36:52","date_gmt":"2023-07-26T12:36:52","guid":{"rendered":"http:\/\/www.behardoo.ba\/?post_type=product&#038;p=344"},"modified":"2025-05-29T13:11:20","modified_gmt":"2025-05-29T11:11:20","slug":"dioxy-activ-supra-koncentrat-5l","status":"publish","type":"product","link":"https:\/\/www.behardoo.ba\/index.php\/product\/dioxy-activ-supra-koncentrat-5l\/","title":{"rendered":"Dioxy Activ Supra Koncentrat 5L"},"content":{"rendered":"<h2><strong>Dioxy Activ Supra Koncentrat 5L<\/strong><\/h2>\n<p>\ud83d\udd25\u00a0Dioxy Activ Supra &#8211; Va\u0161e vrhunsko rje\u0161enje za dezinfekciju!\u00a0\ud83d\udd25<\/p>\n<p>Umorni ste od brige o \u0161tetnim mikroorganizmima koji vrebaju na povr\u0161inama oko Vas? Recite zbogom bakterijama, virusima, gljivicama i jo\u0161 mnogo toga uz Dioxy Activ Supra &#8211; mo\u0107no dezinfekcijsko sredstvo koje osigurava Va\u0161u sigurnost i bezbri\u017enost!<\/p>\n<p>\ud83c\udf1f\u00a0Za\u0161to odabrati Dioxy Activ Supra?\u00a0\ud83c\udf1f<\/p>\n<p>\u2705\u00a099,99% efektivno: Budite mirni znaju\u0107i da Dioxy Activ Supra uni\u0161tava MRSA, H1N1 i niz patogena, ne ostavljaju\u0107i \u0161anse za \u0161irenje infekcija.<\/p>\n<p>\u2705\u00a0Munjevito djelovanje: Za razliku od drugih dezinficijensa, Dioxy Activ Supra djeluje brzo i efikasno, eliminiraju\u0107i \u0161tetne mikroorganizme u rekordnom vremenu.<\/p>\n<p>\u2705\u00a0Sigurno i ekolo\u0161ki: Va\u0161a dobrobit je na\u0161 prioritet! Dioxy Activ Supra nema \u0161tetnih u\u010dinaka na ljude ili okolinu, \u0161to ga \u010dini savr\u0161enim za sve oblasti upotrebe.<\/p>\n<p>\u2705\u00a0Vi\u0161enamjensko \u010dudo: Od zdravstvene za\u0161tite do ugostiteljstva, prehrambene industrije do op\u0161te upotrebe, Dioxy Activ Supra je Va\u0161e rje\u0161enje za dezinfekciju.<\/p>\n<p>\u2705\u00a0Produ\u017eeni efekat: u\u017eivajte u produ\u017eenoj za\u0161titi uz rezidualni dezinfekcioni efekat Dioxy Activ Supra, osiguravaju\u0107i da povr\u0161ine ostanu \u010diste i bez bakterija.<\/p>\n<p>\u2705\u00a0Nezavisno od pH: Bez obzira na pH vrijednost, Dioxy Activ Supra odr\u017eava svoju nenadma\u0161nu efikasnost protiv patogena.<\/p>\n<p>\u2705\u00a0\u0160iroki temperaturni spektar: Dioxy Activ Supra radi besprijekorno na razli\u010ditim temperaturama, prilago\u0111avaju\u0107i se Va\u0161im potrebama.<\/p>\n<p>\ud83c\udfe8\ud83c\udfe2\ud83c\udfe5\u00a0Savr\u0161eno za upotrebu u:\u00a0\ud83c\udfe5\ud83c\udfe2\ud83c\udfe8<\/p>\n<p>Zdravstvenim ustanovama<\/p>\n<p>Industriji ugostiteljstva<\/p>\n<p>Hotelima i odmarali\u0161tima<\/p>\n<p>Veterinarskim ambulantama<\/p>\n<p>Prehrambenoj industriji<\/p>\n<p>Op\u0161toj upotrebi kod ku\u0107e i na radnom mjestu<\/p>\n<p>\ud83d\udd0e\u00a0Dioxy Activ Supra koncentrat:\u00a0\ud83d\udd0d<\/p>\n<p>Efikasno dezinfikujte radne povr\u0161ine, podove, zidove, plafone, prevozna sredstva, sanitarne \u010dvorove, opremu, aparate, ruke, pa \u010dak i bazene!<\/p>\n<p>\ud83d\udca7\u00a0Dioxy Activ Supra spremno rje\u0161enje:\u00a0\ud83d\udca7<\/p>\n<p>Do\u017eivite brzu, efikasnu i produ\u017eenu dezinfekciju radnih povr\u0161ina, podova, zidova, plafona, transportnih sredstava, sanitarnih \u010dvorova, opreme, ure\u0111aja i ruku &#8211; sve u jednom rje\u0161enju koje je jednostavno za kori\u0161tenje!<\/p>\n<p>Ne ugro\u017eavajte svoje zdravlje i dobrobit. Odaberite Dioxy Activ Supra za sigurnije i \u010distije okru\u017eenje ve\u0107 danas!<\/p>\n<p>\ud83d\udc49\u00a0Preuzmite kontrolu nad svojim okru\u017eenjem uz Dioxy Activ Supra &#8211; vrhunsko rje\u0161enje za dezinfekciju kojem mnogi vjeruju. Ostanite za\u0161ti\u0107eni, ostanite zdravi!<\/p>\n","protected":false},"excerpt":{"rendered":"<h2><strong>Dioxy Activ Supra Koncentrat 5L<\/strong><\/h2>\n<p>\ud83d\udd25\u00a0Dioxy Activ Supra &#8211; Va\u0161e vrhunsko rje\u0161enje za dezinfekciju!\u00a0\ud83d\udd25<\/p>\n<p>Umorni ste od brige o \u0161tetnim mikroorganizmima koji vrebaju na povr\u0161inama oko Vas? Recite zbogom bakterijama, virusima, gljivicama i jo\u0161 mnogo toga uz Dioxy Activ Supra &#8211; mo\u0107no dezinfekcijsko sredstvo koje osigurava Va\u0161u sigurnost i bezbri\u017enost!<\/p>\n<a href=\"https:\/\/www.behardoo.ba\/index.php\/product\/dioxy-activ-supra-koncentrat-5l\/\" class=\"btn frontech-btn\"><span><\/span>Detalji<\/a>","protected":false},"featured_media":343,"template":"","meta":[],"product_brand":[],"product_cat":[351,152],"product_tag":[25,609,186,27,226,462,343,286,285,396,388,310,425,235,158,608,319,441,200,98,251,224,359,135,47,230,393,395,399,401,54,215,272,426,610,394,94],"class_list":{"0":"post-344","1":"product","2":"type-product","3":"status-publish","4":"has-post-thumbnail","6":"product_cat-deratizacija","7":"product_cat-dezinfekcija","8":"product_tag-5l","9":"product_tag-activ","10":"product_tag-agrar","11":"product_tag-agro","12":"product_tag-behar","13":"product_tag-behardoo","14":"product_tag-bih","15":"product_tag-bosna","16":"product_tag-bosnia","17":"product_tag-chem","18":"product_tag-chemical","19":"product_tag-d-o-o","20":"product_tag-ddd","21":"product_tag-deratizacija","22":"product_tag-dezinfekcija","23":"product_tag-dioxy","24":"product_tag-doo","25":"product_tag-dostava","26":"product_tag-farm","27":"product_tag-farma","28":"product_tag-farmer","29":"product_tag-hemija","30":"product_tag-hercegovina","31":"product_tag-insekti","32":"product_tag-insekticid","33":"product_tag-koncentrat","34":"product_tag-kupi","35":"product_tag-maloprodaja","36":"product_tag-naruci","37":"product_tag-online","38":"product_tag-poljoprivreda","39":"product_tag-prskanje","40":"product_tag-sarajevo","41":"product_tag-shop","42":"product_tag-supra","43":"product_tag-veleprodaja","44":"product_tag-zastita","46":"first","47":"instock","48":"shipping-taxable","49":"product-type-external"},"jetpack_sharing_enabled":true,"_links":{"self":[{"href":"https:\/\/www.behardoo.ba\/index.php\/wp-json\/wp\/v2\/product\/344","targetHints":{"allow":["GET"]}}],"collection":[{"href":"https:\/\/www.behardoo.ba\/index.php\/wp-json\/wp\/v2\/product"}],"about":[{"href":"https:\/\/www.behardoo.ba\/index.php\/wp-json\/wp\/v2\/types\/product"}],"wp:featuredmedia":[{"embeddable":true,"href":"https:\/\/www.behardoo.ba\/index.php\/wp-json\/wp\/v2\/media\/343"}],"wp:attachment":[{"href":"https:\/\/www.behardoo.ba\/index.php\/wp-json\/wp\/v2\/media?parent=344"}],"wp:term":[{"taxonomy":"product_brand","embeddable":true,"href":"https:\/\/www.behardoo.ba\/index.php\/wp-json\/wp\/v2\/product_brand?post=344"},{"taxonomy":"product_cat","embeddable":true,"href":"https:\/\/www.behardoo.ba\/index.php\/wp-json\/wp\/v2\/product_cat?post=344"},{"taxonomy":"product_tag","embeddable":true,"href":"https:\/\/www.behardoo.ba\/index.php\/wp-json\/wp\/v2\/product_tag?post=344"}],"curies":[{"name":"wp","href":"https:\/\/api.w.org\/{rel}","templated":true}]}}