{"id":345,"date":"2023-07-28T14:38:02","date_gmt":"2023-07-28T12:38:02","guid":{"rendered":"http:\/\/www.behardoo.ba\/?post_type=product&#038;p=345"},"modified":"2023-07-28T14:38:03","modified_gmt":"2023-07-28T12:38:03","slug":"filter-abek1","status":"publish","type":"product","link":"https:\/\/www.behardoo.ba\/index.php\/product\/filter-abek1\/","title":{"rendered":"Filter ABEK1"},"content":{"rendered":"<h2><b>Filter ABEK1<br \/>\n<\/b><b><\/b><\/h2>\n<p><b>Filteri serije B su klasifikovani po tipu prema zaga\u0111iva\u010du od kojeg pru\u017eaju za\u0161titu (sa oznakom u boji i slovom) i po klasi u smislu kapaciteta (gasovi i pare) u skladu sa evropskim standardom EN 14387:2004+A1:2008 ; i po klasi u smislu efikasnosti (\u010destice), u skladu sa evropskim standardom EN 143:2000\/A1:2006.<br \/>\n<\/b><b><br \/>\n<\/b><b>Svi filteri serije B ispunjavaju zahtjeve Evropskog standarda EN 14387:2004+A1:2008 i EN 143:2000\/A1:2006 i, u skladu sa Uredbom (EU) 2016\/425, imaju CE oznaku i klasifikovani su u kategoriju III Li\u010dna za\u0161titna oprema (LZO).<\/b><\/p>\n","protected":false},"excerpt":{"rendered":"<h2><b>Filter ABEK1<br \/>\n<\/b><b><\/b><\/h2>\n<p><b>Filteri serije B su klasifikovani po tipu prema zaga\u0111iva\u010du od kojeg pru\u017eaju za\u0161titu (sa oznakom u boji i slovom) i po klasi u smislu kapaciteta (gasovi i pare) u skladu sa evropskim standardom EN 14387:2004+A1:2008 ; i po klasi u smislu efikasnosti (\u010destice), u skladu sa evropskim standardom EN 143:2000\/A1:2006.<br \/>\n<\/b><b><br \/>\n<\/b><b>Svi filteri serije B ispunjavaju zahtjeve Evropskog standarda EN 14387:2004+A1:2008 i EN 143:2000\/A1:2006 i, u skladu sa Uredbom (EU) 2016\/425, imaju CE oznaku i klasifikovani su u kategoriju III Li\u010dna za\u0161titna oprema (LZO).<\/b><\/p>\n<a href=\"https:\/\/www.behardoo.ba\/index.php\/product\/filter-abek1\/\" class=\"btn frontech-btn\"><span><\/span>Detalji<\/a>","protected":false},"featured_media":346,"template":"","meta":[],"product_brand":[],"product_cat":[351,120,352],"product_tag":[664,661,186,27,226,462,286,285,396,388,310,425,60,235,59,158,319,441,200,98,251,586,205,206,101,662,224,218,359,135,47,230,393,395,364,666,67,399,401,54,656,665,275,663,215,272,426,394,123,141,94,375],"class_list":{"0":"post-345","1":"product","2":"type-product","3":"status-publish","4":"has-post-thumbnail","6":"product_cat-deratizacija","7":"product_cat-ostali-proizvodi","8":"product_cat-zastita_bilja","9":"product_tag-abek","10":"product_tag-abek1","11":"product_tag-agrar","12":"product_tag-agro","13":"product_tag-behar","14":"product_tag-behardoo","15":"product_tag-bosna","16":"product_tag-bosnia","17":"product_tag-chem","18":"product_tag-chemical","19":"product_tag-d-o-o","20":"product_tag-ddd","21":"product_tag-degesch","22":"product_tag-deratizacija","23":"product_tag-detia","24":"product_tag-dezinfekcija","25":"product_tag-doo","26":"product_tag-dostava","27":"product_tag-farm","28":"product_tag-farma","29":"product_tag-farmer","30":"product_tag-filter","31":"product_tag-fungicid","32":"product_tag-fungicidi","33":"product_tag-gas","34":"product_tag-gasovi","35":"product_tag-hemija","36":"product_tag-herbicid","37":"product_tag-hercegovina","38":"product_tag-insekti","39":"product_tag-insekticid","40":"product_tag-koncentrat","41":"product_tag-kupi","42":"product_tag-maloprodaja","43":"product_tag-maska","44":"product_tag-masku","45":"product_tag-misevi","46":"product_tag-naruci","47":"product_tag-online","48":"product_tag-poljoprivreda","49":"product_tag-polumaska","50":"product_tag-polumasku","51":"product_tag-povrce","52":"product_tag-prasina","53":"product_tag-prskanje","54":"product_tag-sarajevo","55":"product_tag-shop","56":"product_tag-veleprodaja","57":"product_tag-voce","58":"product_tag-za","59":"product_tag-zastita","60":"product_tag-zastitna","62":"first","63":"instock","64":"shipping-taxable","65":"product-type-external"},"jetpack_sharing_enabled":true,"_links":{"self":[{"href":"https:\/\/www.behardoo.ba\/index.php\/wp-json\/wp\/v2\/product\/345","targetHints":{"allow":["GET"]}}],"collection":[{"href":"https:\/\/www.behardoo.ba\/index.php\/wp-json\/wp\/v2\/product"}],"about":[{"href":"https:\/\/www.behardoo.ba\/index.php\/wp-json\/wp\/v2\/types\/product"}],"wp:featuredmedia":[{"embeddable":true,"href":"https:\/\/www.behardoo.ba\/index.php\/wp-json\/wp\/v2\/media\/346"}],"wp:attachment":[{"href":"https:\/\/www.behardoo.ba\/index.php\/wp-json\/wp\/v2\/media?parent=345"}],"wp:term":[{"taxonomy":"product_brand","embeddable":true,"href":"https:\/\/www.behardoo.ba\/index.php\/wp-json\/wp\/v2\/product_brand?post=345"},{"taxonomy":"product_cat","embeddable":true,"href":"https:\/\/www.behardoo.ba\/index.php\/wp-json\/wp\/v2\/product_cat?post=345"},{"taxonomy":"product_tag","embeddable":true,"href":"https:\/\/www.behardoo.ba\/index.php\/wp-json\/wp\/v2\/product_tag?post=345"}],"curies":[{"name":"wp","href":"https:\/\/api.w.org\/{rel}","templated":true}]}}