{"id":348,"date":"2023-08-09T17:06:26","date_gmt":"2023-08-09T15:06:26","guid":{"rendered":"http:\/\/www.behardoo.ba\/?post_type=product&#038;p=348"},"modified":"2025-12-22T10:06:26","modified_gmt":"2025-12-22T09:06:26","slug":"neo-alfa-100ml","status":"publish","type":"product","link":"https:\/\/www.behardoo.ba\/index.php\/product\/neo-alfa-100ml\/","title":{"rendered":"NEO ALFA + FORTE 100ml"},"content":{"rendered":"<h2 dir=\"auto\"><strong><span style=\"color: #993300;\">NEO ALFA+<\/span> 100ml\u00a0<\/strong><\/h2>\n<p>\ud83e\udeb2 Recite zbogom ne\u017eeljenim \u0161teto\u010dinama uz NEO ALFA+ insekticidom! \ud83e\udeb2<\/p>\n<p>Umorni ste od suo\u010davanja s dosadnim insektima kao \u0161to su \u017eohari, mravi, buhe i komarci? Ne tra\u017eite dalje! Predstavljamo NEO ALFA+, Va\u0161e vrhunsko rje\u0161enje za efikasnu kontrolu insekata.<\/p>\n<p>\ud83c\udf1f Za\u0161to odabrati NEO ALFA+? \ud83c\udf1f<\/p>\n<p>\u2705 Brza djelotvornost: NEO ALFA+ sadr\u017ei cipermetrin, mo\u0107an sinteti\u010dki piretroid koji daje brze i efikasne rezultate protiv lete\u0107ih i puzaju\u0107ih insekata.<\/p>\n<p>\u2705 Trajna za\u0161tita: u\u017eivajte u miru jer NEO ALFA+ nudi produ\u017eeno insekticidno djelovanje, \u010duvaju\u0107i Va\u0161e prostore od ne\u017eeljenih gostiju.<\/p>\n<p>\u2705 Bez gadnih mirisa: Ne brinite da \u0107e se neprijatni mirisi zadr\u017eati okolo nakon nano\u0161enja. NEO ALFA+ je bez mirisa, \u0161to ga \u010dini savr\u0161enim za upotrebu u zatvorenom prostoru.<\/p>\n<p>\u2705 Formula bez mrlja: Recite zbogom ru\u017enim mrljama na Va\u0161im povr\u0161inama. NEO ALFA+ ne ostavlja tragove, osiguravaju\u0107i da Va\u0161 dom ostane \u010dist i besprijekoran.<\/p>\n<p>\u2705 Raznovrsna upotreba: Bilo da ste vlasnik ku\u0107e ili profesionalac, NEO ALFA+ je dizajniran za sva\u010diju upotrebu. S lako\u0107om se borite protiv insekata u stambenim i poslovnim prostorima.<\/p>\n<p>\ud83d\udd0d Klju\u010dne karakteristike:<\/p>\n<p>\ud83e\udd9f Ciljano djeluje na \u0161irok spektar insekata, od muha i osa do paukova i grinja.<\/p>\n<p>\ud83d\udee1\ufe0f \u017delu\u010dano i kontaktno djelovanje osigurava sveobuhvatnu kontrolu insekata.<\/p>\n<p>\ud83d\udca7 Jednostavna primjena: razrijediti vodom i poprskati na podru\u010dja sklona insektima.<\/p>\n<p>\ud83d\udccb Doziranje:<\/p>\n<p>Samo 25-100 ml NEO ALFA+ pomije\u0161anog sa 5 litara vode pokriva impresivnih 100 kvadratnih metara prostora.<\/p>\n<p>Ne dozvolite da dosadne bube zavladaju Va\u0161im \u017eivotnim ili radnim okru\u017eenjem. Odaberite NEO ALFA+ insekticid za efikasno suzbijanje \u0161teto\u010dina bez muke!<\/p>\n<p>Recite DA prostorima bez insekata uz NEO ALFA+! \ud83d\udc1c\ud83d\udeab<\/p>\n<p>\u260e\ufe0f Za sve informacije nam pi\u0161ite ili nas pozovite na +387 61 221 470<\/p>\n","protected":false},"excerpt":{"rendered":"<h2 dir=\"auto\"><strong><span style=\"color: #993300;\">NEO ALFA+<\/span> 100ml\u00a0<\/strong><\/h2>\n<p>\ud83e\udeb2 Recite zbogom ne\u017eeljenim \u0161teto\u010dinama uz NEO ALFA+ insekticidom! \ud83e\udeb2<\/p>\n<p>Umorni ste od suo\u010davanja s dosadnim insektima kao \u0161to su \u017eohari, mravi, buhe i komarci? Ne tra\u017eite dalje! Predstavljamo NEO ALFA+, Va\u0161e vrhunsko rje\u0161enje za efikasnu kontrolu insekata.<\/p>\n<a href=\"https:\/\/www.behardoo.ba\/index.php\/product\/neo-alfa-100ml\/\" class=\"btn frontech-btn\"><span><\/span>Detalji<\/a>","protected":false},"featured_media":260,"template":"","meta":[],"product_brand":[],"product_cat":[351,50],"product_tag":[413,594,186,27,466,226,462,343,286,285,396,388,310,425,235,319,441,200,98,251,224,359,135,47,467,393,395,314,41,669,668,399,465,401,54,400,215,272,426,436,394,94,83],"class_list":{"0":"post-348","1":"product","2":"type-product","3":"status-publish","4":"has-post-thumbnail","6":"product_cat-deratizacija","7":"product_cat-insekticidi","8":"product_tag-413","9":"product_tag-100ml","10":"product_tag-agrar","11":"product_tag-agro","12":"product_tag-alfa","13":"product_tag-behar","14":"product_tag-behardoo","15":"product_tag-bih","16":"product_tag-bosna","17":"product_tag-bosnia","18":"product_tag-chem","19":"product_tag-chemical","20":"product_tag-d-o-o","21":"product_tag-ddd","22":"product_tag-deratizacija","23":"product_tag-doo","24":"product_tag-dostava","25":"product_tag-farm","26":"product_tag-farma","27":"product_tag-farmer","28":"product_tag-hemija","29":"product_tag-hercegovina","30":"product_tag-insekti","31":"product_tag-insekticid","32":"product_tag-komarci","33":"product_tag-kupi","34":"product_tag-maloprodaja","35":"product_tag-ml","36":"product_tag-muhe","37":"product_tag-nabava","38":"product_tag-nabavi","39":"product_tag-naruci","40":"product_tag-neo","41":"product_tag-online","42":"product_tag-poljoprivreda","43":"product_tag-poruci","44":"product_tag-prskanje","45":"product_tag-sarajevo","46":"product_tag-shop","47":"product_tag-stjenice","48":"product_tag-veleprodaja","49":"product_tag-zastita","50":"product_tag-zohari","52":"first","53":"instock","54":"shipping-taxable","55":"product-type-external"},"jetpack_sharing_enabled":true,"_links":{"self":[{"href":"https:\/\/www.behardoo.ba\/index.php\/wp-json\/wp\/v2\/product\/348","targetHints":{"allow":["GET"]}}],"collection":[{"href":"https:\/\/www.behardoo.ba\/index.php\/wp-json\/wp\/v2\/product"}],"about":[{"href":"https:\/\/www.behardoo.ba\/index.php\/wp-json\/wp\/v2\/types\/product"}],"wp:featuredmedia":[{"embeddable":true,"href":"https:\/\/www.behardoo.ba\/index.php\/wp-json\/wp\/v2\/media\/260"}],"wp:attachment":[{"href":"https:\/\/www.behardoo.ba\/index.php\/wp-json\/wp\/v2\/media?parent=348"}],"wp:term":[{"taxonomy":"product_brand","embeddable":true,"href":"https:\/\/www.behardoo.ba\/index.php\/wp-json\/wp\/v2\/product_brand?post=348"},{"taxonomy":"product_cat","embeddable":true,"href":"https:\/\/www.behardoo.ba\/index.php\/wp-json\/wp\/v2\/product_cat?post=348"},{"taxonomy":"product_tag","embeddable":true,"href":"https:\/\/www.behardoo.ba\/index.php\/wp-json\/wp\/v2\/product_tag?post=348"}],"curies":[{"name":"wp","href":"https:\/\/api.w.org\/{rel}","templated":true}]}}