{"id":350,"date":"2023-08-09T17:16:35","date_gmt":"2023-08-09T15:16:35","guid":{"rendered":"http:\/\/www.behardoo.ba\/?post_type=product&#038;p=350"},"modified":"2023-08-09T17:16:36","modified_gmt":"2023-08-09T15:16:36","slug":"kalif-protiv-krtica-100g","status":"publish","type":"product","link":"https:\/\/www.behardoo.ba\/index.php\/product\/kalif-protiv-krtica-100g\/","title":{"rendered":"Kalif protiv krtica 100g"},"content":{"rendered":"<h2><strong><span style=\"color: #0000ff;\">Kalif<\/span> protiv krtica 100g<\/strong><\/h2>\n<p>&nbsp;<\/p>\n<p>Repelent protiv krtica je proizvod koji se temelji na biorazgradivim celuloznim kuglicama za zadr\u017eavanje vanjskih podru\u010dja gdje postoji ne\u017eeljena najezda krtica.<\/p>\n<p>U\u010dinak je trenuta\u010dan. Postavljanjem kuglica krtice su obeshrabrene pojavom istih u svojim tunelima i brzo se udalje od podru\u010dja gdje su kopali.<\/p>\n<p>&nbsp;<\/p>\n<p><strong>Upotreba:<\/strong><\/p>\n<p>Postavljaju se 2-3 kuglice po rupi (krti\u010dnjaku, tunelu).<\/p>\n<p>&nbsp;<\/p>\n<p>Proizvod je na biljnoj bazi i nije \u0161tetan za ljude, \u017eivotinje i biljke.<\/p>\n<p>&nbsp;<\/p>\n<p><strong>Rok upotrebe:<\/strong>\u00a0Neograni\u010den!<\/p>\n","protected":false},"excerpt":{"rendered":"<h2><strong><span style=\"color: #0000ff;\">Kalif<\/span> protiv krtica 100g<\/strong><\/h2>\n<p>&nbsp;<\/p>\n<p>Repelent protiv krtica je proizvod koji se temelji na biorazgradivim celuloznim kuglicama za zadr\u017eavanje vanjskih podru\u010dja gdje postoji ne\u017eeljena najezda krtica.<\/p>\n<p>U\u010dinak je trenuta\u010dan. Postavljanjem kuglica krtice su obeshrabrene pojavom istih u svojim tunelima i brzo se udalje od podru\u010dja gdje su kopali.<\/p>\n<p>&nbsp;<\/p>\n<a href=\"https:\/\/www.behardoo.ba\/index.php\/product\/kalif-protiv-krtica-100g\/\" class=\"btn frontech-btn\"><span><\/span>Detalji<\/a>","protected":false},"featured_media":351,"template":"","meta":[],"product_brand":[],"product_cat":[351,58,352],"product_tag":[413,674,186,27,226,462,343,286,285,310,235,319,441,200,98,251,379,359,135,140,672,103,675,673,393,395,67,669,668,399,401,54,400,539,272,426,394,94],"class_list":{"0":"post-350","1":"product","2":"type-product","3":"status-publish","4":"has-post-thumbnail","6":"product_cat-deratizacija","7":"product_cat-rodenticidi","8":"product_cat-zastita_bilja","9":"product_tag-413","10":"product_tag-100g","11":"product_tag-agrar","12":"product_tag-agro","13":"product_tag-behar","14":"product_tag-behardoo","15":"product_tag-bih","16":"product_tag-bosna","17":"product_tag-bosnia","18":"product_tag-d-o-o","19":"product_tag-deratizacija","20":"product_tag-doo","21":"product_tag-dostava","22":"product_tag-farm","23":"product_tag-farma","24":"product_tag-farmer","25":"product_tag-g","26":"product_tag-hercegovina","27":"product_tag-insekti","28":"product_tag-kalif","29":"product_tag-kratica","30":"product_tag-krtice","31":"product_tag-krticnjak","32":"product_tag-krticu","33":"product_tag-kupi","34":"product_tag-maloprodaja","35":"product_tag-misevi","36":"product_tag-nabava","37":"product_tag-nabavi","38":"product_tag-naruci","39":"product_tag-online","40":"product_tag-poljoprivreda","41":"product_tag-poruci","42":"product_tag-protiv","43":"product_tag-sarajevo","44":"product_tag-shop","45":"product_tag-veleprodaja","46":"product_tag-zastita","48":"first","49":"instock","50":"shipping-taxable","51":"product-type-external"},"jetpack_sharing_enabled":true,"_links":{"self":[{"href":"https:\/\/www.behardoo.ba\/index.php\/wp-json\/wp\/v2\/product\/350","targetHints":{"allow":["GET"]}}],"collection":[{"href":"https:\/\/www.behardoo.ba\/index.php\/wp-json\/wp\/v2\/product"}],"about":[{"href":"https:\/\/www.behardoo.ba\/index.php\/wp-json\/wp\/v2\/types\/product"}],"wp:featuredmedia":[{"embeddable":true,"href":"https:\/\/www.behardoo.ba\/index.php\/wp-json\/wp\/v2\/media\/351"}],"wp:attachment":[{"href":"https:\/\/www.behardoo.ba\/index.php\/wp-json\/wp\/v2\/media?parent=350"}],"wp:term":[{"taxonomy":"product_brand","embeddable":true,"href":"https:\/\/www.behardoo.ba\/index.php\/wp-json\/wp\/v2\/product_brand?post=350"},{"taxonomy":"product_cat","embeddable":true,"href":"https:\/\/www.behardoo.ba\/index.php\/wp-json\/wp\/v2\/product_cat?post=350"},{"taxonomy":"product_tag","embeddable":true,"href":"https:\/\/www.behardoo.ba\/index.php\/wp-json\/wp\/v2\/product_tag?post=350"}],"curies":[{"name":"wp","href":"https:\/\/api.w.org\/{rel}","templated":true}]}}