{"id":354,"date":"2023-10-13T18:34:44","date_gmt":"2023-10-13T16:34:44","guid":{"rendered":"http:\/\/www.behardoo.ba\/?post_type=product&#038;p=354"},"modified":"2025-05-09T19:40:05","modified_gmt":"2025-05-09T17:40:05","slug":"k-othrine-sc-25-100ml","status":"publish","type":"product","link":"https:\/\/www.behardoo.ba\/index.php\/product\/k-othrine-sc-25-100ml\/","title":{"rendered":"K-Othrine SC 25 100ml"},"content":{"rendered":"<h2><strong><span style=\"color: #0000ff;\">K-Othrine<\/span> SC 25 100ml<\/strong><\/h2>\n<p>\ud83d\udc1c K-Othrine SC 25 &#8211; Va\u0161e ultimativno rje\u0161enje insekticida! \ud83c\udfe1\ud83c\udf3f<\/p>\n<p>Umorni ste od nepozvanih gostiju insekata? Pozdravite K-Othrine SC 25 kompanije Bayer, insekticid koji ste \u010dekali. \ud83e\udd9f<\/p>\n<p>Klju\u010dne karakteristike:<\/p>\n<p>\u2705 Djelovanje \u0161irokog spektra: To je Va\u0161e sve-u-jednom rje\u0161enje za \u017eohare, muhe, komarce, mrave i stjenice.<\/p>\n<p>\ud83e\udde0 Savremena nauka: Ova formula djeluje na nervni sistem insekata za brze i efikasne rezultate.<\/p>\n<p>\ud83d\udca7 Napravljen da traje: K-Othrine SC 25 je vodootporan i nudi dugotrajnu za\u0161titu.<\/p>\n<p>\ud83c\udf31 Ekolo\u0161ki prihvatljiv: biorazgradiv je i odr\u017eava Va\u0161u okolinu \u010distom i zelenom.<\/p>\n<p>\ud83d\udee0\ufe0f Jednostavan za upotrebu: Samo pomije\u0161ajte s vodom i nanesite na razli\u010dite povr\u0161ine poput drveta, metala, betona, gipsa i stakla.<\/p>\n<p>\ud83d\udc4c Bez mirisa, tragova ili mrlja: Neka Va\u0161 prostor bude \u010dist i svje\u017e.<\/p>\n<p>&nbsp;<\/p>\n<p>Idealan za sve prostore: bilo da se radi o Va\u0161em domu, javnom mjestu ili industrijskom okru\u017eenju, K-Othrine SC 25 Vas pokriva.<\/p>\n<p>Jednostavna primjena: Pomije\u0161ajte 25-50 mL sa 5 litara vode na 100 m\u00b2 i nanesite. Za porozne povr\u0161ine ponovite u pola doze.<\/p>\n<p>Formula brzog djelovanja: K-Othrine SC 25 smanjuje populaciju insekata za 50% za samo 15 minuta!<\/p>\n<p>Ekolo\u0161ki certificiran: Ispunjava ekolo\u0161ke standarde SZO, sigurno je rje\u0161enje s niskim rizicima kada se koristi prema uputama.<\/p>\n<p>Nabavite K-Othrine ve\u0107 danas tako \u0161to \u0107ete nam pisati ili nas pozvati na broj 061 221 470<\/p>\n<p>Tro\u0161ak dostave brzom po\u0161tom je 8,00 KM<\/p>\n<p>\ud83e\udd8b Vratite svoj prostor i u\u017eivajte u \u017eivotu bez buba uz K-Othrine SC 25. Ne dozvolite insektima da zauzmu Va\u0161e uto\u010di\u0161te! \ud83c\udfe0\u2728<\/p>\n","protected":false},"excerpt":{"rendered":"<h2><strong><span style=\"color: #0000ff;\">K-Othrine<\/span> SC 25 100ml<\/strong><\/h2>\n<p>\ud83d\udc1c K-Othrine SC 25 &#8211; Va\u0161e ultimativno rje\u0161enje insekticida! \ud83c\udfe1\ud83c\udf3f<\/p>\n<p>Umorni ste od nepozvanih gostiju insekata? Pozdravite K-Othrine SC 25 kompanije Bayer, insekticid koji ste \u010dekali. \ud83e\udd9f<\/p>\n<p>Klju\u010dne karakteristike:<\/p>\n<p>\u2705 Djelovanje \u0161irokog spektra: To je Va\u0161e sve-u-jednom rje\u0161enje za \u017eohare, muhe, komarce, mrave i stjenice.<\/p>\n<p>\ud83e\udde0 Savremena nauka: Ova formula djeluje na nervni sistem insekata za brze i efikasne rezultate.<\/p>\n<p>\ud83d\udca7 Napravljen da traje: K-Othrine SC 25 je vodootporan i nudi dugotrajnu za\u0161titu.<\/p>\n<p>\ud83c\udf31 Ekolo\u0161ki prihvatljiv: biorazgradiv je i odr\u017eava Va\u0161u okolinu \u010distom i zelenom.<\/p>\n<p>\ud83d\udee0\ufe0f Jednostavan za upotrebu: Samo pomije\u0161ajte s vodom i nanesite na razli\u010dite povr\u0161ine poput drveta, metala, betona, gipsa i stakla.<\/p>\n<p>\ud83d\udc4c Bez mirisa, tragova ili mrlja: Neka Va\u0161 prostor bude \u010dist i svje\u017e.<\/p>\n<a href=\"https:\/\/www.behardoo.ba\/index.php\/product\/k-othrine-sc-25-100ml\/\" class=\"btn frontech-btn\"><span><\/span>Detalji<\/a>","protected":false},"featured_media":356,"template":"","meta":[],"product_brand":[],"product_cat":[351,50,402],"product_tag":[413,594,186,27,679,237,226,462,343,286,285,396,388,310,425,681,235,319,441,200,98,251,224,359,135,47,227,676,635,467,230,393,395,314,399,401,677,54,678,400,215,272,426,680,436,394,94,83],"class_list":{"0":"post-354","1":"product","2":"type-product","3":"status-publish","4":"has-post-thumbnail","6":"product_cat-deratizacija","7":"product_cat-insekticidi","8":"product_cat-insekticidi-zastita_bilja","9":"product_tag-413","10":"product_tag-100ml","11":"product_tag-agrar","12":"product_tag-agro","13":"product_tag-apoteka","14":"product_tag-bayer","15":"product_tag-behar","16":"product_tag-behardoo","17":"product_tag-bih","18":"product_tag-bosna","19":"product_tag-bosnia","20":"product_tag-chem","21":"product_tag-chemical","22":"product_tag-d-o-o","23":"product_tag-ddd","24":"product_tag-deltametrin","25":"product_tag-deratizacija","26":"product_tag-doo","27":"product_tag-dostava","28":"product_tag-farm","29":"product_tag-farma","30":"product_tag-farmer","31":"product_tag-hemija","32":"product_tag-hercegovina","33":"product_tag-insekti","34":"product_tag-insekticid","35":"product_tag-k","36":"product_tag-k-othrine","37":"product_tag-komaraca","38":"product_tag-komarci","39":"product_tag-koncentrat","40":"product_tag-kupi","41":"product_tag-maloprodaja","42":"product_tag-ml","43":"product_tag-naruci","44":"product_tag-online","45":"product_tag-othrine","46":"product_tag-poljoprivreda","47":"product_tag-poljoprivredna","48":"product_tag-poruci","49":"product_tag-prskanje","50":"product_tag-sarajevo","51":"product_tag-shop","52":"product_tag-stjenica","53":"product_tag-stjenice","54":"product_tag-veleprodaja","55":"product_tag-zastita","56":"product_tag-zohari","58":"first","59":"instock","60":"shipping-taxable","61":"product-type-external"},"jetpack_sharing_enabled":true,"_links":{"self":[{"href":"https:\/\/www.behardoo.ba\/index.php\/wp-json\/wp\/v2\/product\/354","targetHints":{"allow":["GET"]}}],"collection":[{"href":"https:\/\/www.behardoo.ba\/index.php\/wp-json\/wp\/v2\/product"}],"about":[{"href":"https:\/\/www.behardoo.ba\/index.php\/wp-json\/wp\/v2\/types\/product"}],"wp:featuredmedia":[{"embeddable":true,"href":"https:\/\/www.behardoo.ba\/index.php\/wp-json\/wp\/v2\/media\/356"}],"wp:attachment":[{"href":"https:\/\/www.behardoo.ba\/index.php\/wp-json\/wp\/v2\/media?parent=354"}],"wp:term":[{"taxonomy":"product_brand","embeddable":true,"href":"https:\/\/www.behardoo.ba\/index.php\/wp-json\/wp\/v2\/product_brand?post=354"},{"taxonomy":"product_cat","embeddable":true,"href":"https:\/\/www.behardoo.ba\/index.php\/wp-json\/wp\/v2\/product_cat?post=354"},{"taxonomy":"product_tag","embeddable":true,"href":"https:\/\/www.behardoo.ba\/index.php\/wp-json\/wp\/v2\/product_tag?post=354"}],"curies":[{"name":"wp","href":"https:\/\/api.w.org\/{rel}","templated":true}]}}