{"id":359,"date":"2023-10-18T16:54:28","date_gmt":"2023-10-18T14:54:28","guid":{"rendered":"http:\/\/www.behardoo.ba\/?post_type=product&#038;p=359"},"modified":"2023-10-18T16:54:28","modified_gmt":"2023-10-18T14:54:28","slug":"bros-zitni-mamac-protiv-miseva-i-stakora-300g","status":"publish","type":"product","link":"https:\/\/www.behardoo.ba\/index.php\/product\/bros-zitni-mamac-protiv-miseva-i-stakora-300g\/","title":{"rendered":"BROS \u017ditni mamac protiv mi\u0161eva i \u0161takora 300g"},"content":{"rendered":"<h2><strong><span style=\"color: #3366ff;\">BROS<\/span> \u017ditni mamac protiv mi\u0161eva i \u0161takora 300g<\/strong><\/h2>\n<p>\ud83d\udc2d \u017delite se rije\u0161iti ne\u017eeljenih glodara? BROS \u017eitni mamac Vam \u010duva le\u0111a!<\/p>\n<p>\ud83c\udfe1 \u010cuvajte svoju porodicu i imovinu uz na\u0161e mo\u0107no rje\u0161enje za deratizaciju. BROS \u017eitni mamac je vrhunski izbor za efikasno uklanjanje mi\u0161eva i pacova.<\/p>\n<p>\u2728 <strong>Za\u0161to odabrati BROS \u017eitni mamac?<\/strong><\/p>\n<p>\u2705 Formula brzog djelovanja: Na\u0161 mamac je dizajniran da djeluje brzo, otklanjaju\u0107i glodare u trenu.<\/p>\n<p>\u2705 Jednostavna primjena: Jednostavno postavite mamac na strate\u0161ke lokacije, a on \u0107e da uradi sve ostalo.<\/p>\n<p>\u2705 Siguran i efikasan: BROS \u017ditni mamac ne ispu\u0161ta bilo kakav otrov, tako da je netoksi\u010dan za ljude i ku\u0107ne ljubimce, osiguravaju\u0107i sigurnost Va\u0161e porodice.<\/p>\n<p>\u2705 Dugotrajni rezultati: u\u017eivajte u domu bez \u0161teto\u010dina na du\u017ei period.<\/p>\n<p><strong>Aktivna materija:<\/strong> Bromadiolone 0,005%<\/p>\n<p>Ne dozvolite da ovi ne\u017eeljeni gosti zauzmu Va\u0161 prostor. Vrijeme je da preuzmete kontrolu! \ud83d\udeab<\/p>\n<p>\u260e\ufe0f Nabavite svoj BROS \u017eitni mamac danas i u\u017eivajte u okru\u017eenju bez \u0161teto\u010dina i stresa. Pi\u0161ite nam ili nas pozovite na: <b>061 221 470<\/b><\/p>\n<p>\ud83d\ude9a Tro\u0161ak dostave brzom po\u0161tom je <b>8,00 KM<\/b><\/p>\n<p>Recite zbogom mi\u0161evima i pacovima s povjerenjem, zahvaljuju\u0107i BROS \u017eitnom mamcu! \ud83d\udc2d\ud83d\udeab<\/p>\n","protected":false},"excerpt":{"rendered":"<h2><strong><span style=\"color: #3366ff;\">BROS<\/span> \u017ditni mamac protiv mi\u0161eva i \u0161takora 300g<\/strong><\/h2>\n<p>\ud83d\udc2d \u017delite se rije\u0161iti ne\u017eeljenih glodara? BROS \u017eitni mamac Vam \u010duva le\u0111a!<\/p>\n<p>\ud83c\udfe1 \u010cuvajte svoju porodicu i imovinu uz na\u0161e mo\u0107no rje\u0161enje za deratizaciju. BROS \u017eitni mamac je vrhunski izbor za efikasno uklanjanje mi\u0161eva i pacova.<\/p>\n<p><strong>Aktivna materija:<\/strong> Bromadiolone 0,005%<\/p>\n<a href=\"https:\/\/www.behardoo.ba\/index.php\/product\/bros-zitni-mamac-protiv-miseva-i-stakora-300g\/\" class=\"btn frontech-btn\"><span><\/span>Detalji<\/a>","protected":false},"featured_media":360,"template":"","meta":[],"product_brand":[],"product_cat":[351,58],"product_tag":[186,27,679,226,462,343,286,285,74,73,545,396,388,310,425,235,319,441,200,98,251,224,359,393,395,507,66,517,67,399,401,54,678,400,539,691,272,426,520,690,394,94,689],"class_list":{"0":"post-359","1":"product","2":"type-product","3":"status-publish","4":"has-post-thumbnail","6":"product_cat-deratizacija","7":"product_cat-rodenticidi","8":"product_tag-agrar","9":"product_tag-agro","10":"product_tag-apoteka","11":"product_tag-behar","12":"product_tag-behardoo","13":"product_tag-bih","14":"product_tag-bosna","15":"product_tag-bosnia","16":"product_tag-bromadilon","17":"product_tag-bromadiolone","18":"product_tag-bros","19":"product_tag-chem","20":"product_tag-chemical","21":"product_tag-d-o-o","22":"product_tag-ddd","23":"product_tag-deratizacija","24":"product_tag-doo","25":"product_tag-dostava","26":"product_tag-farm","27":"product_tag-farma","28":"product_tag-farmer","29":"product_tag-hemija","30":"product_tag-hercegovina","31":"product_tag-kupi","32":"product_tag-maloprodaja","33":"product_tag-mamac","34":"product_tag-mis","35":"product_tag-miseva","36":"product_tag-misevi","37":"product_tag-naruci","38":"product_tag-online","39":"product_tag-poljoprivreda","40":"product_tag-poljoprivredna","41":"product_tag-poruci","42":"product_tag-protiv","43":"product_tag-rastresiti","44":"product_tag-sarajevo","45":"product_tag-shop","46":"product_tag-stakor","47":"product_tag-stakora","48":"product_tag-veleprodaja","49":"product_tag-zastita","50":"product_tag-zitni","52":"first","53":"instock","54":"shipping-taxable","55":"product-type-external"},"jetpack_sharing_enabled":true,"_links":{"self":[{"href":"https:\/\/www.behardoo.ba\/index.php\/wp-json\/wp\/v2\/product\/359","targetHints":{"allow":["GET"]}}],"collection":[{"href":"https:\/\/www.behardoo.ba\/index.php\/wp-json\/wp\/v2\/product"}],"about":[{"href":"https:\/\/www.behardoo.ba\/index.php\/wp-json\/wp\/v2\/types\/product"}],"wp:featuredmedia":[{"embeddable":true,"href":"https:\/\/www.behardoo.ba\/index.php\/wp-json\/wp\/v2\/media\/360"}],"wp:attachment":[{"href":"https:\/\/www.behardoo.ba\/index.php\/wp-json\/wp\/v2\/media?parent=359"}],"wp:term":[{"taxonomy":"product_brand","embeddable":true,"href":"https:\/\/www.behardoo.ba\/index.php\/wp-json\/wp\/v2\/product_brand?post=359"},{"taxonomy":"product_cat","embeddable":true,"href":"https:\/\/www.behardoo.ba\/index.php\/wp-json\/wp\/v2\/product_cat?post=359"},{"taxonomy":"product_tag","embeddable":true,"href":"https:\/\/www.behardoo.ba\/index.php\/wp-json\/wp\/v2\/product_tag?post=359"}],"curies":[{"name":"wp","href":"https:\/\/api.w.org\/{rel}","templated":true}]}}