{"id":362,"date":"2023-10-23T17:39:59","date_gmt":"2023-10-23T15:39:59","guid":{"rendered":"http:\/\/www.behardoo.ba\/?post_type=product&#038;p=362"},"modified":"2024-06-14T11:13:05","modified_gmt":"2024-06-14T09:13:05","slug":"collis-50ml","status":"publish","type":"product","link":"https:\/\/www.behardoo.ba\/index.php\/product\/collis-50ml\/","title":{"rendered":"Collis 50ml"},"content":{"rendered":"<h2><strong><span style=\"color: #c43333;\">Collis<\/span> 50ml<\/strong><\/h2>\n<div class=\"vc_row wpb_row vc_row-fluid\">\n<div class=\"wpb_column vc_column_container vc_col-sm-12\">\n<div class=\"vc_column-inner\">\n<div class=\"wpb_wrapper\">\n<div class=\"wpb_text_column wpb_content_element \">\n<div class=\"wpb_wrapper\">\n<p>COLLIS je namijenjen za suzbijanje bolesti:<\/p>\n<\/div>\n<\/div>\n<\/div>\n<\/div>\n<\/div>\n<\/div>\n<div class=\"vc_row wpb_row vc_row-fluid\">\n<div class=\"wpb_column vc_column_container vc_col-sm-10\">\n<div class=\"vc_column-inner\">\n<div class=\"wpb_wrapper\">\n<h3 class=\"vc_custom_heading\"><strong>vinove loze<\/strong><\/h3>\n<div class=\"wpb_text_column wpb_content_element \">\n<div class=\"wpb_wrapper\">\n<ul>\n<li><strong>pepelnice<\/strong>\u00a0u koli\u010dini od 0,4 l\/ha (0,04 % pri kori\u0161tenju 1000 l vode\/ha). Sredstvo se koristi kada su povoljni uvijeti za razvoj bolesti, od faze prvog lista do faze \u201e\u0161are\u201c ili omek\u0161avanja bobica (BBCH 11 \u2013 83). Sredstvo se smije koristiti najvi\u0161e tri puta tijekom vegetacije, uz razmak od 10 \u2013 14 dana izme\u0111u primjena.<\/li>\n<\/ul>\n<\/div>\n<\/div>\n<\/div>\n<\/div>\n<\/div>\n<\/div>\n<div class=\"vc_row wpb_row vc_row-fluid\">\n<div class=\"wpb_column vc_column_container vc_col-sm-2\">\n<div class=\"vc_column-inner\">\n<div class=\"wpb_wrapper\">\n<div class=\"wpb_single_image wpb_content_element vc_align_right\"><\/div>\n<\/div>\n<\/div>\n<\/div>\n<div class=\"wpb_column vc_column_container vc_col-sm-10\">\n<div class=\"vc_column-inner\">\n<div class=\"wpb_wrapper\">\n<div class=\"wpb_text_column wpb_content_element \">\n<div class=\"wpb_wrapper\">\n<p>Preporu\u010damo kombinaciju FORUM STAR i COLLIS u periodu najja\u010deg infekcijskog potencijala najva\u017enijih bolesti vinove loze. Uporabom kombinacije ova dva fungicida posti\u017eemo za\u0161titu vinograda od dvije najva\u017enije bolesti vingograda (plamenja\u010de i pepelnice) i dodatno smanjujemo zarazu sivom plijesni.<\/p>\n<p>U cilju pro\u0161irenja spektra djelovanja na druge bolesti i \u0161tetnike, COLLIS se mo\u017ee mije\u0161ati s ve\u0107inom drugih fungicida i insekticida koji se primjenjuju u za\u0161titi vinove loze.<\/p>\n<\/div>\n<\/div>\n<\/div>\n<\/div>\n<\/div>\n<\/div>\n<div class=\"vc_row wpb_row vc_row-fluid\">\n<div class=\"wpb_column vc_column_container vc_col-sm-2\">\n<div class=\"vc_column-inner\">\n<div class=\"wpb_wrapper\"><\/div>\n<\/div>\n<\/div>\n<div class=\"wpb_column vc_column_container vc_col-sm-10\">\n<div class=\"vc_column-inner\">\n<div class=\"wpb_wrapper\">\n<h4 class=\"vc_custom_heading\"><strong>KARENCA:<\/strong><\/h4>\n<div class=\"wpb_text_column wpb_content_element \">\n<div class=\"wpb_wrapper\">\n<p>28 dana za vinske i stolne sorte vinove loze<\/p>\n<\/div>\n<\/div>\n<\/div>\n<\/div>\n<\/div>\n<\/div>\n","protected":false},"excerpt":{"rendered":"<h2><strong><span style=\"color: #c43333;\">Collis<\/span> 50ml<\/strong><\/h2>\n<div class=\"vc_row wpb_row vc_row-fluid\">\n<div class=\"wpb_column vc_column_container vc_col-sm-12\">\n<div class=\"vc_column-inner\">\n<div class=\"wpb_wrapper\">\n<div class=\"wpb_text_column wpb_content_element \">\n<div class=\"wpb_wrapper\">\n<p>COLLIS je namijenjen za suzbijanje bolesti:<\/p>\n<\/div>\n<\/div>\n<\/div>\n<\/div>\n<\/div>\n<\/div>\n<div class=\"vc_row wpb_row vc_row-fluid\">\n<div class=\"wpb_column vc_column_container vc_col-sm-10\">\n<div class=\"vc_column-inner\">\n<div class=\"wpb_wrapper\">\n<h3 class=\"vc_custom_heading\"><strong>vinove loze<\/strong><\/h3>\n<div class=\"wpb_text_column wpb_content_element \">\n<div class=\"wpb_wrapper\">\n<ul>\n<li><strong>pepelnice<\/strong>\u00a0u koli\u010dini od 0,4 l\/ha (0,04 % pri kori\u0161tenju 1000 l vode\/ha). Sredstvo se koristi kada su povoljni uvijeti za razvoj bolesti, od faze prvog lista do faze \u201e\u0161are\u201c ili omek\u0161avanja bobica (BBCH 11 \u2013 83). Sredstvo se smije koristiti najvi\u0161e tri puta tijekom vegetacije, uz razmak od 10 \u2013 14 dana izme\u0111u primjena.<\/li>\n<\/ul>\n<\/div>\n<\/div>\n<\/div>\n<\/div>\n<\/div>\n<\/div>\n<a href=\"https:\/\/www.behardoo.ba\/index.php\/product\/collis-50ml\/\" class=\"btn frontech-btn\"><span><\/span>Detalji<\/a>","protected":false},"featured_media":364,"template":"","meta":[],"product_brand":[],"product_cat":[201,352],"product_tag":[414,186,27,679,377,226,462,343,286,285,396,388,281,915,693,310,319,441,200,98,251,205,692,206,703,224,359,916,917,230,393,701,698,702,395,314,399,401,694,695,696,54,678,400,275,215,272,426,394,699,697,700,123,94],"class_list":{"0":"post-362","1":"product","2":"type-product","3":"status-publish","4":"has-post-thumbnail","6":"product_cat-fungicidi","7":"product_cat-zastita_bilja","8":"product_tag-414","9":"product_tag-agrar","10":"product_tag-agro","11":"product_tag-apoteka","12":"product_tag-basf","13":"product_tag-behar","14":"product_tag-behardoo","15":"product_tag-bih","16":"product_tag-bosna","17":"product_tag-bosnia","18":"product_tag-chem","19":"product_tag-chemical","20":"product_tag-chromos","21":"product_tag-colis","22":"product_tag-collis","23":"product_tag-d-o-o","24":"product_tag-doo","25":"product_tag-dostava","26":"product_tag-farm","27":"product_tag-farma","28":"product_tag-farmer","29":"product_tag-fungicid","30":"product_tag-fungicida","31":"product_tag-fungicidi","32":"product_tag-fungicidu","33":"product_tag-hemija","34":"product_tag-hercegovina","35":"product_tag-kolis","36":"product_tag-kollis","37":"product_tag-koncentrat","38":"product_tag-kupi","39":"product_tag-loza","40":"product_tag-loze","41":"product_tag-lozu","42":"product_tag-maloprodaja","43":"product_tag-ml","44":"product_tag-naruci","45":"product_tag-online","46":"product_tag-pepelnica","47":"product_tag-pepelnice","48":"product_tag-pepelnicu","49":"product_tag-poljoprivreda","50":"product_tag-poljoprivredna","51":"product_tag-poruci","52":"product_tag-povrce","53":"product_tag-prskanje","54":"product_tag-sarajevo","55":"product_tag-shop","56":"product_tag-veleprodaja","57":"product_tag-vinova","58":"product_tag-vinove","59":"product_tag-vinovu","60":"product_tag-voce","61":"product_tag-zastita","63":"first","64":"instock","65":"shipping-taxable","66":"product-type-external"},"jetpack_sharing_enabled":true,"_links":{"self":[{"href":"https:\/\/www.behardoo.ba\/index.php\/wp-json\/wp\/v2\/product\/362","targetHints":{"allow":["GET"]}}],"collection":[{"href":"https:\/\/www.behardoo.ba\/index.php\/wp-json\/wp\/v2\/product"}],"about":[{"href":"https:\/\/www.behardoo.ba\/index.php\/wp-json\/wp\/v2\/types\/product"}],"wp:featuredmedia":[{"embeddable":true,"href":"https:\/\/www.behardoo.ba\/index.php\/wp-json\/wp\/v2\/media\/364"}],"wp:attachment":[{"href":"https:\/\/www.behardoo.ba\/index.php\/wp-json\/wp\/v2\/media?parent=362"}],"wp:term":[{"taxonomy":"product_brand","embeddable":true,"href":"https:\/\/www.behardoo.ba\/index.php\/wp-json\/wp\/v2\/product_brand?post=362"},{"taxonomy":"product_cat","embeddable":true,"href":"https:\/\/www.behardoo.ba\/index.php\/wp-json\/wp\/v2\/product_cat?post=362"},{"taxonomy":"product_tag","embeddable":true,"href":"https:\/\/www.behardoo.ba\/index.php\/wp-json\/wp\/v2\/product_tag?post=362"}],"curies":[{"name":"wp","href":"https:\/\/api.w.org\/{rel}","templated":true}]}}