{"id":365,"date":"2023-10-23T17:49:10","date_gmt":"2023-10-23T15:49:10","guid":{"rendered":"http:\/\/www.behardoo.ba\/?post_type=product&#038;p=365"},"modified":"2023-10-23T17:49:10","modified_gmt":"2023-10-23T15:49:10","slug":"vivando-50ml","status":"publish","type":"product","link":"https:\/\/www.behardoo.ba\/index.php\/product\/vivando-50ml\/","title":{"rendered":"Vivando 50ml"},"content":{"rendered":"<h2><strong><span style=\"color: #b32424;\">Vivando<\/span> 50ml<\/strong><\/h2>\n<div class=\"vc_row wpb_row vc_row-fluid\">\n<div class=\"wpb_column vc_column_container vc_col-sm-12\">\n<div class=\"vc_column-inner\">\n<div class=\"wpb_wrapper\">\n<div class=\"wpb_text_column wpb_content_element \">\n<div class=\"wpb_wrapper\">\n<p>VIVANDO je namijenjen za suzbijanje bolesti:<\/p>\n<\/div>\n<\/div>\n<\/div>\n<\/div>\n<\/div>\n<\/div>\n<div class=\"vc_row wpb_row vc_row-fluid\">\n<div class=\"wpb_column vc_column_container vc_col-sm-10\">\n<div class=\"vc_column-inner\">\n<div class=\"wpb_wrapper\">\n<h3 class=\"vc_custom_heading\"><strong>vinove loze<\/strong><\/h3>\n<div class=\"wpb_text_column wpb_content_element \">\n<div class=\"wpb_wrapper\">\n<ul>\n<li><strong>pepelnice<\/strong>\u00a0u koncentraciji 0,02 % (20 ml na 100 l vode). Prvo tretiranje provodi se od pojave opasnosti od zaraze, najranije od stadija pet listova vinove loze do zatvaranja boba (BBCH 15-81) u razmacima 10-14 dana. U slu\u010daju visoke mogu\u0107nosti zaraze (velike koli\u010dine oborina) i intenzivnog porasta biljne mase tretiranje obavljati u kra\u0107im vremenskim razmacima. Preporu\u010dena koli\u010dina vode je 400-1600 l\/ha, ovisno o vrsti ure\u0111aja za primjenu.<\/li>\n<\/ul>\n<\/div>\n<\/div>\n<\/div>\n<\/div>\n<\/div>\n<\/div>\n<div class=\"vc_row wpb_row vc_row-fluid\">\n<div class=\"wpb_column vc_column_container vc_col-sm-2\">\n<div class=\"vc_column-inner\">\n<div class=\"wpb_wrapper\">\n<div class=\"wpb_single_image wpb_content_element vc_align_right\"><\/div>\n<\/div>\n<\/div>\n<\/div>\n<div class=\"wpb_column vc_column_container vc_col-sm-10\">\n<div class=\"vc_column-inner\">\n<div class=\"wpb_wrapper\">\n<div class=\"wpb_text_column wpb_content_element \">\n<div class=\"wpb_wrapper\">\n<ul>\n<li>Navedena koncentracija pretpostavlja da se tro\u0161i 1.000 l \u0161kropiva po hektaru vinograda.<br \/>\nAko se za primjenu koriste prskalice koje proizvode vrlo fine kapljice pa tro\u0161e manje \u0161kropiva po hektaru (manje od 1.000 l\/ha) ili raspr\u0161iva\u010di koji tro\u0161e jo\u0161 manje \u0161kropiva, tada treba pove\u0107ati koncentraciju sredstva za toliko koliko se koli\u010dina \u0161kropiva snizila ispod 1.000 l\/ha.<\/li>\n<li>VIVANDO ne bi trebalo primjenjivati vi\u0161e od dvaput uzastopce. Maksimalni broj<br \/>\nprimjena ograni\u010den je na tri primjene u vegetaciji zbog specifi\u010dnosti aktivne tvari.<\/li>\n<li>U primjeni sredstvo nije opasno za p\u010dele i gujavice.<\/li>\n<\/ul>\n<\/div>\n<\/div>\n<\/div>\n<\/div>\n<\/div>\n<\/div>\n<div class=\"vc_row wpb_row vc_row-fluid\">\n<div class=\"wpb_column vc_column_container vc_col-sm-2\">\n<div class=\"vc_column-inner\">\n<div class=\"wpb_wrapper\"><\/div>\n<\/div>\n<\/div>\n<div class=\"wpb_column vc_column_container vc_col-sm-10\">\n<div class=\"vc_column-inner\">\n<div class=\"wpb_wrapper\">\n<h4 class=\"vc_custom_heading\"><strong>KARENCA:<\/strong><\/h4>\n<div class=\"wpb_text_column wpb_content_element \">\n<div class=\"wpb_wrapper\">\n<p>28 dana za vinovu lozu<\/p>\n<\/div>\n<\/div>\n<\/div>\n<\/div>\n<\/div>\n<\/div>\n","protected":false},"excerpt":{"rendered":"<h2><strong><span style=\"color: #b32424;\">Vivando<\/span> 50ml<\/strong><\/h2>\n<div class=\"vc_row wpb_row vc_row-fluid\">\n<div class=\"wpb_column vc_column_container vc_col-sm-12\">\n<div class=\"vc_column-inner\">\n<div class=\"wpb_wrapper\">\n<div class=\"wpb_text_column wpb_content_element \">\n<div class=\"wpb_wrapper\">\n<p>VIVANDO je namijenjen za suzbijanje bolesti:<\/p>\n<\/div>\n<\/div>\n<\/div>\n<\/div>\n<\/div>\n<\/div>\n<div class=\"vc_row wpb_row vc_row-fluid\">\n<div class=\"wpb_column vc_column_container vc_col-sm-10\">\n<div class=\"vc_column-inner\">\n<div class=\"wpb_wrapper\">\n<h3 class=\"vc_custom_heading\"><strong>vinove loze<\/strong><\/h3>\n<div class=\"wpb_text_column wpb_content_element \">\n<div class=\"wpb_wrapper\">\n<ul>\n<li><strong>pepelnice<\/strong>\u00a0u koncentraciji 0,02 % (20 ml na 100 l vode). Prvo tretiranje provodi se od pojave opasnosti od zaraze, najranije od stadija pet listova vinove loze do zatvaranja boba (BBCH 15-81) u razmacima 10-14 dana. U slu\u010daju visoke mogu\u0107nosti zaraze (velike koli\u010dine oborina) i intenzivnog porasta biljne mase tretiranje obavljati u kra\u0107im vremenskim razmacima. Preporu\u010dena koli\u010dina vode je 400-1600 l\/ha, ovisno o vrsti ure\u0111aja za primjenu.<\/li>\n<\/ul>\n<\/div>\n<\/div>\n<\/div>\n<\/div>\n<\/div>\n<\/div>\n<a href=\"https:\/\/www.behardoo.ba\/index.php\/product\/vivando-50ml\/\" class=\"btn frontech-btn\"><span><\/span>Detalji<\/a>","protected":false},"featured_media":366,"template":"","meta":[],"product_brand":[],"product_cat":[201,352],"product_tag":[414,186,27,679,377,226,462,343,286,285,705,396,388,281,310,319,441,200,98,251,205,692,206,703,224,359,230,393,395,314,399,401,54,678,400,706,275,215,272,426,394,704,123,94],"class_list":{"0":"post-365","1":"product","2":"type-product","3":"status-publish","4":"has-post-thumbnail","6":"product_cat-fungicidi","7":"product_cat-zastita_bilja","8":"product_tag-414","9":"product_tag-agrar","10":"product_tag-agro","11":"product_tag-apoteka","12":"product_tag-basf","13":"product_tag-behar","14":"product_tag-behardoo","15":"product_tag-bih","16":"product_tag-bosna","17":"product_tag-bosnia","18":"product_tag-brza","19":"product_tag-chem","20":"product_tag-chemical","21":"product_tag-chromos","22":"product_tag-d-o-o","23":"product_tag-doo","24":"product_tag-dostava","25":"product_tag-farm","26":"product_tag-farma","27":"product_tag-farmer","28":"product_tag-fungicid","29":"product_tag-fungicida","30":"product_tag-fungicidi","31":"product_tag-fungicidu","32":"product_tag-hemija","33":"product_tag-hercegovina","34":"product_tag-koncentrat","35":"product_tag-kupi","36":"product_tag-maloprodaja","37":"product_tag-ml","38":"product_tag-naruci","39":"product_tag-online","40":"product_tag-poljoprivreda","41":"product_tag-poljoprivredna","42":"product_tag-poruci","43":"product_tag-posta","44":"product_tag-povrce","45":"product_tag-prskanje","46":"product_tag-sarajevo","47":"product_tag-shop","48":"product_tag-veleprodaja","49":"product_tag-vivando","50":"product_tag-voce","51":"product_tag-zastita","53":"first","54":"instock","55":"shipping-taxable","56":"product-type-external"},"jetpack_sharing_enabled":true,"_links":{"self":[{"href":"https:\/\/www.behardoo.ba\/index.php\/wp-json\/wp\/v2\/product\/365","targetHints":{"allow":["GET"]}}],"collection":[{"href":"https:\/\/www.behardoo.ba\/index.php\/wp-json\/wp\/v2\/product"}],"about":[{"href":"https:\/\/www.behardoo.ba\/index.php\/wp-json\/wp\/v2\/types\/product"}],"wp:featuredmedia":[{"embeddable":true,"href":"https:\/\/www.behardoo.ba\/index.php\/wp-json\/wp\/v2\/media\/366"}],"wp:attachment":[{"href":"https:\/\/www.behardoo.ba\/index.php\/wp-json\/wp\/v2\/media?parent=365"}],"wp:term":[{"taxonomy":"product_brand","embeddable":true,"href":"https:\/\/www.behardoo.ba\/index.php\/wp-json\/wp\/v2\/product_brand?post=365"},{"taxonomy":"product_cat","embeddable":true,"href":"https:\/\/www.behardoo.ba\/index.php\/wp-json\/wp\/v2\/product_cat?post=365"},{"taxonomy":"product_tag","embeddable":true,"href":"https:\/\/www.behardoo.ba\/index.php\/wp-json\/wp\/v2\/product_tag?post=365"}],"curies":[{"name":"wp","href":"https:\/\/api.w.org\/{rel}","templated":true}]}}