{"id":372,"date":"2023-12-19T11:00:09","date_gmt":"2023-12-19T10:00:09","guid":{"rendered":"http:\/\/www.behardoo.ba\/?post_type=product&#038;p=372"},"modified":"2025-04-04T13:44:56","modified_gmt":"2025-04-04T11:44:56","slug":"deratizacijska-kutija-tom-sa-providnim-poklopcem","status":"publish","type":"product","link":"https:\/\/www.behardoo.ba\/index.php\/product\/deratizacijska-kutija-tom-sa-providnim-poklopcem\/","title":{"rendered":"Deratizacijska kutija Tom sa providnim poklopcem"},"content":{"rendered":"<h2><strong>Deratizacijska kutija Tom sa providnim poklopcem<\/strong><\/h2>\n<p><strong>Opis:<\/strong><\/p>\n<p>Napravljena od kvalitetne \u010dvrste plastike koja izdr\u017ei temperaturu od -25\u00b0C do +50\u00b0C u svim uslovima. Pogodna za jednostavan nadzor sadr\u017eaja. Sadr\u017ei posudu i \u017eicu za sigurno postavljanje rodenticida i insekticida kao i dodatak za ka\u010denje. Kutija se zaklju\u010dava klju\u010dem na dva mjesta pru\u017eaju\u010di maksimalnu sigurnost u bilo kojem ambijentu.<\/p>\n<p><strong>Dimenzije:<\/strong><\/p>\n<p>29,4&#215;21,6&#215;10,6 cm<\/p>\n","protected":false},"excerpt":{"rendered":"<h2><strong>Deratizacijska kutija Tom sa providnim poklopcem<\/strong><\/h2>\n<p><strong>Opis:<\/strong><\/p>\n<p>Napravljena od kvalitetne \u010dvrste plastike koja izdr\u017ei temperaturu od -25\u00b0C do +50\u00b0C u svim uslovima. Pogodna za jednostavan nadzor sadr\u017eaja. Sadr\u017ei posudu i \u017eicu za sigurno postavljanje rodenticida i insekticida kao i dodatak za ka\u010denje. Kutija se zaklju\u010dava klju\u010dem na dva mjesta pru\u017eaju\u010di maksimalnu sigurnost u bilo kojem ambijentu.<\/p>\n<p><strong>Dimenzije:<\/strong><\/p>\n<p>29,4&#215;21,6&#215;10,6 cm<\/p>\n<a href=\"https:\/\/www.behardoo.ba\/index.php\/product\/deratizacijska-kutija-tom-sa-providnim-poklopcem\/\" class=\"btn frontech-btn\"><span><\/span>Detalji<\/a>","protected":false},"featured_media":373,"template":"","meta":[],"product_brand":[],"product_cat":[351,120],"product_tag":[186,226,343,286,285,310,425,60,235,288,59,158,319,441,317,200,98,251,224,359,135,47,357,708,393,289,395,66,67,399,71,401,87,303,709,68,714,715,54,69,400,710,712,711,713,70,291,272,426,707,394,94,83],"class_list":{"0":"post-372","1":"product","2":"type-product","3":"status-publish","4":"has-post-thumbnail","6":"product_cat-deratizacija","7":"product_cat-ostali-proizvodi","8":"product_tag-agrar","9":"product_tag-behar","10":"product_tag-bih","11":"product_tag-bosna","12":"product_tag-bosnia","13":"product_tag-d-o-o","14":"product_tag-ddd","15":"product_tag-degesch","16":"product_tag-deratizacija","17":"product_tag-deratizacijska","18":"product_tag-detia","19":"product_tag-dezinfekcija","20":"product_tag-doo","21":"product_tag-dostava","22":"product_tag-eu","23":"product_tag-farm","24":"product_tag-farma","25":"product_tag-farmer","26":"product_tag-hemija","27":"product_tag-hercegovina","28":"product_tag-insekti","29":"product_tag-insekticid","30":"product_tag-insekticidi","31":"product_tag-kerbl","32":"product_tag-kupi","33":"product_tag-kutija","34":"product_tag-maloprodaja","35":"product_tag-mis","36":"product_tag-misevi","37":"product_tag-naruci","38":"product_tag-njemacka","39":"product_tag-online","40":"product_tag-otrov","41":"product_tag-otrovi","42":"product_tag-pacov","43":"product_tag-pacovi","44":"product_tag-poklopac","45":"product_tag-poklopcem","46":"product_tag-poljoprivreda","47":"product_tag-poljski","48":"product_tag-poruci","49":"product_tag-providan","50":"product_tag-providni","51":"product_tag-proziran","52":"product_tag-prozirni","53":"product_tag-rodenticid","54":"product_tag-rodenticidi","55":"product_tag-sarajevo","56":"product_tag-shop","57":"product_tag-tom","58":"product_tag-veleprodaja","59":"product_tag-zastita","60":"product_tag-zohari","62":"first","63":"instock","64":"shipping-taxable","65":"product-type-external"},"jetpack_sharing_enabled":true,"_links":{"self":[{"href":"https:\/\/www.behardoo.ba\/index.php\/wp-json\/wp\/v2\/product\/372","targetHints":{"allow":["GET"]}}],"collection":[{"href":"https:\/\/www.behardoo.ba\/index.php\/wp-json\/wp\/v2\/product"}],"about":[{"href":"https:\/\/www.behardoo.ba\/index.php\/wp-json\/wp\/v2\/types\/product"}],"wp:featuredmedia":[{"embeddable":true,"href":"https:\/\/www.behardoo.ba\/index.php\/wp-json\/wp\/v2\/media\/373"}],"wp:attachment":[{"href":"https:\/\/www.behardoo.ba\/index.php\/wp-json\/wp\/v2\/media?parent=372"}],"wp:term":[{"taxonomy":"product_brand","embeddable":true,"href":"https:\/\/www.behardoo.ba\/index.php\/wp-json\/wp\/v2\/product_brand?post=372"},{"taxonomy":"product_cat","embeddable":true,"href":"https:\/\/www.behardoo.ba\/index.php\/wp-json\/wp\/v2\/product_cat?post=372"},{"taxonomy":"product_tag","embeddable":true,"href":"https:\/\/www.behardoo.ba\/index.php\/wp-json\/wp\/v2\/product_tag?post=372"}],"curies":[{"name":"wp","href":"https:\/\/api.w.org\/{rel}","templated":true}]}}