{"id":381,"date":"2024-01-17T11:05:56","date_gmt":"2024-01-17T10:05:56","guid":{"rendered":"https:\/\/www.behardoo.ba\/?post_type=product&#038;p=381"},"modified":"2024-06-14T11:12:40","modified_gmt":"2024-06-14T09:12:40","slug":"microbec-bioloski-aktivator-za-septicke-jame","status":"publish","type":"product","link":"https:\/\/www.behardoo.ba\/index.php\/product\/microbec-bioloski-aktivator-za-septicke-jame\/","title":{"rendered":"Microbec biolo\u0161ki aktivator za septi\u010dke jame"},"content":{"rendered":"<p><strong>Microbec<\/strong> biolo\u0161ki aktivator za septi\u010dke jame sa mirisom limuna. Savremeno rje\u0161enje za sve vrste septi\u010dkih jama (uklju\u010duju\u0107i i biolo\u0161ke) i ekolo\u0161ke sopstvene sisteme za tretman otpadnih voda.<\/p>\n<p><strong>Doziranje:<\/strong><\/p>\n<p>1 vre\u010dica = 1-3 m3<\/p>\n<p>2 vrecice = 4-8 m3<\/p>\n<p>4 vrecice = &gt; 8 m3<\/p>\n<p>&#8211; za doma\u0107instva i rekreativne ustanove<br \/>\n&#8211; omogucava rijedje ciscenje septi\u010dkih jama<br \/>\n&#8211; do 400 miliona bakterija u mjerici<br \/>\n&#8211; za \u010di\u0161\u0107enje sanitarija<\/p>\n","protected":false},"excerpt":{"rendered":"<p><strong>Microbec<\/strong> biolo\u0161ki aktivator za septi\u010dke jame sa mirisom limuna. Savremeno rje\u0161enje za sve vrste septi\u010dkih jama (uklju\u010duju\u0107i i biolo\u0161ke) i ekolo\u0161ke sopstvene sisteme za tretman otpadnih voda.<\/p>\n<p><strong>Doziranje:<\/strong><\/p>\n<p>1 vre\u010dica = 1-3 m3<\/p>\n<p>2 vrecice = 4-8 m3<\/p>\n<p>4 vrecice = &gt; 8 m3<\/p>\n<p>&#8211; za doma\u0107instva i rekreativne ustanove<br \/>\n&#8211; omogucava rijedje ciscenje septi\u010dkih jama<br \/>\n&#8211; do 400 miliona bakterija u mjerici<br \/>\n&#8211; za \u010di\u0161\u0107enje sanitarija<\/p>\n<a href=\"https:\/\/www.behardoo.ba\/index.php\/product\/microbec-bioloski-aktivator-za-septicke-jame\/\" class=\"btn frontech-btn\"><span><\/span>Detalji<\/a>","protected":false},"featured_media":382,"template":"","meta":[],"product_brand":[],"product_cat":[351,120],"product_tag":[186,27,727,226,462,343,725,726,286,285,545,310,425,235,158,319,441,200,98,251,359,34,35,393,395,723,913,914,912,37,399,43,401,730,400,729,272,724,32,33,426,728,394,166],"class_list":{"0":"post-381","1":"product","2":"type-product","3":"status-publish","4":"has-post-thumbnail","6":"product_cat-deratizacija","7":"product_cat-ostali-proizvodi","8":"product_tag-agrar","9":"product_tag-agro","10":"product_tag-aktivator","11":"product_tag-behar","12":"product_tag-behardoo","13":"product_tag-bih","14":"product_tag-biloski","15":"product_tag-bioloski","16":"product_tag-bosna","17":"product_tag-bosnia","18":"product_tag-bros","19":"product_tag-d-o-o","20":"product_tag-ddd","21":"product_tag-deratizacija","22":"product_tag-dezinfekcija","23":"product_tag-doo","24":"product_tag-dostava","25":"product_tag-farm","26":"product_tag-farma","27":"product_tag-farmer","28":"product_tag-hercegovina","29":"product_tag-jama","30":"product_tag-jame","31":"product_tag-kupi","32":"product_tag-maloprodaja","33":"product_tag-microbec","34":"product_tag-microbek","35":"product_tag-mikrobec","36":"product_tag-mikrobek","37":"product_tag-miris","38":"product_tag-naruci","39":"product_tag-odvod","40":"product_tag-online","41":"product_tag-pjena","42":"product_tag-poruci","43":"product_tag-razgradsnja","44":"product_tag-sarajevo","45":"product_tag-septica","46":"product_tag-septicka","47":"product_tag-septicke","48":"product_tag-shop","49":"product_tag-smrad","50":"product_tag-veleprodaja","51":"product_tag-voda","53":"first","54":"instock","55":"shipping-taxable","56":"product-type-external"},"jetpack_sharing_enabled":true,"_links":{"self":[{"href":"https:\/\/www.behardoo.ba\/index.php\/wp-json\/wp\/v2\/product\/381","targetHints":{"allow":["GET"]}}],"collection":[{"href":"https:\/\/www.behardoo.ba\/index.php\/wp-json\/wp\/v2\/product"}],"about":[{"href":"https:\/\/www.behardoo.ba\/index.php\/wp-json\/wp\/v2\/types\/product"}],"wp:featuredmedia":[{"embeddable":true,"href":"https:\/\/www.behardoo.ba\/index.php\/wp-json\/wp\/v2\/media\/382"}],"wp:attachment":[{"href":"https:\/\/www.behardoo.ba\/index.php\/wp-json\/wp\/v2\/media?parent=381"}],"wp:term":[{"taxonomy":"product_brand","embeddable":true,"href":"https:\/\/www.behardoo.ba\/index.php\/wp-json\/wp\/v2\/product_brand?post=381"},{"taxonomy":"product_cat","embeddable":true,"href":"https:\/\/www.behardoo.ba\/index.php\/wp-json\/wp\/v2\/product_cat?post=381"},{"taxonomy":"product_tag","embeddable":true,"href":"https:\/\/www.behardoo.ba\/index.php\/wp-json\/wp\/v2\/product_tag?post=381"}],"curies":[{"name":"wp","href":"https:\/\/api.w.org\/{rel}","templated":true}]}}