{"id":392,"date":"2024-01-19T10:15:50","date_gmt":"2024-01-19T09:15:50","guid":{"rendered":"https:\/\/www.behardoo.ba\/?post_type=product&#038;p=392"},"modified":"2025-05-19T12:48:32","modified_gmt":"2025-05-19T10:48:32","slug":"chlormax-1kg","status":"publish","type":"product","link":"https:\/\/www.behardoo.ba\/index.php\/product\/chlormax-1kg\/","title":{"rendered":"Chlormax 1kg"},"content":{"rendered":"<p><b>Chlormax 1kg<\/b><\/p>\n<p><strong>Opis:<\/strong><\/p>\n<p>Granule za op\u0161tu sanitaciju i dezinfekciju vode<\/p>\n<p>Dezinficijens i op\u0161te biocidno sredstvo<\/p>\n<p><strong>Djelovanje:<\/strong><\/p>\n<p>Chlormax\u00a0je dezinficijens sna\u017enog germicidnog u\u010dinka na bakterije, gljivice, pojedine viruse, alge i amebe (npr. Entamoeba histolytica). Nakon otapanja u vodi natrijev dikloroizocijanurat hidrolizira, nastaje hipohlorna kiselina i hipohloritni ion, koji zajedno u vodi otpu\u0161taju aktivni tj. rezidualni hlor, \u0161to rezultira ireverzibilnim o\u0161te\u0107enjem i uni\u0161tenjem mikroorganizma. Za sna\u017enu mikrobiocidnu aktivnost Chlormax-a zaslu\u017ena je hipohlorna kiselina koja ireverzibilno o\u0161te\u0107uje enzimske sustave i strukturu mikroorganizama.<\/p>\n<p><strong>Indikacije:<\/strong><\/p>\n<p>Op\u0161ta sanitacija i dezinfekcija vode, razli\u010ditih predmeta, povr\u0161ina, opreme i ure\u0111aja.<\/p>\n<p><strong>Na\u010din primjene i doze:<\/strong><\/p>\n<p>1. Op\u0161ta sanitacija i dezinfekcija povr\u0161ina i predmeta, podova, zidova, radnih povr\u0161ina, opreme, pribora i sanitarija:<\/p>\n<p>\u00b7\u00a0\u00a0\u00a0\u00a0\u00a0\u00a0\u00a0\u00a0\u00a0otapanje 1-2 g granula Chlormax-a u 5 l vode<\/p>\n<p>\u00b7\u00a0\u00a0\u00a0\u00a0\u00a0\u00a0\u00a0\u00a0\u00a0jednokratno ili vi\u0161ekratno brisanje ili prskanje povr\u0161ina i ve\u0107ih predmeta<\/p>\n<p>\u00b7\u00a0\u00a0\u00a0\u00a0\u00a0\u00a0\u00a0\u00a0\u00a0uranjanje manjih predmeta (3 minute do 2 sata)<\/p>\n<p>2. Dezinfekcija vode za pi\u0107e:<\/p>\n<p>\u00b7\u00a0\u00a0\u00a0\u00a0\u00a0\u00a0\u00a0\u00a0\u00a0direktno u vodu u posudama, kontejnerima, cisternama ili bunarima dozira se 1,5-2 g granula na svakih 1000 l. Voda je pogodna za pi\u0107e 10-30 minuta nakon otapanja granula.<\/p>\n<p>3. Dezinfekcija radne odje\u0107e, rublja i ostale tekstilne robe bijele boje ili drugih boja:<\/p>\n<p>\u00b7\u00a0\u00a0\u00a0\u00a0\u00a0\u00a0\u00a0\u00a0\u00a0uranjanje suhe robe prije pranja tokom 2 sata, bez ispiranja s vodom, za \u0161to se koristi radna otopina prire\u0111ena otapanjem 1-2 g granula u 5 l vode.<\/p>\n<p>4. Dezinfekcija pribora za jelo i pi\u0107e te kuhinjskog posu\u0111a:<\/p>\n<p>\u00b7\u00a0\u00a0\u00a0\u00a0\u00a0\u00a0\u00a0\u00a0\u00a0uranjanje nakon pranja u trajanju 3-5 minuta, bez ispiranja vodom, za \u0161to slu\u017ei radna otopina prire\u0111ena otapanjem 1-2 g granula u 5 l vode.<\/p>\n<p>5. Dezinfekcija vode u bazenima:<\/p>\n<p>\u00b7\u00a0\u00a0\u00a0\u00a0\u00a0\u00a0\u00a0\u00a0\u00a0direktno u vodu u bazenima stavi se 1,5-2 g granula na svakih 1000 l. Postupak se provodi dva puta na dan \u2013 ujutro i nave\u010der.<\/p>\n<p>\u00b7\u00a0\u00a0\u00a0\u00a0\u00a0\u00a0\u00a0\u00a0\u00a0*0,9 g granula = 1 ml Chlormax; mjericom se dozira 2,25 g (2,5 ml) i 4,5 g (5 ml) granula.<\/p>\n<p>Za sve informacije nam pi\u0161ite, ili nas pozovite na: <strong>061 221 470<\/strong><\/p>\n","protected":false},"excerpt":{"rendered":"<p><b>Chlormax 1kg<\/b><\/p>\n<p><strong>Opis:<\/strong><\/p>\n<p>Granule za op\u0161tu sanitaciju i dezinfekciju vode<\/p>\n<p>Dezinficijens i op\u0161te biocidno sredstvo<\/p>\n<p><strong>Djelovanje:<\/strong><\/p>\n<p>Chlormax\u00a0je dezinficijens sna\u017enog germicidnog u\u010dinka na bakterije, gljivice, pojedine viruse, alge i amebe (npr. Entamoeba histolytica). Nakon otapanja u vodi natrijev dikloroizocijanurat hidrolizira, nastaje hipohlorna kiselina i hipohloritni ion, koji zajedno u vodi otpu\u0161taju aktivni tj. rezidualni hlor, \u0161to rezultira ireverzibilnim o\u0161te\u0107enjem i uni\u0161tenjem mikroorganizma. Za sna\u017enu mikrobiocidnu aktivnost Chlormax-a zaslu\u017ena je hipohlorna kiselina koja ireverzibilno o\u0161te\u0107uje enzimske sustave i strukturu mikroorganizama.<\/p>\n<a href=\"https:\/\/www.behardoo.ba\/index.php\/product\/chlormax-1kg\/\" class=\"btn frontech-btn\"><span><\/span>Detalji<\/a>","protected":false},"featured_media":393,"template":"","meta":[],"product_brand":[],"product_cat":[351,152],"product_tag":[186,27,226,462,343,286,285,396,388,731,737,429,738,310,425,732,235,158,319,441,200,98,251,188,224,359,164,1011,734,735,911,1012,733,1013,1009,1010,1014,393,395,399,401,54,400,215,272,426,394,94],"class_list":{"0":"post-392","1":"product","2":"type-product","3":"status-publish","4":"has-post-thumbnail","6":"product_cat-deratizacija","7":"product_cat-dezinfekcija","8":"product_tag-agrar","9":"product_tag-agro","10":"product_tag-behar","11":"product_tag-behardoo","12":"product_tag-bih","13":"product_tag-bosna","14":"product_tag-bosnia","15":"product_tag-chem","16":"product_tag-chemical","17":"product_tag-chlormax","18":"product_tag-chloromax","19":"product_tag-cisto","20":"product_tag-cistoca","21":"product_tag-d-o-o","22":"product_tag-ddd","23":"product_tag-deka","24":"product_tag-deratizacija","25":"product_tag-dezinfekcija","26":"product_tag-doo","27":"product_tag-dostava","28":"product_tag-farm","29":"product_tag-farma","30":"product_tag-farmer","31":"product_tag-genera","32":"product_tag-hemija","33":"product_tag-hercegovina","34":"product_tag-hlor","35":"product_tag-hlora","36":"product_tag-hlormaks","37":"product_tag-hloromaks","38":"product_tag-hloromax","39":"product_tag-hloru","40":"product_tag-klor","41":"product_tag-klora","42":"product_tag-kloromaks","43":"product_tag-kloromax","44":"product_tag-kloru","45":"product_tag-kupi","46":"product_tag-maloprodaja","47":"product_tag-naruci","48":"product_tag-online","49":"product_tag-poljoprivreda","50":"product_tag-poruci","51":"product_tag-prskanje","52":"product_tag-sarajevo","53":"product_tag-shop","54":"product_tag-veleprodaja","55":"product_tag-zastita","57":"first","58":"instock","59":"shipping-taxable","60":"product-type-external"},"jetpack_sharing_enabled":true,"_links":{"self":[{"href":"https:\/\/www.behardoo.ba\/index.php\/wp-json\/wp\/v2\/product\/392","targetHints":{"allow":["GET"]}}],"collection":[{"href":"https:\/\/www.behardoo.ba\/index.php\/wp-json\/wp\/v2\/product"}],"about":[{"href":"https:\/\/www.behardoo.ba\/index.php\/wp-json\/wp\/v2\/types\/product"}],"wp:featuredmedia":[{"embeddable":true,"href":"https:\/\/www.behardoo.ba\/index.php\/wp-json\/wp\/v2\/media\/393"}],"wp:attachment":[{"href":"https:\/\/www.behardoo.ba\/index.php\/wp-json\/wp\/v2\/media?parent=392"}],"wp:term":[{"taxonomy":"product_brand","embeddable":true,"href":"https:\/\/www.behardoo.ba\/index.php\/wp-json\/wp\/v2\/product_brand?post=392"},{"taxonomy":"product_cat","embeddable":true,"href":"https:\/\/www.behardoo.ba\/index.php\/wp-json\/wp\/v2\/product_cat?post=392"},{"taxonomy":"product_tag","embeddable":true,"href":"https:\/\/www.behardoo.ba\/index.php\/wp-json\/wp\/v2\/product_tag?post=392"}],"curies":[{"name":"wp","href":"https:\/\/api.w.org\/{rel}","templated":true}]}}