{"id":397,"date":"2024-01-30T11:35:10","date_gmt":"2024-01-30T10:35:10","guid":{"rendered":"https:\/\/www.behardoo.ba\/?post_type=product&#038;p=397"},"modified":"2024-01-30T11:35:11","modified_gmt":"2024-01-30T10:35:11","slug":"forum-star-1kg","status":"publish","type":"product","link":"https:\/\/www.behardoo.ba\/index.php\/product\/forum-star-1kg\/","title":{"rendered":"FORUM STAR 1kg"},"content":{"rendered":"<p>\ud83c\udf1f Oslobodite snagu <strong>FORUM STAR<\/strong>-a: Va\u0161eg pouzdanog saveznika protiv gljivi\u010dnih bolesti! \ud83c\udf3f<\/p>\n<p>&nbsp;<\/p>\n<p>Poljoprivrednici i poljoprivredni stru\u010dnjaci! Jeste li spremni da pobolj\u0161ate svoju za\u0161titu usjeva? Predstavljamo <strong>FORUM STAR<\/strong> od <strong>BASF<\/strong>-a &#8211; vrhunski fungicid koji je vode\u0107i u polju zdravlja i produktivnosti biljaka!<\/p>\n<p>&nbsp;<\/p>\n<p>\ud83c\udf40 Vrhunska kontrola bolesti: Sa svojom naprednom formulacijom, <strong>FORUM STAR<\/strong> cilja i iskorjenjuje \u0161irok spektar gljivi\u010dnih bolesti. Va\u0161i usjevi ne samo da se tretiraju, ve\u0107 su i za\u0161ti\u0107eni!<\/p>\n<p>&nbsp;<\/p>\n<p>\ud83d\udd0d Precizno formulisano: Razvijen od strane vode\u0107ih nau\u010dnika u <strong>BASF<\/strong>-u, <strong>FORUM STAR<\/strong> nudi preciznost i pouzdanost koja Vam je potrebna da bi Va\u0161i usevi napredovali.<\/p>\n<p>&nbsp;<\/p>\n<p>\ud83c\udf0f Ekolo\u0161ki pristup: Vjerujemo u o\u010duvanje na\u0161e planete. <strong>FORUM STAR<\/strong> je dizajniran tako da vodi ra\u010duna o \u017eivotnoj sredini, u skladu sa praksama odr\u017eive poljoprivrede.<\/p>\n<p>&nbsp;<\/p>\n<p>\ud83d\ude80 Jednostavan za kori\u0161tenje, lako za voljeti: Vrijeme je dragocjeno. Zato <strong>FORUM STAR<\/strong> dolazi sa procesom aplikacije lakim za korisnika, koji se neprimjetno integri\u0161e u Va\u0161u poljoprivrednu rutinu bez ikakvih problema.<\/p>\n<p>&nbsp;<\/p>\n<p>\ud83d\udcca Maksimizacija prinosa: Gledajte kako Va\u0161a produktivnost raste! Zdravije biljke dovode do boljih prinosa, a uz <strong>FORUM STAR<\/strong> o\u010dekujte ni\u0161ta manje od najboljeg.<\/p>\n<p>&nbsp;<\/p>\n<p>\ud83d\udcac <strong>BASF<\/strong>-ovo opredjeljenje: U <strong>BASF<\/strong>-u su posve\u0107eni podr\u0161ci poljoprivrednicima inovativnim rje\u0161enjima. Vjerujte u brend koji razumije i pru\u017ea izvrsnost u poljoprivredi.<\/p>\n<p>&nbsp;<\/p>\n<p>\ud83c\udf89 Upozorenje o ekskluzivnoj ponudi: Zapo\u010dnite svoje putovanje uz <strong>FORUM STAR<\/strong> i u\u017eivajte u posebnoj akcijskoj cijeni!<\/p>\n<p>&nbsp;<\/p>\n<p>\ud83d\udc49 Ne \u010dekajte! Pozovite <strong>061221470<\/strong> i saznajte vi\u0161e o <strong>FORUM STAR<\/strong>-u i izvr\u0161ite kupovinu ve\u0107 danas. Va\u0161i usjevi zaslu\u017euju najbolju za\u0161titu.<\/p>\n<p>&nbsp;<\/p>\n<p>Poja\u010dajte zdravlje usjeva uz <strong>FORUM STAR<\/strong> &#8211; Kupite odmah!<\/p>\n<p>&nbsp;<\/p>\n<p><strong>Napomena:<\/strong> Koristite prema uputama. Pa\u017eljivo pro\u010ditajte sva uputstva na etiketi. Savjetuje se sa stru\u010dnjacima.<\/p>\n","protected":false},"excerpt":{"rendered":"<p>\ud83c\udf1f Oslobodite snagu <strong>FORUM STAR<\/strong>-a: Va\u0161eg pouzdanog saveznika protiv gljivi\u010dnih bolesti! \ud83c\udf3f<\/p>\n<p>&nbsp;<\/p>\n<p>Poljoprivrednici i poljoprivredni stru\u010dnjaci! Jeste li spremni da pobolj\u0161ate svoju za\u0161titu usjeva? Predstavljamo <strong>FORUM STAR<\/strong> od <strong>BASF<\/strong>-a &#8211; vrhunski fungicid koji je vode\u0107i u polju zdravlja i produktivnosti biljaka!<\/p>\n<p>&nbsp;<\/p>\n<a href=\"https:\/\/www.behardoo.ba\/index.php\/product\/forum-star-1kg\/\" class=\"btn frontech-btn\"><span><\/span>Detalji<\/a>","protected":false},"featured_media":398,"template":"","meta":[],"product_brand":[],"product_cat":[201,352],"product_tag":[186,27,377,226,462,343,286,285,396,388,310,319,441,200,98,251,739,205,206,224,359,393,395,399,401,54,400,275,215,272,426,221,277,394,123,94],"class_list":{"0":"post-397","1":"product","2":"type-product","3":"status-publish","4":"has-post-thumbnail","6":"product_cat-fungicidi","7":"product_cat-zastita_bilja","8":"product_tag-agrar","9":"product_tag-agro","10":"product_tag-basf","11":"product_tag-behar","12":"product_tag-behardoo","13":"product_tag-bih","14":"product_tag-bosna","15":"product_tag-bosnia","16":"product_tag-chem","17":"product_tag-chemical","18":"product_tag-d-o-o","19":"product_tag-doo","20":"product_tag-dostava","21":"product_tag-farm","22":"product_tag-farma","23":"product_tag-farmer","24":"product_tag-forum","25":"product_tag-fungicid","26":"product_tag-fungicidi","27":"product_tag-hemija","28":"product_tag-hercegovina","29":"product_tag-kupi","30":"product_tag-maloprodaja","31":"product_tag-naruci","32":"product_tag-online","33":"product_tag-poljoprivreda","34":"product_tag-poruci","35":"product_tag-povrce","36":"product_tag-prskanje","37":"product_tag-sarajevo","38":"product_tag-shop","39":"product_tag-sistemicni","40":"product_tag-star","41":"product_tag-veleprodaja","42":"product_tag-voce","43":"product_tag-zastita","45":"first","46":"instock","47":"shipping-taxable","48":"product-type-external"},"jetpack_sharing_enabled":true,"_links":{"self":[{"href":"https:\/\/www.behardoo.ba\/index.php\/wp-json\/wp\/v2\/product\/397","targetHints":{"allow":["GET"]}}],"collection":[{"href":"https:\/\/www.behardoo.ba\/index.php\/wp-json\/wp\/v2\/product"}],"about":[{"href":"https:\/\/www.behardoo.ba\/index.php\/wp-json\/wp\/v2\/types\/product"}],"wp:featuredmedia":[{"embeddable":true,"href":"https:\/\/www.behardoo.ba\/index.php\/wp-json\/wp\/v2\/media\/398"}],"wp:attachment":[{"href":"https:\/\/www.behardoo.ba\/index.php\/wp-json\/wp\/v2\/media?parent=397"}],"wp:term":[{"taxonomy":"product_brand","embeddable":true,"href":"https:\/\/www.behardoo.ba\/index.php\/wp-json\/wp\/v2\/product_brand?post=397"},{"taxonomy":"product_cat","embeddable":true,"href":"https:\/\/www.behardoo.ba\/index.php\/wp-json\/wp\/v2\/product_cat?post=397"},{"taxonomy":"product_tag","embeddable":true,"href":"https:\/\/www.behardoo.ba\/index.php\/wp-json\/wp\/v2\/product_tag?post=397"}],"curies":[{"name":"wp","href":"https:\/\/api.w.org\/{rel}","templated":true}]}}